{"id":316,"date":"2022-02-09T15:53:57","date_gmt":"2022-02-09T13:53:57","guid":{"rendered":"https:\/\/marketplace.epassi.fi\/move4life\/?post_type=product&#038;p=316"},"modified":"2026-01-01T20:25:51","modified_gmt":"2026-01-01T18:25:51","slug":"salikortti","status":"publish","type":"product","link":"https:\/\/marketplace.epassi.fi\/move4life\/kauppa\/liikuntaedut\/kuntosali\/salikortti\/","title":{"rendered":"J\u00e4senyys klo 05-24"},"content":{"rendered":"<p>J\u00e4senyytesi on voimassa kuukauden ajan ja oikeuttaa treenaamaan joka p\u00e4iv\u00e4 klo 05-24 v\u00e4lisen\u00e4 aikana.<\/p>\n<p>Jos haluat j\u00e4senyytesi jatkuvaksi, l\u00e4het\u00e4 viesti esimerkiksi s\u00e4hk\u00f6postilla <a>hanna@move4life.fi<\/a> tai kotisivujen yhteydenottolomakkeen kautta <a href=\"https:\/\/www.move4life.fi\/ota-yhteytta\">https:\/\/www.move4life.fi\/ota-yhteytta<\/a>. Voit irtisanoa jatkuvan j\u00e4senyyden milloin tahansa ilman irtisanomisaikaa. Jatkuvasta j\u00e4senyydest\u00e4 saat laskun s\u00e4hk\u00f6postiisi, tai voit tehd\u00e4 e-laskutussopimuksen verkkopankissasi.<\/p>\n<p>Voit j\u00e4\u00e4dytt\u00e4\u00e4 j\u00e4senyytesi m\u00e4\u00e4r\u00e4ajaksi. J\u00e4senyytesi on henkil\u00f6kohtainen.<\/p>\n","protected":false},"excerpt":{"rendered":"<p>Treenaat kuntosalillamme vaikka joka p\u00e4iv\u00e4 klo 05-24. Katso tarkemmat tiedot j\u00e4senyydest\u00e4 alla.<\/p>\n","protected":false},"featured_media":308,"comment_status":"open","ping_status":"closed","template":"","meta":{"_acf_changed":false,"_kad_post_transparent":"default","_kad_post_title":"","_kad_post_layout":"default","_kad_post_sidebar_id":"","_kad_post_content_style":"default","_kad_post_vertical_padding":"default","_kad_post_feature":"","_kad_post_feature_position":"","_kad_post_header":false,"_kad_post_footer":false,"_kad_post_classname":""},"product_brand":[],"product_cat":[23,19],"product_tag":[],"class_list":{"0":"post-316","1":"product","2":"type-product","3":"status-publish","4":"has-post-thumbnail","6":"product_cat-kuntosali","7":"product_cat-liikuntaedut","9":"first","10":"instock","11":"virtual","12":"taxable","13":"purchasable","14":"product-type-simple","15":"entry","16":"content-bg","17":"loop-entry"},"acf":[],"_links":{"self":[{"href":"https:\/\/marketplace.epassi.fi\/move4life\/wp-json\/wp\/v2\/product\/316","targetHints":{"allow":["GET"]}}],"collection":[{"href":"https:\/\/marketplace.epassi.fi\/move4life\/wp-json\/wp\/v2\/product"}],"about":[{"href":"https:\/\/marketplace.epassi.fi\/move4life\/wp-json\/wp\/v2\/types\/product"}],"replies":[{"embeddable":true,"href":"https:\/\/marketplace.epassi.fi\/move4life\/wp-json\/wp\/v2\/comments?post=316"}],"wp:featuredmedia":[{"embeddable":true,"href":"https:\/\/marketplace.epassi.fi\/move4life\/wp-json\/wp\/v2\/media\/308"}],"wp:attachment":[{"href":"https:\/\/marketplace.epassi.fi\/move4life\/wp-json\/wp\/v2\/media?parent=316"}],"wp:term":[{"taxonomy":"product_brand","embeddable":true,"href":"https:\/\/marketplace.epassi.fi\/move4life\/wp-json\/wp\/v2\/product_brand?post=316"},{"taxonomy":"product_cat","embeddable":true,"href":"https:\/\/marketplace.epassi.fi\/move4life\/wp-json\/wp\/v2\/product_cat?post=316"},{"taxonomy":"product_tag","embeddable":true,"href":"https:\/\/marketplace.epassi.fi\/move4life\/wp-json\/wp\/v2\/product_tag?post=316"}],"curies":[{"name":"wp","href":"https:\/\/api.w.org\/{rel}","templated":true}]}}