{"id":320,"date":"2022-02-09T16:18:09","date_gmt":"2022-02-09T14:18:09","guid":{"rendered":"https:\/\/marketplace.epassi.fi\/move4life\/?post_type=product&#038;p=320"},"modified":"2026-01-01T20:20:19","modified_gmt":"2026-01-01T18:20:19","slug":"salistarttipaketti","status":"publish","type":"product","link":"https:\/\/marketplace.epassi.fi\/move4life\/kauppa\/liikuntaedut\/kuntosali\/salistarttipaketti\/","title":{"rendered":"Salistarttipaketti"},"content":{"rendered":"<p>T\u00e4m\u00e4 j\u00e4senyys oikeuttaa\u00a0<strong>Salistarttipakettiin<\/strong> (hinta 72,30 \u20ac)<strong>\u00a0<\/strong>kuntosalilla\u00a0<strong>Move4Life.<\/strong><\/p>\n<p>Salistarttipaketti sis\u00e4lt\u00e4\u00e4 1 kk salij\u00e4senyyden (klo 05-24), saliavaimen, henkil\u00f6kohtaisesti tavoitteittesi ja l\u00e4ht\u00f6tilanteesi mukaan suunnitellun kuntosaliohjelman sek\u00e4 sen harjoittelun personal trainerin ohjauksessa.<\/p>\n<p>J\u00e4senyys on henkil\u00f6kohtainen.<\/p>\n","protected":false},"excerpt":{"rendered":"<p>Salistarttipaketti sis\u00e4lt\u00e4\u00e4 1 kk salij\u00e4senyyden, saliavaimen, henkil\u00f6kohtaisesti tavoitteittesi ja l\u00e4ht\u00f6tilanteesi mukaan suunnitellun kuntosaliohjelman sek\u00e4 sen harjoittelun personal trainerin ohjauksessa.<\/p>\n","protected":false},"featured_media":323,"comment_status":"open","ping_status":"closed","template":"","meta":{"_acf_changed":false,"_kad_post_transparent":"default","_kad_post_title":"","_kad_post_layout":"default","_kad_post_sidebar_id":"","_kad_post_content_style":"default","_kad_post_vertical_padding":"default","_kad_post_feature":"","_kad_post_feature_position":"","_kad_post_header":false,"_kad_post_footer":false,"_kad_post_classname":""},"product_brand":[],"product_cat":[23,19],"product_tag":[],"class_list":{"0":"post-320","1":"product","2":"type-product","3":"status-publish","4":"has-post-thumbnail","6":"product_cat-kuntosali","7":"product_cat-liikuntaedut","9":"first","10":"instock","11":"taxable","12":"shipping-taxable","13":"purchasable","14":"product-type-simple","15":"entry","16":"content-bg","17":"loop-entry"},"acf":[],"_links":{"self":[{"href":"https:\/\/marketplace.epassi.fi\/move4life\/wp-json\/wp\/v2\/product\/320","targetHints":{"allow":["GET"]}}],"collection":[{"href":"https:\/\/marketplace.epassi.fi\/move4life\/wp-json\/wp\/v2\/product"}],"about":[{"href":"https:\/\/marketplace.epassi.fi\/move4life\/wp-json\/wp\/v2\/types\/product"}],"replies":[{"embeddable":true,"href":"https:\/\/marketplace.epassi.fi\/move4life\/wp-json\/wp\/v2\/comments?post=320"}],"wp:featuredmedia":[{"embeddable":true,"href":"https:\/\/marketplace.epassi.fi\/move4life\/wp-json\/wp\/v2\/media\/323"}],"wp:attachment":[{"href":"https:\/\/marketplace.epassi.fi\/move4life\/wp-json\/wp\/v2\/media?parent=320"}],"wp:term":[{"taxonomy":"product_brand","embeddable":true,"href":"https:\/\/marketplace.epassi.fi\/move4life\/wp-json\/wp\/v2\/product_brand?post=320"},{"taxonomy":"product_cat","embeddable":true,"href":"https:\/\/marketplace.epassi.fi\/move4life\/wp-json\/wp\/v2\/product_cat?post=320"},{"taxonomy":"product_tag","embeddable":true,"href":"https:\/\/marketplace.epassi.fi\/move4life\/wp-json\/wp\/v2\/product_tag?post=320"}],"curies":[{"name":"wp","href":"https:\/\/api.w.org\/{rel}","templated":true}]}}