{"id":326,"date":"2022-02-09T16:17:20","date_gmt":"2022-02-09T14:17:20","guid":{"rendered":"https:\/\/marketplace.epassi.fi\/move4life\/?post_type=product&#038;p=326"},"modified":"2026-01-01T20:23:54","modified_gmt":"2026-01-01T18:23:54","slug":"paivakortti-10-treenia-klo-5-15","status":"publish","type":"product","link":"https:\/\/marketplace.epassi.fi\/move4life\/kauppa\/liikuntaedut\/kuntosali\/paivakortti-10-treenia-klo-5-15\/","title":{"rendered":"P\u00e4iv\u00e4kortti 10 treeni\u00e4 (klo 5-15)"},"content":{"rendered":"<p>J\u00e4senyys oikeuttaa 10 salik\u00e4yntiin aikav\u00e4lill\u00e4 klo 05-15. Se on voimassa 12 kk ostop\u00e4iv\u00e4st\u00e4.<\/p>\n","protected":false},"excerpt":{"rendered":"<p>J\u00e4senyys oikeuttaa 10 salik\u00e4yntiin aikav\u00e4lill\u00e4 klo 05-15. Se on voimassa 6 kk ostop\u00e4iv\u00e4st\u00e4.<\/p>\n","protected":false},"featured_media":327,"comment_status":"open","ping_status":"closed","template":"","meta":{"_acf_changed":false,"_kad_post_transparent":"default","_kad_post_title":"","_kad_post_layout":"default","_kad_post_sidebar_id":"","_kad_post_content_style":"default","_kad_post_vertical_padding":"default","_kad_post_feature":"","_kad_post_feature_position":"","_kad_post_header":false,"_kad_post_footer":false,"_kad_post_classname":""},"product_brand":[],"product_cat":[23,19],"product_tag":[],"class_list":{"0":"post-326","1":"product","2":"type-product","3":"status-publish","4":"has-post-thumbnail","6":"product_cat-kuntosali","7":"product_cat-liikuntaedut","9":"first","10":"instock","11":"virtual","12":"taxable","13":"purchasable","14":"product-type-simple","15":"entry","16":"content-bg","17":"loop-entry"},"acf":[],"_links":{"self":[{"href":"https:\/\/marketplace.epassi.fi\/move4life\/wp-json\/wp\/v2\/product\/326","targetHints":{"allow":["GET"]}}],"collection":[{"href":"https:\/\/marketplace.epassi.fi\/move4life\/wp-json\/wp\/v2\/product"}],"about":[{"href":"https:\/\/marketplace.epassi.fi\/move4life\/wp-json\/wp\/v2\/types\/product"}],"replies":[{"embeddable":true,"href":"https:\/\/marketplace.epassi.fi\/move4life\/wp-json\/wp\/v2\/comments?post=326"}],"wp:featuredmedia":[{"embeddable":true,"href":"https:\/\/marketplace.epassi.fi\/move4life\/wp-json\/wp\/v2\/media\/327"}],"wp:attachment":[{"href":"https:\/\/marketplace.epassi.fi\/move4life\/wp-json\/wp\/v2\/media?parent=326"}],"wp:term":[{"taxonomy":"product_brand","embeddable":true,"href":"https:\/\/marketplace.epassi.fi\/move4life\/wp-json\/wp\/v2\/product_brand?post=326"},{"taxonomy":"product_cat","embeddable":true,"href":"https:\/\/marketplace.epassi.fi\/move4life\/wp-json\/wp\/v2\/product_cat?post=326"},{"taxonomy":"product_tag","embeddable":true,"href":"https:\/\/marketplace.epassi.fi\/move4life\/wp-json\/wp\/v2\/product_tag?post=326"}],"curies":[{"name":"wp","href":"https:\/\/api.w.org\/{rel}","templated":true}]}}