{"id":337,"date":"2022-06-13T18:23:16","date_gmt":"2022-06-13T15:23:16","guid":{"rendered":"https:\/\/marketplace.epassi.fi\/move4life\/?post_type=product&#038;p=337"},"modified":"2026-04-05T21:20:40","modified_gmt":"2026-04-05T18:20:40","slug":"kokeile-treenaamista-kesaisella-kuntosalilla","status":"publish","type":"product","link":"https:\/\/marketplace.epassi.fi\/move4life\/kauppa\/liikuntaedut\/kuntosali\/kokeile-treenaamista-kesaisella-kuntosalilla\/","title":{"rendered":"Kokeilukuukausi"},"content":{"rendered":"<p>Kokeile treenaamista kuukauden ajan hintaan <strong>20,90\u20ac<\/strong> kuntosalilla Move4Life (vain uusille asiakkaille). Saat treenata vaikka joka p\u00e4iv\u00e4 klo 05-24 v\u00e4lisen\u00e4 aikana. Halutessasi Personal Trainer neuvoo sinua laitteiden ja v\u00e4lineitten k\u00e4yt\u00f6ss\u00e4.<\/p>\n<p>Saat s\u00e4hk\u00f6postiisi\u00a0<strong>PIN-koodin<\/strong>, jolla p\u00e4\u00e4set kuntosalin ovesta sis\u00e4\u00e4n. Naputtele ovilukijaan koodisi sek\u00e4 lopuksi &#8221;#&#8221;-merkki. <strong>Koodi on voimassa kaksi viikkoa, varsinaisen saliavaimesi saat asiakaspalvelusta.<\/strong> Avain sis\u00e4ltyy hintaan.<\/p>\n<p><span style=\"font-family: var(--global-body-font-family)\">Kokeilukuukausi\u00a0<\/span><strong style=\"font-family: var(--global-body-font-family)\">ei sido<\/strong><span style=\"font-family: var(--global-body-font-family)\">\u00a0sinua jatkamaan j\u00e4senyytt\u00e4si. Jos haluat jatkaa, voit ostaa j\u00e4senyyden t\u00e4st\u00e4 verkkokaupasta, k\u00e4yd\u00e4 asiakaspalvelussamme, tai l\u00e4hett\u00e4\u00e4 viestin <\/span><a style=\"font-family: var(--global-body-font-family)\" href=\"mailto:hanna@move4life.fi\">hanna@move4life.fi.<\/a><span style=\"font-family: var(--global-body-font-family)\">\u00a0<\/span><\/p>\n<p>Tervetuloa treenaamaan!<\/p>\n","protected":false},"excerpt":{"rendered":"<p>Kokeiluj\u00e4senyys oikeuttaa treenaamaan joka p\u00e4iv\u00e4 klo 05-24. Saat s\u00e4hk\u00f6postiisi\u00a0PIN-koodin, jolla p\u00e4\u00e4set treenaamaan vaikka saman tien. Naputtele ovilukijaan koodisi sek\u00e4 lopuksi &#8221;#&#8221;-merkki.\u00a0Koodi on voimassa kaksi viikkoa, varsinaisen saliavaimesi saat asiakaspalvelusta. Avain sis\u00e4ltyy hintaan.<\/p>\n","protected":false},"featured_media":361,"comment_status":"open","ping_status":"closed","template":"","meta":{"_acf_changed":false,"_kad_post_transparent":"default","_kad_post_title":"","_kad_post_layout":"default","_kad_post_sidebar_id":"","_kad_post_content_style":"default","_kad_post_vertical_padding":"default","_kad_post_feature":"","_kad_post_feature_position":"","_kad_post_header":false,"_kad_post_footer":false,"_kad_post_classname":""},"product_brand":[],"product_cat":[23,19],"product_tag":[],"class_list":{"0":"post-337","1":"product","2":"type-product","3":"status-publish","4":"has-post-thumbnail","6":"product_cat-kuntosali","7":"product_cat-liikuntaedut","9":"first","10":"instock","11":"sale","12":"virtual","13":"taxable","14":"purchasable","15":"product-type-simple","16":"entry","17":"content-bg","18":"loop-entry"},"acf":[],"_links":{"self":[{"href":"https:\/\/marketplace.epassi.fi\/move4life\/wp-json\/wp\/v2\/product\/337","targetHints":{"allow":["GET"]}}],"collection":[{"href":"https:\/\/marketplace.epassi.fi\/move4life\/wp-json\/wp\/v2\/product"}],"about":[{"href":"https:\/\/marketplace.epassi.fi\/move4life\/wp-json\/wp\/v2\/types\/product"}],"replies":[{"embeddable":true,"href":"https:\/\/marketplace.epassi.fi\/move4life\/wp-json\/wp\/v2\/comments?post=337"}],"wp:featuredmedia":[{"embeddable":true,"href":"https:\/\/marketplace.epassi.fi\/move4life\/wp-json\/wp\/v2\/media\/361"}],"wp:attachment":[{"href":"https:\/\/marketplace.epassi.fi\/move4life\/wp-json\/wp\/v2\/media?parent=337"}],"wp:term":[{"taxonomy":"product_brand","embeddable":true,"href":"https:\/\/marketplace.epassi.fi\/move4life\/wp-json\/wp\/v2\/product_brand?post=337"},{"taxonomy":"product_cat","embeddable":true,"href":"https:\/\/marketplace.epassi.fi\/move4life\/wp-json\/wp\/v2\/product_cat?post=337"},{"taxonomy":"product_tag","embeddable":true,"href":"https:\/\/marketplace.epassi.fi\/move4life\/wp-json\/wp\/v2\/product_tag?post=337"}],"curies":[{"name":"wp","href":"https:\/\/api.w.org\/{rel}","templated":true}]}}