{"id":22,"date":"2021-09-13T17:45:59","date_gmt":"2021-09-13T17:45:59","guid":{"rendered":"https:\/\/marketplace.epassi.fi\/moverest\/?page_id=22"},"modified":"2021-10-12T10:57:35","modified_gmt":"2021-10-12T10:57:35","slug":"info","status":"publish","type":"page","link":"https:\/\/marketplace.epassi.fi\/moverest\/info\/","title":{"rendered":"Info"},"content":{"rendered":"\n\t<div class=\"entry-content single-content\">\n\n\t\t<div class=\"wp-block-columns\" style=\"gap:30px\">\n\t\t\t<div class=\"wp-block-column\">\n\t\t\t\t<h2>Moverest<\/h2>\n\t\t\t\t<p><p>Palveluihimme kuuluu muun muassa fysioterapia, hieronta, osteopatia ja personal training. Tervetuloa Tampereen keskustaan tai Kalevaan!<\/p>\n<\/p>\n\t\t\t\t<h3>Moverest Oy<\/h3>\n\t\t\t\t<p>Sammonkatu 76 Liiketila 4<br>\n\t\t\t\t\t33540 Tampere<\/p>\n\t\t\t\t<p><a href=\"tel:0451277093\">0451277093<\/a><\/p>\n\t\t\t\t<p><a href=\"mailto:info@moverest.fi\">info@moverest.fi<\/a><\/p>\n\n\t\t\t\t<h2>Toimipisteet<\/h2><div class=\"info-page-location-list\"><div class=\"info-page-location\"><h3>Moverest Kaleva<\/h3><p>Riev\u00e4katu 2, 33540 Tampere<\/p><p><a href=\"tel:0451277093\">0451277093<\/a><br><a href=\"mail:info@moverest.fi\">info@moverest.fi<\/a><p><a href=\"https:\/\/www.google.com\/maps\/search\/?api=1&query=Google&query_place_id=ChIJN4rFXWDfjkYRUnzHD9GmTP8\">Katso sijainti kartalla <span>&#8599;<\/span><\/a><\/p><\/p><p>Helpot kulkuyhteydet ja ilmaista pys\u00e4k\u00f6inti\u00e4 Prisman l\u00e4heisyydess\u00e4 sek\u00e4 Sammonkadulla.<\/p><\/div><div class=\"info-page-location\"><h3>Moverest Keskusta<\/h3><p>\u00c5kerlundinkatu 2, 33100 Tampere<\/p><p><a href=\"tel:0505516541\">0505516541<\/a><br><a href=\"mail:info@moverest.fi\">info@moverest.fi<\/a><p><a href=\"https:\/\/www.google.com\/maps\/search\/?api=1&query=Google&query_place_id=ChIJG2SMclTfjkYRAkv-9HyUbuc\">Katso sijainti kartalla <span>&#8599;<\/span><\/a><\/p><\/p><p>Helpot kulkuyhteydet julkisilla. Parkkitaloja l\u00e4hell\u00e4 ja l\u00e4himm\u00e4t ilmaiset pys\u00e4k\u00f6intipaikat Sampolan kirjastolla ja Kalevan liikuntapuiston l\u00e4heisyydess\u00e4.<\/p><\/div><\/div>\t\t\t<\/div>\n\n\t\t\t<div class=\"wp-block-column\">\n\t\t\t\t<figure class=\"wp-block-image size-large\"><img loading=\"lazy\" decoding=\"async\" width=\"700\" height=\"179\" src=\"https:\/\/marketplace.epassi.fi\/moverest\/wp-content\/uploads\/sites\/382\/2023\/11\/Moverest_vihreax700.jpg\" class=\"attachment-medium_large size-medium_large\" alt=\"\" \/><\/figure>\n\t\t\t<\/div>\n\t\t<\/div>\n\t<\/div>\n\t\n","protected":false},"excerpt":{"rendered":"","protected":false},"author":2,"featured_media":0,"parent":0,"menu_order":0,"comment_status":"closed","ping_status":"closed","template":"","meta":{"_acf_changed":false,"_kad_post_transparent":"","_kad_post_title":"","_kad_post_layout":"","_kad_post_sidebar_id":"","_kad_post_content_style":"","_kad_post_vertical_padding":"","_kad_post_feature":"","_kad_post_feature_position":"","_kad_post_header":false,"_kad_post_footer":false,"_kad_post_classname":"","footnotes":""},"class_list":["post-22","page","type-page","status-publish","hentry"],"acf":[],"_links":{"self":[{"href":"https:\/\/marketplace.epassi.fi\/moverest\/wp-json\/wp\/v2\/pages\/22","targetHints":{"allow":["GET"]}}],"collection":[{"href":"https:\/\/marketplace.epassi.fi\/moverest\/wp-json\/wp\/v2\/pages"}],"about":[{"href":"https:\/\/marketplace.epassi.fi\/moverest\/wp-json\/wp\/v2\/types\/page"}],"author":[{"embeddable":true,"href":"https:\/\/marketplace.epassi.fi\/moverest\/wp-json\/wp\/v2\/users\/2"}],"replies":[{"embeddable":true,"href":"https:\/\/marketplace.epassi.fi\/moverest\/wp-json\/wp\/v2\/comments?post=22"}],"version-history":[{"count":10,"href":"https:\/\/marketplace.epassi.fi\/moverest\/wp-json\/wp\/v2\/pages\/22\/revisions"}],"predecessor-version":[{"id":264,"href":"https:\/\/marketplace.epassi.fi\/moverest\/wp-json\/wp\/v2\/pages\/22\/revisions\/264"}],"wp:attachment":[{"href":"https:\/\/marketplace.epassi.fi\/moverest\/wp-json\/wp\/v2\/media?parent=22"}],"curies":[{"name":"wp","href":"https:\/\/api.w.org\/{rel}","templated":true}]}}