{"id":331,"date":"2023-11-02T09:15:22","date_gmt":"2023-11-02T07:15:22","guid":{"rendered":"https:\/\/marketplace.epassi.fi\/moverest\/?post_type=product&#038;p=331"},"modified":"2024-11-05T12:59:20","modified_gmt":"2024-11-05T10:59:20","slug":"saldokortti-liikunta","status":"publish","type":"product","link":"https:\/\/marketplace.epassi.fi\/moverest\/kauppa\/liikuntaedut\/saldokortti-liikunta\/","title":{"rendered":"Saldokortti &#8211; Liikunta"},"content":{"rendered":"<p><strong>Saldokortin k\u00e4ytt\u00f6 ja voimassaolo<\/strong><\/p>\n<p>Henkil\u00f6st\u00f6edulla ostettu kortti on aina henkil\u00f6kohtainen. Kortti on voimassa 12kk kortin ostop\u00e4iv\u00e4st\u00e4. Voit varata Moverestille normaalisti ajan. Ostamasi kortin tilausnumero toimii kortin tunnisteena kassalla.<\/p>\n","protected":false},"excerpt":{"rendered":"<p>Saldokortti &#8211; Liikunta on kortti, jolla on maksamasi m\u00e4\u00e4r\u00e4 arvoa. Sill\u00e4 voi maksaa mit\u00e4 tahansa Moverestin liikuntapalveluita (esimerkiksi personal trainingia ja ryhm\u00e4valmennuksia) kulloinkin voimassaolevan hinnaston mukaisesti. Kortti on voimassa 12kk toimitusp\u00e4iv\u00e4st\u00e4.<\/p>\n","protected":false},"featured_media":365,"comment_status":"open","ping_status":"closed","template":"","meta":{"_acf_changed":false,"_kad_post_transparent":"default","_kad_post_title":"","_kad_post_layout":"default","_kad_post_sidebar_id":"","_kad_post_content_style":"default","_kad_post_vertical_padding":"default","_kad_post_feature":"","_kad_post_feature_position":"","_kad_post_header":false,"_kad_post_footer":false,"_kad_post_classname":""},"product_brand":[],"product_cat":[19],"product_tag":[],"class_list":{"0":"post-331","1":"product","2":"type-product","3":"status-publish","4":"has-post-thumbnail","6":"product_cat-liikuntaedut","8":"first","9":"instock","10":"taxable","11":"shipping-taxable","12":"purchasable","13":"product-type-variable","14":"entry","15":"content-bg","16":"loop-entry"},"acf":[],"_links":{"self":[{"href":"https:\/\/marketplace.epassi.fi\/moverest\/wp-json\/wp\/v2\/product\/331","targetHints":{"allow":["GET"]}}],"collection":[{"href":"https:\/\/marketplace.epassi.fi\/moverest\/wp-json\/wp\/v2\/product"}],"about":[{"href":"https:\/\/marketplace.epassi.fi\/moverest\/wp-json\/wp\/v2\/types\/product"}],"replies":[{"embeddable":true,"href":"https:\/\/marketplace.epassi.fi\/moverest\/wp-json\/wp\/v2\/comments?post=331"}],"wp:featuredmedia":[{"embeddable":true,"href":"https:\/\/marketplace.epassi.fi\/moverest\/wp-json\/wp\/v2\/media\/365"}],"wp:attachment":[{"href":"https:\/\/marketplace.epassi.fi\/moverest\/wp-json\/wp\/v2\/media?parent=331"}],"wp:term":[{"taxonomy":"product_brand","embeddable":true,"href":"https:\/\/marketplace.epassi.fi\/moverest\/wp-json\/wp\/v2\/product_brand?post=331"},{"taxonomy":"product_cat","embeddable":true,"href":"https:\/\/marketplace.epassi.fi\/moverest\/wp-json\/wp\/v2\/product_cat?post=331"},{"taxonomy":"product_tag","embeddable":true,"href":"https:\/\/marketplace.epassi.fi\/moverest\/wp-json\/wp\/v2\/product_tag?post=331"}],"curies":[{"name":"wp","href":"https:\/\/api.w.org\/{rel}","templated":true}]}}