{"id":333,"date":"2023-11-03T10:45:16","date_gmt":"2023-11-03T08:45:16","guid":{"rendered":"https:\/\/marketplace.epassi.fi\/moverest\/?post_type=product&#038;p=333"},"modified":"2025-10-30T16:30:45","modified_gmt":"2025-10-30T14:30:45","slug":"hieronta-urheiluhieronta","status":"publish","type":"product","link":"https:\/\/marketplace.epassi.fi\/moverest\/kauppa\/hyvinvointi\/hieronta\/hieronta-urheiluhieronta\/","title":{"rendered":"Hieronta \/ Urheiluhieronta"},"content":{"rendered":"<p><strong>Kortin k\u00e4ytt\u00f6 ja voimassaolo<\/strong><\/p>\n<p>Henkil\u00f6st\u00f6edulla ostettu kortti on aina henkil\u00f6kohtainen. Kortti on voimassa 12kk kortin ostop\u00e4iv\u00e4st\u00e4. Voit varata Moverestille normaalisti ajan. Ostamasi kortin tilausnumero toimii kortin tunnisteena kassalla.<\/p>\n","protected":false},"excerpt":{"rendered":"<p>Hieronta sopii kaikille. Valitsemme hierontaotteet asiakkaan mukaan, joten mielt\u00e4 saa rentouttavaa hierontaa ja muokkaavampaa urheiluhierontaa lihaskireyksien v\u00e4hent\u00e4miseksi.<\/p>\n","protected":false},"featured_media":578,"comment_status":"open","ping_status":"closed","template":"","meta":{"_acf_changed":false,"_kad_post_transparent":"default","_kad_post_title":"","_kad_post_layout":"default","_kad_post_sidebar_id":"","_kad_post_content_style":"default","_kad_post_vertical_padding":"default","_kad_post_feature":"","_kad_post_feature_position":"","_kad_post_header":false,"_kad_post_footer":false,"_kad_post_classname":""},"product_brand":[],"product_cat":[31,21],"product_tag":[],"class_list":{"0":"post-333","1":"product","2":"type-product","3":"status-publish","4":"has-post-thumbnail","6":"product_cat-hieronta","7":"product_cat-hyvinvointi","9":"first","10":"instock","11":"taxable","12":"shipping-taxable","13":"purchasable","14":"product-type-variable","15":"entry","16":"content-bg","17":"loop-entry"},"acf":[],"_links":{"self":[{"href":"https:\/\/marketplace.epassi.fi\/moverest\/wp-json\/wp\/v2\/product\/333","targetHints":{"allow":["GET"]}}],"collection":[{"href":"https:\/\/marketplace.epassi.fi\/moverest\/wp-json\/wp\/v2\/product"}],"about":[{"href":"https:\/\/marketplace.epassi.fi\/moverest\/wp-json\/wp\/v2\/types\/product"}],"replies":[{"embeddable":true,"href":"https:\/\/marketplace.epassi.fi\/moverest\/wp-json\/wp\/v2\/comments?post=333"}],"wp:featuredmedia":[{"embeddable":true,"href":"https:\/\/marketplace.epassi.fi\/moverest\/wp-json\/wp\/v2\/media\/578"}],"wp:attachment":[{"href":"https:\/\/marketplace.epassi.fi\/moverest\/wp-json\/wp\/v2\/media?parent=333"}],"wp:term":[{"taxonomy":"product_brand","embeddable":true,"href":"https:\/\/marketplace.epassi.fi\/moverest\/wp-json\/wp\/v2\/product_brand?post=333"},{"taxonomy":"product_cat","embeddable":true,"href":"https:\/\/marketplace.epassi.fi\/moverest\/wp-json\/wp\/v2\/product_cat?post=333"},{"taxonomy":"product_tag","embeddable":true,"href":"https:\/\/marketplace.epassi.fi\/moverest\/wp-json\/wp\/v2\/product_tag?post=333"}],"curies":[{"name":"wp","href":"https:\/\/api.w.org\/{rel}","templated":true}]}}