{"id":474,"date":"2023-11-03T11:40:41","date_gmt":"2023-11-03T09:40:41","guid":{"rendered":"https:\/\/marketplace.epassi.fi\/moverest\/?post_type=product&#038;p=474"},"modified":"2026-01-01T12:26:50","modified_gmt":"2026-01-01T10:26:50","slug":"fysioterapia","status":"publish","type":"product","link":"https:\/\/marketplace.epassi.fi\/moverest\/kauppa\/hyvinvointi\/fysioterapia\/fysioterapia\/","title":{"rendered":"Fysioterapia"},"content":{"rendered":"<p><strong>Kortin k\u00e4ytt\u00f6 ja voimassaolo<\/strong><\/p>\n<p>Henkil\u00f6st\u00f6edulla ostettu kortti on aina henkil\u00f6kohtainen. Kortti on voimassa 12kk kortin ostop\u00e4iv\u00e4st\u00e4. Voit varata Moverestille normaalisti ajan. Ostamasi kortin tilausnumero toimii kortin tunnisteena kassalla.<\/p>\n","protected":false},"excerpt":{"rendered":"<p>Fysioterapiaan voi tulla ilman l\u00e4hetett\u00e4, ihan kuin hierontaankin. Hieronnasta saa usein v\u00e4lit\u00f6nt\u00e4 helpotusta erilaisiin kehon kiputiloihin. Fysioterapiassa puolestaan perehdyt\u00e4\u00e4n siihen, mist\u00e4 n\u00e4m\u00e4 vaivat johtuvat ja pyrit\u00e4\u00e4n l\u00f6yt\u00e4m\u00e4\u00e4n syy n\u00e4ille vaivoille. Syyn l\u00f6ydytty\u00e4 tehd\u00e4\u00e4n tarvittavaa hoitoa sek\u00e4 ohjataan sinulle harjoitteita, joilla kroppa saadaan toimimaan taas normaalisti ilman vaivoja.<\/p>\n","protected":false},"featured_media":582,"comment_status":"open","ping_status":"closed","template":"","meta":{"_acf_changed":false,"_kad_post_transparent":"default","_kad_post_title":"","_kad_post_layout":"default","_kad_post_sidebar_id":"","_kad_post_content_style":"default","_kad_post_vertical_padding":"default","_kad_post_feature":"","_kad_post_feature_position":"","_kad_post_header":false,"_kad_post_footer":false,"_kad_post_classname":""},"product_brand":[],"product_cat":[32,21],"product_tag":[],"class_list":{"0":"post-474","1":"product","2":"type-product","3":"status-publish","4":"has-post-thumbnail","6":"product_cat-fysioterapia","7":"product_cat-hyvinvointi","9":"first","10":"instock","11":"taxable","12":"shipping-taxable","13":"purchasable","14":"product-type-variable","15":"entry","16":"content-bg","17":"loop-entry"},"acf":[],"_links":{"self":[{"href":"https:\/\/marketplace.epassi.fi\/moverest\/wp-json\/wp\/v2\/product\/474","targetHints":{"allow":["GET"]}}],"collection":[{"href":"https:\/\/marketplace.epassi.fi\/moverest\/wp-json\/wp\/v2\/product"}],"about":[{"href":"https:\/\/marketplace.epassi.fi\/moverest\/wp-json\/wp\/v2\/types\/product"}],"replies":[{"embeddable":true,"href":"https:\/\/marketplace.epassi.fi\/moverest\/wp-json\/wp\/v2\/comments?post=474"}],"wp:featuredmedia":[{"embeddable":true,"href":"https:\/\/marketplace.epassi.fi\/moverest\/wp-json\/wp\/v2\/media\/582"}],"wp:attachment":[{"href":"https:\/\/marketplace.epassi.fi\/moverest\/wp-json\/wp\/v2\/media?parent=474"}],"wp:term":[{"taxonomy":"product_brand","embeddable":true,"href":"https:\/\/marketplace.epassi.fi\/moverest\/wp-json\/wp\/v2\/product_brand?post=474"},{"taxonomy":"product_cat","embeddable":true,"href":"https:\/\/marketplace.epassi.fi\/moverest\/wp-json\/wp\/v2\/product_cat?post=474"},{"taxonomy":"product_tag","embeddable":true,"href":"https:\/\/marketplace.epassi.fi\/moverest\/wp-json\/wp\/v2\/product_tag?post=474"}],"curies":[{"name":"wp","href":"https:\/\/api.w.org\/{rel}","templated":true}]}}