{"id":534,"date":"2023-11-03T11:55:30","date_gmt":"2023-11-03T09:55:30","guid":{"rendered":"https:\/\/marketplace.epassi.fi\/moverest\/?post_type=product&#038;p=534"},"modified":"2026-01-01T12:29:54","modified_gmt":"2026-01-01T10:29:54","slug":"personal-training","status":"publish","type":"product","link":"https:\/\/marketplace.epassi.fi\/moverest\/kauppa\/liikuntaedut\/liikunta-muut\/personal-training\/","title":{"rendered":"Personal training"},"content":{"rendered":"<p><strong>Kortin k\u00e4ytt\u00f6 ja voimassaolo<\/strong><\/p>\n<p>Henkil\u00f6st\u00f6edulla ostettu kortti on aina henkil\u00f6kohtainen. Kortti on voimassa 12kk kortin ostop\u00e4iv\u00e4st\u00e4. Voit varata Moverestille normaalisti ajan. Ostamasi kortin tilausnumero toimii kortin tunnisteena kassalla.<\/p>\n","protected":false},"excerpt":{"rendered":"<p>Laadukasta fysioterapeutin toteuttamaa valmennusta arkiliikkujalle tai tavoitteelliselle treenaajalle, jossa yksil\u00f6n tausta ja ominaisuudet otetaan aidosti huomioon. Ohjelma suunnitellaan niin, ett\u00e4 se on mielek\u00e4st\u00e4, vastaa t\u00e4sm\u00e4llisesti tavoitteisiin ja tukee treenaajan kokonaisvaltaista hyvinvointia.<\/p>\n","protected":false},"featured_media":583,"comment_status":"open","ping_status":"closed","template":"","meta":{"_acf_changed":false,"_kad_post_transparent":"default","_kad_post_title":"","_kad_post_layout":"default","_kad_post_sidebar_id":"","_kad_post_content_style":"default","_kad_post_vertical_padding":"default","_kad_post_feature":"","_kad_post_feature_position":"","_kad_post_header":false,"_kad_post_footer":false,"_kad_post_classname":""},"product_brand":[],"product_cat":[29,19],"product_tag":[],"class_list":{"0":"post-534","1":"product","2":"type-product","3":"status-publish","4":"has-post-thumbnail","6":"product_cat-liikunta-muut","7":"product_cat-liikuntaedut","9":"first","10":"instock","11":"taxable","12":"shipping-taxable","13":"purchasable","14":"product-type-variable","15":"entry","16":"content-bg","17":"loop-entry"},"acf":[],"_links":{"self":[{"href":"https:\/\/marketplace.epassi.fi\/moverest\/wp-json\/wp\/v2\/product\/534","targetHints":{"allow":["GET"]}}],"collection":[{"href":"https:\/\/marketplace.epassi.fi\/moverest\/wp-json\/wp\/v2\/product"}],"about":[{"href":"https:\/\/marketplace.epassi.fi\/moverest\/wp-json\/wp\/v2\/types\/product"}],"replies":[{"embeddable":true,"href":"https:\/\/marketplace.epassi.fi\/moverest\/wp-json\/wp\/v2\/comments?post=534"}],"wp:featuredmedia":[{"embeddable":true,"href":"https:\/\/marketplace.epassi.fi\/moverest\/wp-json\/wp\/v2\/media\/583"}],"wp:attachment":[{"href":"https:\/\/marketplace.epassi.fi\/moverest\/wp-json\/wp\/v2\/media?parent=534"}],"wp:term":[{"taxonomy":"product_brand","embeddable":true,"href":"https:\/\/marketplace.epassi.fi\/moverest\/wp-json\/wp\/v2\/product_brand?post=534"},{"taxonomy":"product_cat","embeddable":true,"href":"https:\/\/marketplace.epassi.fi\/moverest\/wp-json\/wp\/v2\/product_cat?post=534"},{"taxonomy":"product_tag","embeddable":true,"href":"https:\/\/marketplace.epassi.fi\/moverest\/wp-json\/wp\/v2\/product_tag?post=534"}],"curies":[{"name":"wp","href":"https:\/\/api.w.org\/{rel}","templated":true}]}}