{"id":357,"date":"2021-12-09T13:36:00","date_gmt":"2021-12-09T11:36:00","guid":{"rendered":"https:\/\/marketplace.epassi.fi\/museot\/?post_type=product&#038;p=357"},"modified":"2025-12-10T09:43:11","modified_gmt":"2025-12-10T07:43:11","slug":"museokortin-jatkoaika-72-e-vanhentunut-kortti","status":"publish","type":"product","link":"https:\/\/marketplace.epassi.fi\/museot\/kauppa\/yleinen\/museokortin-jatkoaika-72-e-vanhentunut-kortti\/","title":{"rendered":"Museokortin 12 kk jatkokausi 86 \u20ac (vanhentunut kortti)"},"content":{"rendered":"<p>Vuoden mittainen p\u00e4\u00e4sylippu 360 museoon ymp\u00e4ri Suomen.<\/p>\n","protected":false},"excerpt":{"rendered":"<p>L\u00e4hde vuoden mittaiselle kulttuurimatkalle ja koe puhutuimmat n\u00e4yttelyt, suosikkin\u00e4ht\u00e4vyydet ja paikalliset kohteet. Museokortilla saat rajattoman p\u00e4\u00e4syn 360 museoon. Poikkea museossa milloin vain!<\/p>\n<p>Voit jatkaa Museokorttisi voimassaoloa milloin tahansa. Jos korttisi on jo vanhentunut, 12kk voimassaolo alkaa ostohetkest\u00e4. Jo vanhentuneen kortin jatkokausi maksaa <strong>86\u20ac.\u00a0<\/strong><\/p>\n<p>Siirry verkkokauppaan ja jatka Museokorttisi voimassaoloa.<\/p>\n","protected":false},"featured_media":411,"comment_status":"open","ping_status":"closed","template":"","meta":{"_acf_changed":false,"_kad_post_transparent":"default","_kad_post_title":"","_kad_post_layout":"default","_kad_post_sidebar_id":"","_kad_post_content_style":"default","_kad_post_vertical_padding":"default","_kad_post_feature":"","_kad_post_feature_position":"","_kad_post_header":false,"_kad_post_footer":false,"_kad_post_classname":""},"product_brand":[],"product_cat":[15],"product_tag":[],"class_list":{"0":"post-357","1":"product","2":"type-product","3":"status-publish","4":"has-post-thumbnail","6":"product_cat-yleinen","8":"first","9":"instock","10":"taxable","11":"shipping-taxable","12":"product-type-external","13":"entry","14":"content-bg","15":"loop-entry"},"acf":[],"_links":{"self":[{"href":"https:\/\/marketplace.epassi.fi\/museot\/wp-json\/wp\/v2\/product\/357","targetHints":{"allow":["GET"]}}],"collection":[{"href":"https:\/\/marketplace.epassi.fi\/museot\/wp-json\/wp\/v2\/product"}],"about":[{"href":"https:\/\/marketplace.epassi.fi\/museot\/wp-json\/wp\/v2\/types\/product"}],"replies":[{"embeddable":true,"href":"https:\/\/marketplace.epassi.fi\/museot\/wp-json\/wp\/v2\/comments?post=357"}],"wp:featuredmedia":[{"embeddable":true,"href":"https:\/\/marketplace.epassi.fi\/museot\/wp-json\/wp\/v2\/media\/411"}],"wp:attachment":[{"href":"https:\/\/marketplace.epassi.fi\/museot\/wp-json\/wp\/v2\/media?parent=357"}],"wp:term":[{"taxonomy":"product_brand","embeddable":true,"href":"https:\/\/marketplace.epassi.fi\/museot\/wp-json\/wp\/v2\/product_brand?post=357"},{"taxonomy":"product_cat","embeddable":true,"href":"https:\/\/marketplace.epassi.fi\/museot\/wp-json\/wp\/v2\/product_cat?post=357"},{"taxonomy":"product_tag","embeddable":true,"href":"https:\/\/marketplace.epassi.fi\/museot\/wp-json\/wp\/v2\/product_tag?post=357"}],"curies":[{"name":"wp","href":"https:\/\/api.w.org\/{rel}","templated":true}]}}