{"id":358,"date":"2021-12-09T13:36:09","date_gmt":"2021-12-09T11:36:09","guid":{"rendered":"https:\/\/marketplace.epassi.fi\/museot\/?post_type=product&#038;p=358"},"modified":"2025-12-10T09:42:56","modified_gmt":"2025-12-10T07:42:56","slug":"museokortin-jatkoaika-69-e-voimassaoleva-kortti","status":"publish","type":"product","link":"https:\/\/marketplace.epassi.fi\/museot\/kauppa\/kulttuuriedut\/museokortin-jatkoaika-69-e-voimassaoleva-kortti\/","title":{"rendered":"Museokortin 12 kk jatkokausi 79 \u20ac (voimassa oleva kortti)"},"content":{"rendered":"<p>Vuoden mittainen p\u00e4\u00e4sylippu yli 360 museoon ymp\u00e4ri Suomen.<\/p>\n","protected":false},"excerpt":{"rendered":"<p>L\u00e4hde vuoden mittaiselle kulttuurimatkalle ja koe puhutuimmat n\u00e4yttelyt, suosikkin\u00e4ht\u00e4vyydet ja paikalliset kohteet. Museokortilla saat rajattoman p\u00e4\u00e4syn 360 museoon. Poikkea museossa milloin vain!<\/p>\n<p>Voit jatkaa Museokorttisi voimassaoloa milloin tahansa. Kun ostat jatkokauden, korttisi viimeinen voimassaolop\u00e4iv\u00e4 siirtyy 12kk eteenp\u00e4in. Uusiminen voimassaoloaikana <strong>etuhintaan vain<\/strong> <strong>79\u20ac (norm. 86 \u20ac).<\/strong><\/p>\n<p>Siirry verkkokauppaan ja jatka Museokorttisi voimassaoloa.<\/p>\n","protected":false},"featured_media":411,"comment_status":"open","ping_status":"closed","template":"","meta":{"_acf_changed":false,"_kad_post_transparent":"default","_kad_post_title":"","_kad_post_layout":"default","_kad_post_sidebar_id":"","_kad_post_content_style":"default","_kad_post_vertical_padding":"default","_kad_post_feature":"","_kad_post_feature_position":"","_kad_post_header":false,"_kad_post_footer":false,"_kad_post_classname":""},"product_brand":[],"product_cat":[20,15],"product_tag":[],"class_list":{"0":"post-358","1":"product","2":"type-product","3":"status-publish","4":"has-post-thumbnail","6":"product_cat-kulttuuriedut","7":"product_cat-yleinen","9":"first","10":"instock","11":"taxable","12":"shipping-taxable","13":"product-type-external","14":"entry","15":"content-bg","16":"loop-entry"},"acf":[],"_links":{"self":[{"href":"https:\/\/marketplace.epassi.fi\/museot\/wp-json\/wp\/v2\/product\/358","targetHints":{"allow":["GET"]}}],"collection":[{"href":"https:\/\/marketplace.epassi.fi\/museot\/wp-json\/wp\/v2\/product"}],"about":[{"href":"https:\/\/marketplace.epassi.fi\/museot\/wp-json\/wp\/v2\/types\/product"}],"replies":[{"embeddable":true,"href":"https:\/\/marketplace.epassi.fi\/museot\/wp-json\/wp\/v2\/comments?post=358"}],"wp:featuredmedia":[{"embeddable":true,"href":"https:\/\/marketplace.epassi.fi\/museot\/wp-json\/wp\/v2\/media\/411"}],"wp:attachment":[{"href":"https:\/\/marketplace.epassi.fi\/museot\/wp-json\/wp\/v2\/media?parent=358"}],"wp:term":[{"taxonomy":"product_brand","embeddable":true,"href":"https:\/\/marketplace.epassi.fi\/museot\/wp-json\/wp\/v2\/product_brand?post=358"},{"taxonomy":"product_cat","embeddable":true,"href":"https:\/\/marketplace.epassi.fi\/museot\/wp-json\/wp\/v2\/product_cat?post=358"},{"taxonomy":"product_tag","embeddable":true,"href":"https:\/\/marketplace.epassi.fi\/museot\/wp-json\/wp\/v2\/product_tag?post=358"}],"curies":[{"name":"wp","href":"https:\/\/api.w.org\/{rel}","templated":true}]}}