{"id":67,"date":"2021-09-13T18:36:17","date_gmt":"2021-09-13T18:36:17","guid":{"rendered":"https:\/\/marketplace.epassi.fi\/mygym\/?post_type=product&#038;p=67"},"modified":"2024-02-23T08:13:14","modified_gmt":"2024-02-23T08:13:14","slug":"kuntoremontti","status":"publish","type":"product","link":"https:\/\/marketplace.epassi.fi\/mygym\/kauppa\/liikuntaedut\/kuntosali\/kuntoremontti\/","title":{"rendered":"Kuntoremontti"},"content":{"rendered":"<p>Harjoittelemme huolella liikkeiden tekniikat kuntoon ja saat itsevarmuutta, sek\u00e4 motivaatiota treenaamiseen. Olosi kohenee kunnon mukana, kivut ja jumit helpottuvat ja saat lis\u00e4\u00e4 energiaa arkeen. Osallistujat saavat henkil\u00f6kohtaiset harjoitussuunnitelmat (x2) omatoimisen treenin tueksi.<\/p>\n<p>HUOM! Kurssin voit maksaa useammassa er\u00e4ss\u00e4, k\u00e4ytt\u00e4m\u00e4ll\u00e4 OP Lasku-palvelua!<\/p>\n<p>Kesto: 31.8.-14.12.2021, yhteens\u00e4 16 viikkoa (4kk)<\/p>\n<p>Tunnit keskiviikkoisin 12:30-13:30<\/p>\n<p>Hinta: 636\u20ac \/ 16 viikkoa.<\/p>\n<p>Kurssin valmentajina toimivat Eeva ja Marianne.<\/p>\n<p>Lis\u00e4tiedot: eeva@aurinkopihaspa.fi tai marianne@aurinkopihaspa.fi<\/p>\n","protected":false},"excerpt":{"rendered":"<p>Onko kunto p\u00e4\u00e4ssyt laskemaan ja kaipaat nyt boostia arkeen ja treeneihin? Kuntoremontti-ryhm\u00e4ss\u00e4 kohotetaan kuntoa pienryhm\u00e4ss\u00e4 valmentajien johdolla (max. 6 osallistujaa).<\/p>\n","protected":false},"featured_media":68,"comment_status":"open","ping_status":"closed","template":"","meta":{"_acf_changed":false,"_kad_post_transparent":"default","_kad_post_title":"","_kad_post_layout":"default","_kad_post_sidebar_id":"","_kad_post_content_style":"default","_kad_post_vertical_padding":"default","_kad_post_feature":"","_kad_post_feature_position":"","_kad_post_header":false,"_kad_post_footer":false,"_kad_post_classname":""},"product_brand":[],"product_cat":[23,19],"product_tag":[],"class_list":{"0":"post-67","1":"product","2":"type-product","3":"status-publish","4":"has-post-thumbnail","6":"product_cat-kuntosali","7":"product_cat-liikuntaedut","9":"first","10":"instock","11":"virtual","12":"taxable","13":"purchasable","14":"product-type-simple","15":"entry","16":"content-bg","17":"loop-entry"},"acf":[],"_links":{"self":[{"href":"https:\/\/marketplace.epassi.fi\/mygym\/wp-json\/wp\/v2\/product\/67","targetHints":{"allow":["GET"]}}],"collection":[{"href":"https:\/\/marketplace.epassi.fi\/mygym\/wp-json\/wp\/v2\/product"}],"about":[{"href":"https:\/\/marketplace.epassi.fi\/mygym\/wp-json\/wp\/v2\/types\/product"}],"replies":[{"embeddable":true,"href":"https:\/\/marketplace.epassi.fi\/mygym\/wp-json\/wp\/v2\/comments?post=67"}],"wp:featuredmedia":[{"embeddable":true,"href":"https:\/\/marketplace.epassi.fi\/mygym\/wp-json\/wp\/v2\/media\/68"}],"wp:attachment":[{"href":"https:\/\/marketplace.epassi.fi\/mygym\/wp-json\/wp\/v2\/media?parent=67"}],"wp:term":[{"taxonomy":"product_brand","embeddable":true,"href":"https:\/\/marketplace.epassi.fi\/mygym\/wp-json\/wp\/v2\/product_brand?post=67"},{"taxonomy":"product_cat","embeddable":true,"href":"https:\/\/marketplace.epassi.fi\/mygym\/wp-json\/wp\/v2\/product_cat?post=67"},{"taxonomy":"product_tag","embeddable":true,"href":"https:\/\/marketplace.epassi.fi\/mygym\/wp-json\/wp\/v2\/product_tag?post=67"}],"curies":[{"name":"wp","href":"https:\/\/api.w.org\/{rel}","templated":true}]}}