{"id":22,"date":"2021-09-13T17:45:59","date_gmt":"2021-09-13T17:45:59","guid":{"rendered":"https:\/\/marketplace.epassi.fi\/naantalin-nosto\/?page_id=22"},"modified":"2021-10-12T10:57:35","modified_gmt":"2021-10-12T10:57:35","slug":"info","status":"publish","type":"page","link":"https:\/\/marketplace.epassi.fi\/naantalin-nosto\/info\/","title":{"rendered":"Info"},"content":{"rendered":"\n\t<div class=\"entry-content single-content\">\n\n\t\t<div class=\"wp-block-columns\" style=\"gap:30px\">\n\t\t\t<div class=\"wp-block-column\">\n\t\t\t\t<h2>Miksi Ruokatauko?<\/h2>\n\t\t\t\t<p><p>Olemme henkil\u00f6ille, jotka haluavat el\u00e4\u00e4 onnellisemmin, terveellisemmin ja olla paremmassa kunnossa, mutta he eiv\u00e4t tied\u00e4 miten se tehd\u00e4\u00e4n tai he eiv\u00e4t halua tehd\u00e4 sit\u00e4 yksin. Kokenut valmennuksemme on sitoutunut kouluttamaan, motivoimaan ja inspiroimaan sinua saavuttamaan parhaan version sinusta.<\/p>\n<p>Etsimme jatkuvasti tapoja ja keinoja parantamaan asiakkaidemme hyvinvointia. Periksiantamaton on paras sana kuvaamaan meid\u00e4n toimintaa.<\/p>\n<p>\u2705 Kuntovalmennus<\/p>\n<p>\u2705 Voimavalmennus<\/p>\n<p>\u2705 Ravintovalmennus<\/p>\n<p>LUOTA MATKAAN! Me kasvatamme asiakkaidemme itseluottamusta ja tarjoamme ty\u00f6kalut sek\u00e4 valmennuksen, joiden avulla he voivat tehd\u00e4 isoja tekoja saavuttaakseen tavoitteensa.<\/p>\n<p>YLIT\u00c4 ITSESI. Yksi el\u00e4m\u00e4n perusteista on \u201cLuo tai hajoita!\u201d. Mik\u00e4\u00e4n ei pysy paikoillaan. El\u00e4m\u00e4nlaatu joko parantuu tai heikentyy. Me sitoudumme joka p\u00e4iv\u00e4 henkil\u00f6kohtaisesti ja ammattimaisesti tekem\u00e4\u00e4n v\u00e4h\u00e4n enemm\u00e4n sek\u00e4 olemaan v\u00e4h\u00e4n parempi.<\/p>\n<p>JOHDA ESIMERKILL\u00c4. Me teemme niin kuin saarnaamme, koska nautimme eduista joita t\u00e4m\u00e4 el\u00e4m\u00e4ntyyli antaa. Pit\u00e4m\u00e4ll\u00e4 itsest\u00e4mme huolta pystymme pit\u00e4m\u00e4\u00e4n my\u00f6s asiakkaistamme huolta. Pyyd\u00e4mme asiakkaitamme tekem\u00e4\u00e4n vain ne asiat, joita olemme my\u00f6s itse valmiit tekem\u00e4\u00e4n.<\/p>\n<p>LUO VAHVOJA SUHTEITA. Asiakkaidemme menestys menee pidemm\u00e4lle kuin tarjoamamme ohjelmat tai palvelut. Suhteet joita luomme ja asiakkaidemme vahva tahto tehd\u00e4 t\u00f6it\u00e4 kanssamme, on se tapa jolla luomme muutoksen heid\u00e4n el\u00e4m\u00e4\u00e4ns\u00e4.<\/p>\n<\/p>\n\t\t\t\t<h3>Ruokatauko Sorosuo Oy<\/h3>\n\t\t\t\t<p>Putkikatu 21 E<br>\n\t\t\t\t\t21110 Naantali<\/p>\n\t\t\t\t<p><a href=\"tel:\"><\/a><\/p>\n\t\t\t\t<p><a href=\"mailto:ruokatauko@ruokatauko.fi\">ruokatauko@ruokatauko.fi<\/a><\/p>\n\n\t\t\t\t<h2>Toimipisteet<\/h2><div class=\"info-page-location-list\"><div class=\"info-page-location\"><h3>Naantalin Nosto<\/h3><p>Putkikatu , 21110 Naantali<\/p><p><a href=\"mail:kimmo@ruokatauko.fi\">kimmo@ruokatauko.fi<\/a><p><a href=\"https:\/\/www.google.com\/maps\/search\/?api=1&query=Google&query_place_id=EiJQdXRraWthdHUsIDIxMTEwIE5hYW50YWxpLCBGaW5sYW5kIi4qLAoUChIJr8YWVz2Ji0YRzkBC_T0l8zoSFAoSCdn6o5ehiItGEcA7WHhUtQAc\">Katso sijainti kartalla <span>&#8599;<\/span><\/a><\/p><\/p><p>Naantalin Nosto toimii Ruokatauon tiloissa, halli D.<\/p><\/div><\/div>\t\t\t<\/div>\n\n\t\t\t<div class=\"wp-block-column\">\n\t\t\t\t<figure class=\"wp-block-image size-large\"><img loading=\"lazy\" decoding=\"async\" width=\"300\" height=\"520\" src=\"https:\/\/marketplace.epassi.fi\/naantalin-nosto\/wp-content\/uploads\/sites\/314\/2023\/01\/bootcamp2021.jpg\" class=\"attachment-medium_large size-medium_large\" alt=\"\" \/><\/figure>\n\t\t\t<\/div>\n\t\t<\/div>\n\t<\/div>\n\t\n","protected":false},"excerpt":{"rendered":"","protected":false},"author":2,"featured_media":0,"parent":0,"menu_order":0,"comment_status":"closed","ping_status":"closed","template":"","meta":{"_acf_changed":false,"_kad_post_transparent":"","_kad_post_title":"","_kad_post_layout":"","_kad_post_sidebar_id":"","_kad_post_content_style":"","_kad_post_vertical_padding":"","_kad_post_feature":"","_kad_post_feature_position":"","_kad_post_header":false,"_kad_post_footer":false,"_kad_post_classname":"","footnotes":""},"class_list":["post-22","page","type-page","status-publish","hentry"],"acf":[],"_links":{"self":[{"href":"https:\/\/marketplace.epassi.fi\/naantalin-nosto\/wp-json\/wp\/v2\/pages\/22","targetHints":{"allow":["GET"]}}],"collection":[{"href":"https:\/\/marketplace.epassi.fi\/naantalin-nosto\/wp-json\/wp\/v2\/pages"}],"about":[{"href":"https:\/\/marketplace.epassi.fi\/naantalin-nosto\/wp-json\/wp\/v2\/types\/page"}],"author":[{"embeddable":true,"href":"https:\/\/marketplace.epassi.fi\/naantalin-nosto\/wp-json\/wp\/v2\/users\/2"}],"replies":[{"embeddable":true,"href":"https:\/\/marketplace.epassi.fi\/naantalin-nosto\/wp-json\/wp\/v2\/comments?post=22"}],"version-history":[{"count":10,"href":"https:\/\/marketplace.epassi.fi\/naantalin-nosto\/wp-json\/wp\/v2\/pages\/22\/revisions"}],"predecessor-version":[{"id":264,"href":"https:\/\/marketplace.epassi.fi\/naantalin-nosto\/wp-json\/wp\/v2\/pages\/22\/revisions\/264"}],"wp:attachment":[{"href":"https:\/\/marketplace.epassi.fi\/naantalin-nosto\/wp-json\/wp\/v2\/media?parent=22"}],"curies":[{"name":"wp","href":"https:\/\/api.w.org\/{rel}","templated":true}]}}