{"id":347,"date":"2023-01-13T10:04:55","date_gmt":"2023-01-13T08:04:55","guid":{"rendered":"https:\/\/marketplace.epassi.fi\/naantalin-nosto\/?post_type=product&#038;p=347"},"modified":"2024-09-01T00:08:09","modified_gmt":"2024-08-31T21:08:09","slug":"penkkipunnerrus-tekniikkaopetus","status":"publish","type":"product","link":"https:\/\/marketplace.epassi.fi\/naantalin-nosto\/kauppa\/liikuntaedut\/liikunta-muut\/penkkipunnerrus-tekniikkaopetus\/","title":{"rendered":"Penkkipunnerrus tekniikkaopetus"},"content":{"rendered":"<p>Penkkipunnerruksen henkil\u00f6kohtainen tekniikkaopetus. Kesto noin 90min. Opetuksessa k\u00e4yd\u00e4\u00e4n kattavasti l\u00e4pi kaikki penkin osa-alueet.<\/p>\n<p><span style=\"font-family: var(--global-body-font-family);\">\u2705 Asennot<\/span><\/p>\n<p>\u2705 Rytmi<\/p>\n<p>\u2705 Tekniikka<\/p>\n<p>\u2705 Mahdolliset ongelmatilanteet &amp; virheet<\/p>\n<p>\u2705 Kilpanostot<\/p>\n<p>Saat my\u00f6s ehdotuksen miten sinun tulisi tehd\u00e4 penkkipunnerrusta kotisalillasi, jos haluat kehitty\u00e4. Tekniikkaopetus tapahtuu Naantalin Noston tiloissa Putkikatu 21 Naantalissa. Opetuksen aika sovitaan jokaisen kanssa henkil\u00f6kohtaisesti.<\/p>\n","protected":false},"excerpt":{"rendered":"<p>Penkkipunnerrus tekniikkaopetus 1hl\u00f6.<\/p>\n","protected":false},"featured_media":348,"comment_status":"open","ping_status":"closed","template":"","meta":{"_acf_changed":false,"_kad_post_transparent":"default","_kad_post_title":"","_kad_post_layout":"default","_kad_post_sidebar_id":"","_kad_post_content_style":"default","_kad_post_vertical_padding":"default","_kad_post_feature":"","_kad_post_feature_position":"","_kad_post_header":false,"_kad_post_footer":false,"_kad_post_classname":""},"product_brand":[],"product_cat":[29,19],"product_tag":[],"class_list":{"0":"post-347","1":"product","2":"type-product","3":"status-publish","4":"has-post-thumbnail","6":"product_cat-liikunta-muut","7":"product_cat-liikuntaedut","9":"first","10":"instock","11":"virtual","12":"taxable","13":"purchasable","14":"product-type-simple","15":"entry","16":"content-bg","17":"loop-entry"},"acf":[],"_links":{"self":[{"href":"https:\/\/marketplace.epassi.fi\/naantalin-nosto\/wp-json\/wp\/v2\/product\/347","targetHints":{"allow":["GET"]}}],"collection":[{"href":"https:\/\/marketplace.epassi.fi\/naantalin-nosto\/wp-json\/wp\/v2\/product"}],"about":[{"href":"https:\/\/marketplace.epassi.fi\/naantalin-nosto\/wp-json\/wp\/v2\/types\/product"}],"replies":[{"embeddable":true,"href":"https:\/\/marketplace.epassi.fi\/naantalin-nosto\/wp-json\/wp\/v2\/comments?post=347"}],"wp:featuredmedia":[{"embeddable":true,"href":"https:\/\/marketplace.epassi.fi\/naantalin-nosto\/wp-json\/wp\/v2\/media\/348"}],"wp:attachment":[{"href":"https:\/\/marketplace.epassi.fi\/naantalin-nosto\/wp-json\/wp\/v2\/media?parent=347"}],"wp:term":[{"taxonomy":"product_brand","embeddable":true,"href":"https:\/\/marketplace.epassi.fi\/naantalin-nosto\/wp-json\/wp\/v2\/product_brand?post=347"},{"taxonomy":"product_cat","embeddable":true,"href":"https:\/\/marketplace.epassi.fi\/naantalin-nosto\/wp-json\/wp\/v2\/product_cat?post=347"},{"taxonomy":"product_tag","embeddable":true,"href":"https:\/\/marketplace.epassi.fi\/naantalin-nosto\/wp-json\/wp\/v2\/product_tag?post=347"}],"curies":[{"name":"wp","href":"https:\/\/api.w.org\/{rel}","templated":true}]}}