{"id":353,"date":"2023-01-13T10:22:44","date_gmt":"2023-01-13T08:22:44","guid":{"rendered":"https:\/\/marketplace.epassi.fi\/naantalin-nosto\/?post_type=product&#038;p=353"},"modified":"2024-09-01T00:08:09","modified_gmt":"2024-08-31T21:08:09","slug":"laihdutuksen-starttipaketti","status":"publish","type":"product","link":"https:\/\/marketplace.epassi.fi\/naantalin-nosto\/kauppa\/liikuntaedut\/liikunta-muut\/laihdutuksen-starttipaketti\/","title":{"rendered":"Laihdutuksen starttipaketti"},"content":{"rendered":"<p>Laihdutuksen starttipaketissa k\u00e4yd\u00e4\u00e4n l\u00e4pi seuraavat asiat:<\/p>\n<p><span style=\"font-family: var(--global-body-font-family);\">\u2705 Ravinnon l\u00e4hteet, m\u00e4\u00e4r\u00e4 ja laatu r\u00e4\u00e4t\u00e4l\u00f6ityn\u00e4 sinulle<\/span><\/p>\n<p>\u2705 Vastus- ja kuntoharjoittelu r\u00e4\u00e4t\u00e4l\u00f6ityn\u00e4 sinulle<\/p>\n<p>\u2705 Miten luot uuden el\u00e4m\u00e4ntyylin itsellesi<\/p>\n<p>\u2705 Miten k\u00e4yt\u00e4t p\u00e4tk\u00e4paastoa yll\u00e4pit\u00e4m\u00e4\u00e4n kyll\u00e4isyytt\u00e4<\/p>\n<p>\u2705 Sairauksien peruutus ravinnolla ja immuunipuolustuksen vahvistaminen<\/p>\n<p>T\u00e4m\u00e4 opetus kest\u00e4\u00e4 noin 2 tuntia ja sis\u00e4lt\u00e4\u00e4 k\u00e4yt\u00e4nt\u00f6\u00e4. K\u00e4ymme l\u00e4pi my\u00f6s ongelmatilanteita ja miten v\u00e4lt\u00e4t ne arjessasi. Saat ohjeistuksen miten sinun tulisi sy\u00f6d\u00e4 ja liikkua, jos haluat laihtua mahdollisimman helposti ilman n\u00e4lk\u00e4\u00e4.<\/p>\n<p>Opetus tapahtuu Ruokatauon tiloissa Putkikatu 21 Naantalissa. Opetuksen aika sovitaan jokaisen kanssa henkil\u00f6kohtaisesti.<\/p>\n","protected":false},"excerpt":{"rendered":"<p>Laihdutuksen starttipaketti 1hl\u00f6.<\/p>\n","protected":false},"featured_media":354,"comment_status":"open","ping_status":"closed","template":"","meta":{"_acf_changed":false,"_kad_post_transparent":"default","_kad_post_title":"","_kad_post_layout":"default","_kad_post_sidebar_id":"","_kad_post_content_style":"default","_kad_post_vertical_padding":"default","_kad_post_feature":"","_kad_post_feature_position":"","_kad_post_header":false,"_kad_post_footer":false,"_kad_post_classname":""},"product_brand":[],"product_cat":[29,19],"product_tag":[],"class_list":{"0":"post-353","1":"product","2":"type-product","3":"status-publish","4":"has-post-thumbnail","6":"product_cat-liikunta-muut","7":"product_cat-liikuntaedut","9":"first","10":"instock","11":"virtual","12":"taxable","13":"purchasable","14":"product-type-simple","15":"entry","16":"content-bg","17":"loop-entry"},"acf":[],"_links":{"self":[{"href":"https:\/\/marketplace.epassi.fi\/naantalin-nosto\/wp-json\/wp\/v2\/product\/353","targetHints":{"allow":["GET"]}}],"collection":[{"href":"https:\/\/marketplace.epassi.fi\/naantalin-nosto\/wp-json\/wp\/v2\/product"}],"about":[{"href":"https:\/\/marketplace.epassi.fi\/naantalin-nosto\/wp-json\/wp\/v2\/types\/product"}],"replies":[{"embeddable":true,"href":"https:\/\/marketplace.epassi.fi\/naantalin-nosto\/wp-json\/wp\/v2\/comments?post=353"}],"wp:featuredmedia":[{"embeddable":true,"href":"https:\/\/marketplace.epassi.fi\/naantalin-nosto\/wp-json\/wp\/v2\/media\/354"}],"wp:attachment":[{"href":"https:\/\/marketplace.epassi.fi\/naantalin-nosto\/wp-json\/wp\/v2\/media?parent=353"}],"wp:term":[{"taxonomy":"product_brand","embeddable":true,"href":"https:\/\/marketplace.epassi.fi\/naantalin-nosto\/wp-json\/wp\/v2\/product_brand?post=353"},{"taxonomy":"product_cat","embeddable":true,"href":"https:\/\/marketplace.epassi.fi\/naantalin-nosto\/wp-json\/wp\/v2\/product_cat?post=353"},{"taxonomy":"product_tag","embeddable":true,"href":"https:\/\/marketplace.epassi.fi\/naantalin-nosto\/wp-json\/wp\/v2\/product_tag?post=353"}],"curies":[{"name":"wp","href":"https:\/\/api.w.org\/{rel}","templated":true}]}}