{"id":22,"date":"2021-09-13T17:45:59","date_gmt":"2021-09-13T17:45:59","guid":{"rendered":"https:\/\/marketplace.epassi.fi\/natura-viva\/?page_id=22"},"modified":"2021-10-12T10:57:35","modified_gmt":"2021-10-12T10:57:35","slug":"info","status":"publish","type":"page","link":"https:\/\/marketplace.epassi.fi\/natura-viva\/info\/","title":{"rendered":"Info"},"content":{"rendered":"\n\t<div class=\"entry-content single-content\">\n\n\t\t<div class=\"wp-block-columns\" style=\"gap:30px\">\n\t\t\t<div class=\"wp-block-column\">\n\t\t\t\t<h2>Natura Viva - Ulkona on hyv\u00e4 olla!<\/h2>\n\t\t\t\t<p><p>Natura Viva on Etel\u00e4-Suomen johtava luontomatkailupalveluiden tarjoaja. <\/p>\n<p>Toimipisteemme Helsingiss\u00e4, Espoossa ja Teijon kansallispuistossa mahdollistavat monipuolisen ulkoilun ymp\u00e4ri vuoden. L\u00e4hde melomaan, SUP-lautailemaan, lumikenk\u00e4ilem\u00e4\u00e4n tai fatbike-py\u00f6r\u00e4ilem\u00e4\u00e4n ja tutustu Etel\u00e4-Suomen kauneimpiin luontokohteisiin. <\/p>\n<p>Natura Vivan kausikortti-konsepti mahdollistaa monipuolisen ulkoilun ilman kalliita laitehankintoja ja ongelmia niiden s\u00e4ilytyksess\u00e4. Kausikorttilaisena voit varata ja k\u00e4ytt\u00e4\u00e4 itsen\u00e4isesti vuokrakalustoamme ja viett\u00e4\u00e4 aikaa luonnossa. <\/p>\n<p>Kausikortti onkin loistava k\u00e4ytt\u00f6kohde liikuntaeduille - viet\u00e4 vuosi luonnossa!<\/p>\n<\/p>\n\t\t\t\t<h3>Natura Viva Oy<\/h3>\n\t\t\t\t<p>Kivikonlaita 22<br>\n\t\t\t\t\t00940 Helsinki<\/p>\n\t\t\t\t<p><a href=\"tel:0102924030\">0102924030<\/a><\/p>\n\t\t\t\t<p><a href=\"mailto:info@naturaviva.fi\">info@naturaviva.fi<\/a><\/p>\n\n\t\t\t\t<h2>Toimipisteet<\/h2><div class=\"info-page-location-list\"><div class=\"info-page-location\"><h3>Vuosaaren Melontakeskus<\/h3><p>Harbonkatu 13, 00980 Helsinki<\/p><p><a href=\"tel:0102924030\">0102924030<\/a><br><a href=\"mail:info@naturaviva.fi\">info@naturaviva.fi<\/a><p><a href=\"https:\/\/www.google.com\/maps\/search\/?api=1&query=Google&query_place_id=ChIJQzQXpOIOkkYRdR1Iu6VPiRo\">Katso sijainti kartalla <span>&#8599;<\/span><\/a><\/p><\/p><p>Vuosaaren Melontakeskus on t\u00e4yden palvelun melontakeskus It\u00e4-Helsingiss\u00e4. Natura Viva j\u00e4rjest\u00e4\u00e4 Melontakeskuksella ulkoiluv\u00e4lineiden vuokrausta, retki\u00e4 sek\u00e4 kursseja. <\/p><\/div><\/div>\t\t\t<\/div>\n\n\t\t\t<div class=\"wp-block-column\">\n\t\t\t\t<figure class=\"wp-block-image size-large\"><img loading=\"lazy\" decoding=\"async\" width=\"768\" height=\"512\" src=\"https:\/\/marketplace.epassi.fi\/natura-viva\/wp-content\/uploads\/sites\/326\/2023\/02\/K6A1289-768x512.jpg\" class=\"attachment-medium_large size-medium_large\" alt=\"\" \/><\/figure>\n\t\t\t<\/div>\n\t\t<\/div>\n\t<\/div>\n\t\n","protected":false},"excerpt":{"rendered":"","protected":false},"author":2,"featured_media":0,"parent":0,"menu_order":0,"comment_status":"closed","ping_status":"closed","template":"","meta":{"_acf_changed":false,"_kad_post_transparent":"","_kad_post_title":"","_kad_post_layout":"","_kad_post_sidebar_id":"","_kad_post_content_style":"","_kad_post_vertical_padding":"","_kad_post_feature":"","_kad_post_feature_position":"","_kad_post_header":false,"_kad_post_footer":false,"_kad_post_classname":"","footnotes":""},"class_list":["post-22","page","type-page","status-publish","hentry"],"acf":[],"_links":{"self":[{"href":"https:\/\/marketplace.epassi.fi\/natura-viva\/wp-json\/wp\/v2\/pages\/22","targetHints":{"allow":["GET"]}}],"collection":[{"href":"https:\/\/marketplace.epassi.fi\/natura-viva\/wp-json\/wp\/v2\/pages"}],"about":[{"href":"https:\/\/marketplace.epassi.fi\/natura-viva\/wp-json\/wp\/v2\/types\/page"}],"author":[{"embeddable":true,"href":"https:\/\/marketplace.epassi.fi\/natura-viva\/wp-json\/wp\/v2\/users\/2"}],"replies":[{"embeddable":true,"href":"https:\/\/marketplace.epassi.fi\/natura-viva\/wp-json\/wp\/v2\/comments?post=22"}],"version-history":[{"count":10,"href":"https:\/\/marketplace.epassi.fi\/natura-viva\/wp-json\/wp\/v2\/pages\/22\/revisions"}],"predecessor-version":[{"id":264,"href":"https:\/\/marketplace.epassi.fi\/natura-viva\/wp-json\/wp\/v2\/pages\/22\/revisions\/264"}],"wp:attachment":[{"href":"https:\/\/marketplace.epassi.fi\/natura-viva\/wp-json\/wp\/v2\/media?parent=22"}],"curies":[{"name":"wp","href":"https:\/\/api.w.org\/{rel}","templated":true}]}}