{"id":274,"date":"2021-10-16T11:14:50","date_gmt":"2021-10-16T08:14:50","guid":{"rendered":"https:\/\/marketplace.epassi.fi\/natura-viva\/?post_type=product&#038;p=274"},"modified":"2024-09-01T00:08:24","modified_gmt":"2024-08-31T21:08:24","slug":"fatbike-lajikausikortti","status":"publish","type":"product","link":"https:\/\/marketplace.epassi.fi\/natura-viva\/kauppa\/liikuntaedut\/liikunta-muut\/fatbike-lajikausikortti\/","title":{"rendered":"Fatbike-vuokraus p\u00e4\u00e4kaupunkiseudulla"},"content":{"rendered":"<h3><strong>Fatbike-py\u00f6r\u00e4ily on loistava talvilaji!<\/strong><\/h3>\n<p>Natura Viva tarjoaa fatbike-vuokrausta Etel\u00e4-Suomen kauneimmissa luontokohteissa. Talvikaudella voit vuokrata fatbike-vuokran kolmesta eri kohteesta:<\/p>\n<ul>\n<li>Vuosaaren Melontakeskus\n<ul>\n<li>Uutelan ja Kallahdenniemen ulkoilualueet esittelev\u00e4t kaunista meriluontoa. Alueelta l\u00f6ytyy my\u00f6s mets\u00e4alueita, joissa voit my\u00f6s haastaa itse\u00e4si!<\/li>\n<\/ul>\n<\/li>\n<li>Hotelli Korpilammen Fatbikepiste\n<ul>\n<li>Hotelli Korpilammelta p\u00e4\u00e4set nopeasti polkemaan Nuuksion j\u00e4rviyl\u00e4ng\u00f6lle, Luukin ulkoilualueelle. Leve\u00e4t maastoreitit kiert\u00e4v\u00e4t pienien er\u00e4maalampien ymp\u00e4ri. T\u00e4ydellinen reitti viikonlopun py\u00f6r\u00e4retkelle.<\/li>\n<\/ul>\n<\/li>\n<li>Matinkyl\u00e4n Melontapiste\n<ul>\n<li>Matinkyl\u00e4n Melontapisteelt\u00e4 p\u00e4\u00e4set py\u00f6r\u00e4ilem\u00e4\u00e4n talvisella Espoon rantaraitilla tai tutustumaan l\u00e4hell\u00e4 sijaitsevaan Espoon keskuspuistoon.<\/li>\n<\/ul>\n<\/li>\n<\/ul>\n<p>Fatbike-py\u00f6r\u00e4ily sopii ihan jokaiselle. Jokaisesta kohteestamme l\u00f6ytyy poljettavaa sek\u00e4 kokeneemmalle, ett\u00e4 ensimm\u00e4ist\u00e4 kertaa lajia kokeilevalle. Leve\u00e4t py\u00f6r\u00e4t tekev\u00e4t polkemisesta mukavaa haastavassakin maastossa.<\/p>\n<h3>Lis\u00e4tiedot:<\/h3>\n<ul>\n<li>Fatbike-vuokraus on omatoimista, saat tarvittavat tiedot ostoksen tehty\u00e4si.<\/li>\n<li>Varaukseen sis\u00e4ltyy py\u00f6r\u00e4, kyp\u00e4r\u00e4 sek\u00e4 s\u00e4hk\u00f6postiin liitetty reittiehdotus.<\/li>\n<li>Fatbike-vuokran hinta on 39\u20ac \/ 2h +5\u20ac lis\u00e4tunnit.<\/li>\n<li>Talvikaudella saatavilla: Vuosaaren Melontakeskus, Hotelli Korpilampi, Matinkyl\u00e4n Melontapiste<\/li>\n<li>Kes\u00e4kaudella saatavilla: Vuosaaren Melontakeskus, Hotelli Korpilampi, Matinkyl\u00e4n Melontapiste, Teijon kansallispuisto, Nuuksion kansallispuisto<\/li>\n<li>Py\u00f6r\u00e4ily on hauskaa my\u00f6s pime\u00e4ll\u00e4 &#8211; varauduthan ottamalla riitt\u00e4v\u00e4n valaistuksen mukaan.<\/li>\n<\/ul>\n<p>Py\u00f6r\u00e4ilyst\u00e4 innostuneille suosittelemme Natura Vivan kausikortteja. Ulkoilijan kausikortilla voit py\u00f6r\u00e4ill\u00e4 kaikissa kohteissamme yhdell\u00e4 hinnalla!\u00a0<a href=\"https:\/\/www.naturaviva.fi\/fi\/vuokravalineet\/kausikortit\" target=\"_blank\" rel=\"noopener noreferrer nofollow\">Lue lis\u00e4\u00e4 Natura Vivan kausikorteista t\u00e4\u00e4ll\u00e4.<\/a><\/p>\n","protected":false},"excerpt":{"rendered":"<h3><strong>Fatbike-py\u00f6r\u00e4ily on loistava talvilaji!<\/strong><\/h3>\n","protected":false},"featured_media":345,"comment_status":"open","ping_status":"closed","template":"","meta":{"_acf_changed":false,"_kad_post_transparent":"default","_kad_post_title":"","_kad_post_layout":"default","_kad_post_sidebar_id":"","_kad_post_content_style":"default","_kad_post_vertical_padding":"default","_kad_post_feature":"","_kad_post_feature_position":"","_kad_post_header":false,"_kad_post_footer":false,"_kad_post_classname":""},"product_brand":[],"product_cat":[29,19],"product_tag":[],"class_list":{"0":"post-274","1":"product","2":"type-product","3":"status-publish","4":"has-post-thumbnail","6":"product_cat-liikunta-muut","7":"product_cat-liikuntaedut","9":"first","10":"instock","11":"taxable","12":"shipping-taxable","13":"product-type-external","14":"entry","15":"content-bg","16":"loop-entry"},"acf":[],"_links":{"self":[{"href":"https:\/\/marketplace.epassi.fi\/natura-viva\/wp-json\/wp\/v2\/product\/274","targetHints":{"allow":["GET"]}}],"collection":[{"href":"https:\/\/marketplace.epassi.fi\/natura-viva\/wp-json\/wp\/v2\/product"}],"about":[{"href":"https:\/\/marketplace.epassi.fi\/natura-viva\/wp-json\/wp\/v2\/types\/product"}],"replies":[{"embeddable":true,"href":"https:\/\/marketplace.epassi.fi\/natura-viva\/wp-json\/wp\/v2\/comments?post=274"}],"wp:featuredmedia":[{"embeddable":true,"href":"https:\/\/marketplace.epassi.fi\/natura-viva\/wp-json\/wp\/v2\/media\/345"}],"wp:attachment":[{"href":"https:\/\/marketplace.epassi.fi\/natura-viva\/wp-json\/wp\/v2\/media?parent=274"}],"wp:term":[{"taxonomy":"product_brand","embeddable":true,"href":"https:\/\/marketplace.epassi.fi\/natura-viva\/wp-json\/wp\/v2\/product_brand?post=274"},{"taxonomy":"product_cat","embeddable":true,"href":"https:\/\/marketplace.epassi.fi\/natura-viva\/wp-json\/wp\/v2\/product_cat?post=274"},{"taxonomy":"product_tag","embeddable":true,"href":"https:\/\/marketplace.epassi.fi\/natura-viva\/wp-json\/wp\/v2\/product_tag?post=274"}],"curies":[{"name":"wp","href":"https:\/\/api.w.org\/{rel}","templated":true}]}}