{"id":282,"date":"2023-02-08T14:06:02","date_gmt":"2023-02-08T12:06:02","guid":{"rendered":"https:\/\/marketplace.epassi.fi\/natura-viva\/?post_type=product&#038;p=282"},"modified":"2023-12-12T10:15:58","modified_gmt":"2023-12-12T08:15:58","slug":"sup-lajikausikortti","status":"publish","type":"product","link":"https:\/\/marketplace.epassi.fi\/natura-viva\/kauppa\/liikuntaedut\/liikunta-muut\/sup-lajikausikortti\/","title":{"rendered":"Talvimelontaa It\u00e4-Helsingin saaristossa"},"content":{"rendered":"<h3>Talvimelontaa Helsingin saaristossa<\/h3>\n<p>Opastettu melontaretki talvella esittelee sinulle rauhallisen It\u00e4-Helsingin saariston. Melomme Vuosaaren Melontakeskusken l\u00e4hialueilla ja tutustumme talviunilla olevaan merimaisemaan. Alueella ei ole muita liikkujia ja ryhm\u00e4mme saa nauttia hiljaisuudesta ja lumisesta merimaisemasta! Opastettu talvimelontaretki on turvallinen ja tunnelmallinen tapa tutustua talviseen It\u00e4mereen. T\u00e4m\u00e4 retki sopii kaikille!<\/p>\n<h3>Ammattioppaat ja turvalliset varusteet<\/h3>\n<p>Natura Vivan ammattiopas huolehtii turvallisuudestanne koko retken ajan. Retken aluksi jokainen osallistuja saa talvimelontaan soveltuvan varustuksen, kuivapuvun, neopreenitossut, neopreenihupun ja l\u00e4mpim\u00e4t melontarukkaset. Harjoittelemme rannassa ja vesill\u00e4 tarpeellisimmat perustaidot ja sen j\u00e4lkeen l\u00e4hdemme nauttimaan ulkoilusta ja meriluonnosta. Tauolla l\u00e4mmitell\u00e4\u00e4n kuuman mehun ja pienen v\u00e4lipalan voimin.<\/p>\n<h3>Lis\u00e4tietoja<\/h3>\n<ul>\n<li>Sijainti: Vuosaaren Melontakeskus &#8211; Harbonkatu 13, 00980 Helsinki. Huom! J\u00e4\u00e4tilanteen mukaan l\u00e4ht\u00f6paikka saattaa vaihtua alueen sis\u00e4ll\u00e4.<\/li>\n<li>Kesto: 2,5 tuntia<\/li>\n<li>Ajankohta: Marraskuusta huhtikuun loppuun joka toinen lauantai klo. 10.00-12.30. Varaa sopiva l\u00e4ht\u00f6 varauskalenterin avulla! Paikalle on on hyv\u00e4 tulla 30 minuuttia ennen reken alkua, jotta kuivapuvun pukemiseen j\u00e4\u00e4 riitt\u00e4v\u00e4sti aikaa.<\/li>\n<li>Opas: Natura Vivan koulutettu melontaopas<\/li>\n<li>Vaativuus: Retki soveltuu kaikille. Saatavilla olevat kuivapuvut XS-XXL<\/li>\n<li>Hinta sis\u00e4lt\u00e4\u00e4: Opastus, kajakki varusteineen, kuivapuku, neopreenitossut, melontarukkaset, kuuma mehu ja pieni herkku.<\/li>\n<li>Tutustu my\u00f6s Espoon saaristossa j\u00e4rjestett\u00e4v\u00e4\u00e4n\u00a0<a href=\"https:\/\/naturaviva.fi\/fi_FI\/melontaretket-etela-suomessa\/talvimelontaa-espoon-saaristossa\" target=\"_blank\" rel=\"noopener noreferrer nofollow\">talvimelontaretkeen!<\/a><\/li>\n<\/ul>\n","protected":false},"excerpt":{"rendered":"<p>Opastettu melontaretki talvella esittelee sinulle rauhallisen It\u00e4-Helsingin saariston. Melomme Vuosaaren Melontakeskusken l\u00e4hialueilla ja tutustumme talviunilla olevaan merimaisemaan. Alueella ei ole muita liikkujia ja ryhm\u00e4mme saa nauttia hiljaisuudesta ja lumisesta merimaisemasta! Opastettu talvimelontaretki on turvallinen ja tunnelmallinen tapa tutustua talviseen It\u00e4mereen. T\u00e4m\u00e4 retki sopii kaikille!<\/p>\n","protected":false},"featured_media":343,"comment_status":"open","ping_status":"closed","template":"","meta":{"_acf_changed":false,"_kad_post_transparent":"default","_kad_post_title":"","_kad_post_layout":"default","_kad_post_sidebar_id":"","_kad_post_content_style":"default","_kad_post_vertical_padding":"default","_kad_post_feature":"","_kad_post_feature_position":"","_kad_post_header":false,"_kad_post_footer":false,"_kad_post_classname":""},"product_brand":[],"product_cat":[29,19],"product_tag":[],"class_list":{"0":"post-282","1":"product","2":"type-product","3":"status-publish","4":"has-post-thumbnail","6":"product_cat-liikunta-muut","7":"product_cat-liikuntaedut","9":"first","10":"instock","11":"taxable","12":"shipping-taxable","13":"product-type-external","14":"entry","15":"content-bg","16":"loop-entry"},"acf":[],"_links":{"self":[{"href":"https:\/\/marketplace.epassi.fi\/natura-viva\/wp-json\/wp\/v2\/product\/282","targetHints":{"allow":["GET"]}}],"collection":[{"href":"https:\/\/marketplace.epassi.fi\/natura-viva\/wp-json\/wp\/v2\/product"}],"about":[{"href":"https:\/\/marketplace.epassi.fi\/natura-viva\/wp-json\/wp\/v2\/types\/product"}],"replies":[{"embeddable":true,"href":"https:\/\/marketplace.epassi.fi\/natura-viva\/wp-json\/wp\/v2\/comments?post=282"}],"wp:featuredmedia":[{"embeddable":true,"href":"https:\/\/marketplace.epassi.fi\/natura-viva\/wp-json\/wp\/v2\/media\/343"}],"wp:attachment":[{"href":"https:\/\/marketplace.epassi.fi\/natura-viva\/wp-json\/wp\/v2\/media?parent=282"}],"wp:term":[{"taxonomy":"product_brand","embeddable":true,"href":"https:\/\/marketplace.epassi.fi\/natura-viva\/wp-json\/wp\/v2\/product_brand?post=282"},{"taxonomy":"product_cat","embeddable":true,"href":"https:\/\/marketplace.epassi.fi\/natura-viva\/wp-json\/wp\/v2\/product_cat?post=282"},{"taxonomy":"product_tag","embeddable":true,"href":"https:\/\/marketplace.epassi.fi\/natura-viva\/wp-json\/wp\/v2\/product_tag?post=282"}],"curies":[{"name":"wp","href":"https:\/\/api.w.org\/{rel}","templated":true}]}}