{"id":289,"date":"2021-10-20T17:08:34","date_gmt":"2021-10-20T17:08:34","guid":{"rendered":"https:\/\/marketplace.epassi.fi\/natura-viva\/?post_type=product&#038;p=289"},"modified":"2024-07-22T16:05:56","modified_gmt":"2024-07-22T13:05:56","slug":"kajakki-lajikausikortti","status":"publish","type":"product","link":"https:\/\/marketplace.epassi.fi\/natura-viva\/kauppa\/liikuntaedut\/liikunta-muut\/kajakki-lajikausikortti\/","title":{"rendered":"Kajakki &#8211; lajikausikortti kaudelle 2024"},"content":{"rendered":"<h3>Kajakki &#8211; lajikausikortilla melot koko kes\u00e4n viidess\u00e4 eri Etel\u00e4-Suomen luontokohteessa!<\/h3>\n<p>Kajakki &#8211; lajikausikortilla harrastat melontaa ilman isoja varustehankintoja tai huolta s\u00e4ilytystiloista. P\u00e4\u00e4kaupunkiseudun melontakohteemme Vuosaaressa, Kivinokalla, Matinkyl\u00e4ss\u00e4, Suvisaaristossa sek\u00e4 Teijon kansallispuisto Salossa tarjoavat melottavaa useaksi vuodeksi. Kaikissa p\u00e4\u00e4kaupunkiseudun melontakohteissa voit varata ja k\u00e4ytt\u00e4\u00e4 kajakkeja omatoimisesti aikav\u00e4lill\u00e4 05.00-00.00. Ostettuasi kausikortin saat tunnukset kausikorttilaisille tarkoitetulle sivustolle, jonka kautta voit itse varata kaluston.<\/p>\n<h3>Kauden pituus<\/h3>\n<p>Kev\u00e4\u00e4ll\u00e4 ja syksyll\u00e4 merivedet ovat viel\u00e4 kylmi\u00e4 ja kaatumistilanteissa on eritt\u00e4in t\u00e4rke\u00e4\u00e4, ett\u00e4 meloja on varustautunut kunnolla ja osaa tarvittavat pelastautumistekniikat. Riippuen melojan taustasta, on kajakin k\u00e4ytt\u00f6\u00f6n kaksi erillist\u00e4 kautta.<\/p>\n<p><strong>Alkeiskurssin tai pelastautumisharjoituksen suorittanut kausikorttilainen <\/strong>meloo omatoimisesti kaikissa toimipisteiss\u00e4mme toukokuusta syyskuun loppuun.<\/p>\n<p><strong>Muut kausikorttilaiset\u00a0<\/strong>melovat omatoimisesti kaikissa toimipisteiss\u00e4mme kes\u00e4kuusta elokuun loppuun.<\/p>\n<h3>K\u00e4yt\u00f6ss\u00e4 olevat v\u00e4lineet<\/h3>\n<ul>\n<li>Kajakit<\/li>\n<\/ul>\n<h3>Toimipisteet<\/h3>\n<ul>\n<li>Vuosaaren melontakeskus<\/li>\n<li>Kivinokan Melontapiste<\/li>\n<li>Matinkyl\u00e4n Melontapiste<\/li>\n<li>Kaisaniemen Melontapiste<\/li>\n<li>Suvisaariston Melontapiste<\/li>\n<li>Teijon Luontokeskus Matildanj\u00e4rvell\u00e4<\/li>\n<\/ul>\n<h3>Kausikortin ehdot<\/h3>\n<ul>\n<li>Kajakkien vapaa k\u00e4ytt\u00f6 aukioloaikojen puitteissa. Katso omatoimipisteiden tarkemmat aukioloajat v\u00e4linekohtaisesti.<\/li>\n<li>voimassa melontakauden 2024 (1.5.-30.9.)<\/li>\n<li>yksi samaan perheeseen kuuluva yksi alle 15-vuotias veloituksetta samassa kaksikkokajakissa\u00a0kausikortin haltijan kanssa.<\/li>\n<li>Vuokra-aika 05:00-00:00, y\u00f6n yli varauksista \u20ac10 lis\u00e4maksu<\/li>\n<li>T\u00e4yden melontakauden (1.5.-30.9) hy\u00f6dynt\u00e4minen edellytt\u00e4\u00e4 alkeiskurssin tai vastaavien taitojen hallintaa. Ilman kurssia tai kokemusta, melontakausi on rajattu turvallisuussyist\u00e4 1.6.-31.8. v\u00e4liselle ajalle. Valmistaudu esitt\u00e4m\u00e4\u00e4n kurssitodistus tai vastaava kokemus ennen ensimm\u00e4ist\u00e4 varausta.\u00a0<a href=\"https:\/\/www.naturaviva.fi\/fi\/vuosaari\/melontakurssit\" target=\"_blank\" rel=\"noopener noreferrer nofollow\"><strong>Tutustu melontakursseihimme t\u00e4\u00e4lt\u00e4!<\/strong><\/a><\/li>\n<\/ul>\n<h3>Kajakki -lajikausikortilla osallistut Natura Vivan viikkomelontoihin 10\u20ac \/ kerta!<\/h3>\n<ul>\n<li>Maanantaimelonta-retki- Suvisaaristossa<\/li>\n<li>Torstaimelonta-retki Vuosaaressa<\/li>\n<li>Perjantaimelonta-retki vuoroviikoin Espoossa ja Kivinokalla<\/li>\n<\/ul>\n<p>*Pid\u00e4t\u00e4mme oikeuden mahdollisiin muutoksiin retkien osalta.<\/p>\n<h3><strong>Lajikohtaiset varaustiedot<\/strong><\/h3>\n<p><strong>Kajakit<\/strong><\/p>\n<ul>\n<li>Vuosaaren toimipiste, Helsinki (omatoimisesti k\u00e4yt\u00f6ss\u00e4 joka p\u00e4iv\u00e4 klo 5:00 &#8211; 24:00, toukokuun alusta syyskuun loppuun)<\/li>\n<li>Kivinokan Melontapiste, Helsinki\u00a0(omatoimisesti k\u00e4yt\u00f6ss\u00e4 joka p\u00e4iv\u00e4 klo 5:00 &#8211; 24:00, toukokuun alusta syyskuun loppuun)<\/li>\n<li>Kaisaniemen Melontapiste, Helsinki (omatoimisesti k\u00e4yt\u00f6ss\u00e4 joka p\u00e4iv\u00e4 klo 5:00 &#8211; 24:00, kes\u00e4kuun alusta elokuun loppuun)<\/li>\n<li>Matinkyl\u00e4n Melontapiste, Espoo\u00a0(omatoimisesti k\u00e4yt\u00f6ss\u00e4 joka p\u00e4iv\u00e4 klo 5:00 &#8211; 24:00, toukokuun alusta syyskuun loppuun)<\/li>\n<li>Suvisaariston melontapiste, Espoo (omatoimisesti k\u00e4yt\u00f6ss\u00e4 joka p\u00e4iv\u00e4 klo 5:00 &#8211; 24:00, toukokuun alusta syyskuun loppuun)<\/li>\n<li>Teijon kansallispuiston toimipiste, Salo (omatoimisesti k\u00e4yt\u00f6ss\u00e4 joka p\u00e4iv\u00e4 klo 5:00 &#8211; 24:00, toukokuun alusta syyskuun loppuun)<\/li>\n<li>Repoveden Melontapiste, Kouvola (omatoimisesti k\u00e4yt\u00f6ss\u00e4 joka p\u00e4iv\u00e4 klo 5.00 &#8211; 24:00, kes\u00e4kuun alusta syyskuun loppuun)<\/li>\n<\/ul>\n<h3>Yst\u00e4v\u00e4n kanssa ulkoilemaan<\/h3>\n<p>Jos haluat meloa yst\u00e4v\u00e4si kanssa kaksikkokajakilla, tulee h\u00e4nen maksaa puolet normaalista vuokrahinnasta.<\/p>\n","protected":false},"excerpt":{"rendered":"<p>Natura Vivan Kajakki -lajikausikortilla melot jo viidess\u00e4 eri Etel\u00e4-Suomen kohteessa. Kaluston varaaminen ja k\u00e4ytt\u00f6 on omatoimista, joten voit harrastaa melontaa silloin kun sinulle sopii!<\/p>\n","protected":false},"featured_media":323,"comment_status":"open","ping_status":"closed","template":"","meta":{"_acf_changed":false,"_kad_post_transparent":"default","_kad_post_title":"","_kad_post_layout":"default","_kad_post_sidebar_id":"","_kad_post_content_style":"default","_kad_post_vertical_padding":"default","_kad_post_feature":"","_kad_post_feature_position":"","_kad_post_header":false,"_kad_post_footer":false,"_kad_post_classname":""},"product_brand":[],"product_cat":[29,19],"product_tag":[],"class_list":{"0":"post-289","1":"product","2":"type-product","3":"status-publish","4":"has-post-thumbnail","6":"product_cat-liikunta-muut","7":"product_cat-liikuntaedut","9":"first","10":"instock","11":"virtual","12":"taxable","13":"purchasable","14":"product-type-simple","15":"entry","16":"content-bg","17":"loop-entry"},"acf":[],"_links":{"self":[{"href":"https:\/\/marketplace.epassi.fi\/natura-viva\/wp-json\/wp\/v2\/product\/289","targetHints":{"allow":["GET"]}}],"collection":[{"href":"https:\/\/marketplace.epassi.fi\/natura-viva\/wp-json\/wp\/v2\/product"}],"about":[{"href":"https:\/\/marketplace.epassi.fi\/natura-viva\/wp-json\/wp\/v2\/types\/product"}],"replies":[{"embeddable":true,"href":"https:\/\/marketplace.epassi.fi\/natura-viva\/wp-json\/wp\/v2\/comments?post=289"}],"wp:featuredmedia":[{"embeddable":true,"href":"https:\/\/marketplace.epassi.fi\/natura-viva\/wp-json\/wp\/v2\/media\/323"}],"wp:attachment":[{"href":"https:\/\/marketplace.epassi.fi\/natura-viva\/wp-json\/wp\/v2\/media?parent=289"}],"wp:term":[{"taxonomy":"product_brand","embeddable":true,"href":"https:\/\/marketplace.epassi.fi\/natura-viva\/wp-json\/wp\/v2\/product_brand?post=289"},{"taxonomy":"product_cat","embeddable":true,"href":"https:\/\/marketplace.epassi.fi\/natura-viva\/wp-json\/wp\/v2\/product_cat?post=289"},{"taxonomy":"product_tag","embeddable":true,"href":"https:\/\/marketplace.epassi.fi\/natura-viva\/wp-json\/wp\/v2\/product_tag?post=289"}],"curies":[{"name":"wp","href":"https:\/\/api.w.org\/{rel}","templated":true}]}}