{"id":290,"date":"2021-10-20T17:09:46","date_gmt":"2021-10-20T17:09:46","guid":{"rendered":"https:\/\/marketplace.epassi.fi\/natura-viva\/?post_type=product&#038;p=290"},"modified":"2024-07-22T16:05:49","modified_gmt":"2024-07-22T13:05:49","slug":"ulkoilijan-kausikortti","status":"publish","type":"product","link":"https:\/\/marketplace.epassi.fi\/natura-viva\/kauppa\/liikuntaedut\/liikunta-muut\/ulkoilijan-kausikortti\/","title":{"rendered":"Ulkoilijan kausikortti 2024"},"content":{"rendered":"<div class=\"js-navbar-wrap\">\n<nav id=\"js-navbar-main\" class=\"navbar-main navbar yamm navbar-default navbar-fixed-top\" aria-label=\"P\u00e4\u00e4valikko\">\n<div class=\"container\">\n<h4><span style=\"font-family: inherit; font-size: 24px; font-weight: bold;\">Ulkoilijan kausikortilla melot, soudat, suppailet ja py\u00f6r\u00e4ilet fatbikella Etel\u00e4-Suomen kauneimmissa luontokohteissa<\/span><\/h4>\n<\/div>\n<\/nav>\n<\/div>\n<div id=\"main-content\" role=\"region\" aria-label=\"Sis\u00e4lt\u00f6\">\n<div class=\"main-content-wrap\">\n<div class=\"container main-content\">\n<div class=\"row product-content-mainwrap\">\n<div class=\"product-content-main product-content-text text-content col-sm-9 col-p-8\">\n<p>Ulkoilijan kausikortilla sinulla on k\u00e4yt\u00f6ss\u00e4si kaikki varusteet kaikissa Natura Vivan toimipisteiss\u00e4. Toimipisteemme Vuosaaressa, Kivinokalla, Kaisaniemess\u00e4, Matinkyl\u00e4ss\u00e4, Suvisaaristossa, Korpilammella, Nuuksion kansallispuistossa ja Teijon kansallispuistossa tarjoavat sinulle monipuolista tekemist\u00e4 koko kauden ajaksi. Kausikortti on voimassa aina ostohetkest\u00e4 kuluvan vuoden loppuun.<\/p>\n<h4>Ulkoile omatoimisesti &#8211; silloin kun sinulle sopii!<\/h4>\n<p>Kausikorttilaisenamme p\u00e4\u00e4set kirjautumaan sivustolle, josta voit tehd\u00e4 varaukset itsen\u00e4isesti. Kaluston omatoiminen k\u00e4ytt\u00f6 on my\u00f6s mahdollista kaikissa p\u00e4\u00e4kaupunkiseudun kajakki -melontapisteiss\u00e4 sek\u00e4 jokaisessa fatbike-kohteessamme. Kanoottien ja soutuveneiden SUP-lautojen k\u00e4ytt\u00f6 aukioloaikojemme puitteissa Nuuksiossa ja Teijolla<\/p>\n<h4>Toimipisteet<\/h4>\n<ul>\n<li>Vuosaaren melontakeskus (kajakit, soutuveneet, SUP-laudat, kanootti, fatbiket)<\/li>\n<li>Kivinokan melontapiste (Kajakit ja SUP-laudat)<\/li>\n<li>Matinkyl\u00e4n melontapiste (Kajakit, SUP-laudat ja fatbiket)<\/li>\n<li>Kaisaniemen Melontapiste (Kajakit, SUP-laudat)<\/li>\n<li>Suvisaariston melontapiste (Kajakit ja SUP-laudat)<\/li>\n<li>Nuuksion Haukanpes\u00e4 (Kanootit, SUP-laudat, lumikeng\u00e4t, soutuveneet ja fatbiket)<\/li>\n<li>Teijon Luontokeskus (Kajakit, SUP-laudat, kanootit, Fatbiket, lumikeng\u00e4t)<\/li>\n<li>Hotelli Korpilampi (Fatbiket)<\/li>\n<\/ul>\n<h4>Kausikortin ehdot<\/h4>\n<ul>\n<li>v\u00e4lineiden vapaa k\u00e4ytt\u00f6 aukioloaikojen puitteissa. Katso omatoimipisteiden tarkemmat aukioloajat v\u00e4linekohtaisesti.<\/li>\n<li>voimassa 1.1. &#8211; 31.12.2024<\/li>\n<li>Samaan perheeseen kuuluvalle, yhdelle alle 15-vuotiaalle veloituksetta oman SUP-laudan ja Fatbiken varaukset kausikortin haltijan seurassa. Kaksikkokajakissa yksi alle 15-vuotias veloituksetta samassa v\u00e4lineess\u00e4 kausikortin haltijan kanssa. Avokanoottiin ja soutuveneeseen voi tulla mukaan kuka tahansa kausikortin haltijan kanssa.<\/li>\n<li>Vuokra-aika vaihtelee 05:00-00:00, y\u00f6n yli varauksista \u20ac10 lis\u00e4maksu<\/li>\n<li>T\u00e4yden kajakki-melontakauden (1.5.-30.9) hy\u00f6dynt\u00e4minen edellytt\u00e4\u00e4 alkeiskurssin tai vastaavien taitojen hallintaa. Ilman kurssia tai kokemusta, melontakausi on rajattu turvallisuussyist\u00e4 1.6.-31.8. v\u00e4liselle ajalle. Valmistaudu esitt\u00e4m\u00e4\u00e4n kurssitodistus tai vastaava kokemus ennen ensimm\u00e4ist\u00e4 varausta.\u00a0<a href=\"https:\/\/www.naturaviva.fi\/fi\/vuosaari\/melontakurssit\" target=\"_blank\" rel=\"noopener noreferrer nofollow\"><strong>Tutustu melontakursseihimme t\u00e4\u00e4lt\u00e4!<\/strong><\/a><\/li>\n<\/ul>\n<h4>Ulkoilijan kausikortilla opastetut viikkomelontaretket vain 10\u20ac \/ kerta!<\/h4>\n<ul>\n<li>Maanantaimelonta-retki- Suvisaaristossa<\/li>\n<li>Torstaimelonta-retki Vuosaaressa<\/li>\n<li>Perjantaimelonta-retki vuoroviikoin Espoossa tai Kivinokalla<\/li>\n<\/ul>\n<p>*Pid\u00e4t\u00e4mme oikeuden mahdollisiin muutoksiin retkien osalta.<\/p>\n<h5>Lajikohtaiset varaustiedot<\/h5>\n<h4>Fatbiket<\/h4>\n<ul>\n<li>Vuosaaren toimipiste, Helsinki\u00a0(omatoimisesti k\u00e4yt\u00f6ss\u00e4 joka p\u00e4iv\u00e4 klo 6:00 &#8211; 21:00, ymp\u00e4ri vuoden)<\/li>\n<li>Nuuksion toimipiste, Espoo\u00a0(omatoimisesti k\u00e4yt\u00f6ss\u00e4 joka p\u00e4iv\u00e4 klo 6:00 &#8211; 21:00, toukokuun alusta lokakuun loppuun)<\/li>\n<li>Hotelli Korpilammen toimipiste, Espoo\u00a0(omatoimisesti k\u00e4yt\u00f6ss\u00e4 joka p\u00e4iv\u00e4 klo 6:00 &#8211; 21:00, ymp\u00e4ri vuoden)<\/li>\n<li>Matinkyl\u00e4n Melontapiste, Espoo (omatoimisesti k\u00e4yt\u00f6ss\u00e4 joka p\u00e4iv\u00e4 klo 6:00 &#8211; 21:00, ymp\u00e4ri vuoden)<\/li>\n<li>Teijon kansallispuiston toimipiste, Salo\u00a0(omatoimisesti k\u00e4yt\u00f6ss\u00e4 joka p\u00e4iv\u00e4 klo 6:00 &#8211; 21:00, toukokuun alusta lokakuun loppuun)<\/li>\n<\/ul>\n<h4>Kajakit<\/h4>\n<ul>\n<li>Vuosaaren toimipiste, Helsinki (omatoimisesti k\u00e4yt\u00f6ss\u00e4 joka p\u00e4iv\u00e4 klo 5:00 &#8211; 24:00, toukokuun alusta syyskuun loppuun)<\/li>\n<li>Kivinokan Melontapiste, Helsinki\u00a0(omatoimisesti k\u00e4yt\u00f6ss\u00e4 joka p\u00e4iv\u00e4 klo 5:00 &#8211; 24:00, toukokuun alusta syyskuun loppuun)<\/li>\n<li>Kaisaniemen Melontapiste, Helsinki (omatoimisesti k\u00e4yt\u00f6ss\u00e4 joka p\u00e4iv\u00e4 klo 5:00 &#8211; 24:00, kes\u00e4kuun alusta elokuun loppuun)<\/li>\n<li>Matinkyl\u00e4n Melontapiste, Espoo\u00a0(omatoimisesti k\u00e4yt\u00f6ss\u00e4 joka p\u00e4iv\u00e4 klo 5:00 &#8211; 24:00, toukokuun alusta syyskuun loppuun)<\/li>\n<li>Suvisaariston melontapiste, Espoo (omatoimisesti k\u00e4yt\u00f6ss\u00e4 joka p\u00e4iv\u00e4 klo 5:00 &#8211; 24:00, toukokuun alusta syyskuun loppuun)<\/li>\n<li>Teijon kansallispuiston toimipiste, Salo (omatoimisesti k\u00e4yt\u00f6ss\u00e4 joka p\u00e4iv\u00e4 klo 5:00 &#8211; 24:00, toukokuun alusta syyskuun loppuun)<\/li>\n<li>Repoveden melontapiste, Kouvola (omatoimisesti k\u00e4yt\u00f6ss\u00e4 joka p\u00e4iv\u00e4 klo 5:00 &#8211; 24:00, kes\u00e4kuun alusta elokuun loppuun)<\/li>\n<\/ul>\n<h4>SUP-laudat<\/h4>\n<ul>\n<li>Vuosaaren Melontakeskus &#8211; useita lautoja aukioloaikojen puitteissa<\/li>\n<li>Vuosaan Melontakeskus &#8211; kaksi SUP-lautaa omatoimisessa k\u00e4yt\u00f6ss\u00e4 &#8211; varattavissa 05.00-00.00 toukokuun alusta syyskuun loppuun<\/li>\n<li>Kivinokan ja Matinkyl\u00e4n Melontapisteet &#8211; nelj\u00e4 SUP-lautaa omatoimisessa k\u00e4yt\u00f6ss\u00e4 &#8211; varattavissa 05.00-00.00<\/li>\n<li>Kaisaniemen Melontapiste, Helsinki (omatoimisesti k\u00e4yt\u00f6ss\u00e4 joka p\u00e4iv\u00e4 klo 5:00 &#8211; 24:00, kes\u00e4kuun alusta elokuun loppuun)<\/li>\n<li>Nuuksion Haukanpes\u00e4 &#8211; aukioloaikojen mukaisesti toukokuun alusta syyskuun loppuun.<\/li>\n<li>Teijon Luontokeskus &#8211; aukioloaikojen mukaisesti toukokuun alusta syyskuun loppuun.<\/li>\n<\/ul>\n<h4>Kanootit ja soutuveneet<\/h4>\n<ul>\n<li>Vuosaaren Melontakeskus &#8211; aukioloaikojen mukaisesti<\/li>\n<li>Nuuksion Haukanpes\u00e4 &#8211; aukioloaikojen mukaisesti<\/li>\n<li>Teijon Luontokeskus &#8211; vain kanootit, aukioloaikojen mukaisesti<\/li>\n<\/ul>\n<h4>Yst\u00e4v\u00e4n kanssa ulkoilemaan<\/h4>\n<p>Jos haluat meloa yst\u00e4v\u00e4si kanssa kaksikkokajakilla, tulee h\u00e4nen maksaa puolet normaalista vuokrahinnasta. My\u00f6s t\u00e4llaiset varaukset voi tehd\u00e4 suoraan kausikorttilaisten varausj\u00e4rjestelm\u00e4n kautta.<\/p>\n<\/div>\n<\/div>\n<\/div>\n<\/div>\n<\/div>\n","protected":false},"excerpt":{"rendered":"<p>Hanki Ulkoilijan kausikortti &#8211; p\u00e4\u00e4set melomaan SUP-lautailemaan ja py\u00f6r\u00e4ilem\u00e4\u00e4n Etel\u00e4-Suomen kauneimmissa luontokohteissa. Kaluston varaaminen ja k\u00e4ytt\u00f6 on omatoimista, joten voit ulkoilla silloin kun sinulle sopii!<\/p>\n","protected":false},"featured_media":324,"comment_status":"open","ping_status":"closed","template":"","meta":{"_acf_changed":false,"_kad_post_transparent":"default","_kad_post_title":"","_kad_post_layout":"default","_kad_post_sidebar_id":"","_kad_post_content_style":"default","_kad_post_vertical_padding":"default","_kad_post_feature":"","_kad_post_feature_position":"","_kad_post_header":false,"_kad_post_footer":false,"_kad_post_classname":""},"product_brand":[],"product_cat":[29,19],"product_tag":[],"class_list":{"0":"post-290","1":"product","2":"type-product","3":"status-publish","4":"has-post-thumbnail","6":"product_cat-liikunta-muut","7":"product_cat-liikuntaedut","9":"first","10":"instock","11":"virtual","12":"taxable","13":"purchasable","14":"product-type-simple","15":"entry","16":"content-bg","17":"loop-entry"},"acf":[],"_links":{"self":[{"href":"https:\/\/marketplace.epassi.fi\/natura-viva\/wp-json\/wp\/v2\/product\/290","targetHints":{"allow":["GET"]}}],"collection":[{"href":"https:\/\/marketplace.epassi.fi\/natura-viva\/wp-json\/wp\/v2\/product"}],"about":[{"href":"https:\/\/marketplace.epassi.fi\/natura-viva\/wp-json\/wp\/v2\/types\/product"}],"replies":[{"embeddable":true,"href":"https:\/\/marketplace.epassi.fi\/natura-viva\/wp-json\/wp\/v2\/comments?post=290"}],"wp:featuredmedia":[{"embeddable":true,"href":"https:\/\/marketplace.epassi.fi\/natura-viva\/wp-json\/wp\/v2\/media\/324"}],"wp:attachment":[{"href":"https:\/\/marketplace.epassi.fi\/natura-viva\/wp-json\/wp\/v2\/media?parent=290"}],"wp:term":[{"taxonomy":"product_brand","embeddable":true,"href":"https:\/\/marketplace.epassi.fi\/natura-viva\/wp-json\/wp\/v2\/product_brand?post=290"},{"taxonomy":"product_cat","embeddable":true,"href":"https:\/\/marketplace.epassi.fi\/natura-viva\/wp-json\/wp\/v2\/product_cat?post=290"},{"taxonomy":"product_tag","embeddable":true,"href":"https:\/\/marketplace.epassi.fi\/natura-viva\/wp-json\/wp\/v2\/product_tag?post=290"}],"curies":[{"name":"wp","href":"https:\/\/api.w.org\/{rel}","templated":true}]}}