{"id":67,"date":"2021-09-13T18:36:17","date_gmt":"2021-09-13T15:36:17","guid":{"rendered":"https:\/\/marketplace.epassi.fi\/natura-viva\/?post_type=product&#038;p=67"},"modified":"2023-02-09T11:33:21","modified_gmt":"2023-02-09T09:33:21","slug":"natura-vivan-melontakurssit-etela-suomessa","status":"publish","type":"product","link":"https:\/\/marketplace.epassi.fi\/natura-viva\/kauppa\/liikuntaedut\/liikunta-muut\/natura-vivan-melontakurssit-etela-suomessa\/","title":{"rendered":"Natura Vivan melontakurssit Etel\u00e4-Suomessa"},"content":{"rendered":"<h3>Natura Vivan melontakurssit &#8211; aloita uusi harrastus!<\/h3>\n<p>Natura Viva j\u00e4rjest\u00e4\u00e4 kes\u00e4kaudella melonnan alkeiskursseja useissa eri Etel\u00e4-Suomen toimipisteiss\u00e4. Melonnan alkeiskurssilla opit melonnan perustekniikat, harjoittelet pelastautumista sek\u00e4 oman retken suunnittelua. Melonnan alkeiskurssin suorittaneena sinulla on kaikki ev\u00e4\u00e4t uuden harrastamisen aloittamiseen sek\u00e4 retkeilyyn kajakilla!<\/p>\n<p>Melontakurssien hinnat vaihtelevat riippuen toimipisteest\u00e4 ja ajankohdasta.<\/p>\n<p>Natura Viva j\u00e4rjest\u00e4\u00e4 alkeiskursseja seuraavissa toimipisteiss\u00e4:<\/p>\n<ul>\n<li>Vuosaaren Melontakeskus &#8211; Helsinki<\/li>\n<li>Matinkyl\u00e4n Melontapiste &#8211; Espoo<\/li>\n<li>Teijon Kansallispuisto &#8211; Salo<\/li>\n<\/ul>\n<p>Melonnan jatkokurssit j\u00e4rjestet\u00e4\u00e4n kes\u00e4kauden aikana aina Vuosaaren Melontakeskuksella. Kaikki kurssit ovat ostettavissa suoraan Epassilla.<\/p>\n","protected":false},"excerpt":{"rendered":"<p>Natura Vivan melontakursseilla aloitat helposti uuden ulkoiluharrastuksen. Tutustu ja varaa!<\/p>\n","protected":false},"featured_media":336,"comment_status":"open","ping_status":"closed","template":"","meta":{"_acf_changed":false,"_kad_post_transparent":"default","_kad_post_title":"","_kad_post_layout":"default","_kad_post_sidebar_id":"","_kad_post_content_style":"default","_kad_post_vertical_padding":"default","_kad_post_feature":"","_kad_post_feature_position":"","_kad_post_header":false,"_kad_post_footer":false,"_kad_post_classname":""},"product_brand":[],"product_cat":[29,19,27],"product_tag":[],"class_list":{"0":"post-67","1":"product","2":"type-product","3":"status-publish","4":"has-post-thumbnail","6":"product_cat-liikunta-muut","7":"product_cat-liikuntaedut","8":"product_cat-ryhmaliikunta","10":"first","11":"instock","12":"taxable","13":"shipping-taxable","14":"product-type-external","15":"entry","16":"content-bg","17":"loop-entry"},"acf":[],"_links":{"self":[{"href":"https:\/\/marketplace.epassi.fi\/natura-viva\/wp-json\/wp\/v2\/product\/67","targetHints":{"allow":["GET"]}}],"collection":[{"href":"https:\/\/marketplace.epassi.fi\/natura-viva\/wp-json\/wp\/v2\/product"}],"about":[{"href":"https:\/\/marketplace.epassi.fi\/natura-viva\/wp-json\/wp\/v2\/types\/product"}],"replies":[{"embeddable":true,"href":"https:\/\/marketplace.epassi.fi\/natura-viva\/wp-json\/wp\/v2\/comments?post=67"}],"wp:featuredmedia":[{"embeddable":true,"href":"https:\/\/marketplace.epassi.fi\/natura-viva\/wp-json\/wp\/v2\/media\/336"}],"wp:attachment":[{"href":"https:\/\/marketplace.epassi.fi\/natura-viva\/wp-json\/wp\/v2\/media?parent=67"}],"wp:term":[{"taxonomy":"product_brand","embeddable":true,"href":"https:\/\/marketplace.epassi.fi\/natura-viva\/wp-json\/wp\/v2\/product_brand?post=67"},{"taxonomy":"product_cat","embeddable":true,"href":"https:\/\/marketplace.epassi.fi\/natura-viva\/wp-json\/wp\/v2\/product_cat?post=67"},{"taxonomy":"product_tag","embeddable":true,"href":"https:\/\/marketplace.epassi.fi\/natura-viva\/wp-json\/wp\/v2\/product_tag?post=67"}],"curies":[{"name":"wp","href":"https:\/\/api.w.org\/{rel}","templated":true}]}}