{"id":22,"date":"2021-09-13T17:45:59","date_gmt":"2021-09-13T17:45:59","guid":{"rendered":"https:\/\/marketplace.epassi.fi\/nk-sports-wellness\/?page_id=22"},"modified":"2021-10-12T10:57:35","modified_gmt":"2021-10-12T10:57:35","slug":"info","status":"publish","type":"page","link":"https:\/\/marketplace.epassi.fi\/nk-sports-wellness\/info\/","title":{"rendered":"Info"},"content":{"rendered":"\n\t<div class=\"entry-content single-content\">\n\n\t\t<div class=\"wp-block-columns\" style=\"gap:30px\">\n\t\t\t<div class=\"wp-block-column\">\n\t\t\t\t<h2>Tietoa yrityksest\u00e4<\/h2>\n\t\t\t\t<p><p>Tervetuloa vastaanotolleni Pasilan Osteopatiakeskukseen!<\/p>\n<p>Intohimonani on tarjota laadukkaita terveys- ja hyvinvointipalveluja, jotka ovat yksil\u00f6llisesti suunniteltu jokaiselle asiakkaalle. Palveluni perustuvat tutkittuun tietoon ja kokonaisvaltaiseen l\u00e4hestymistapaan, jossa otetaan huomioon sek\u00e4 kehon, ett\u00e4 mielen tarpeet.<\/p>\n<p>Yleisimpi\u00e4 syit\u00e4 hakeutua vastaanotolleni:<\/p>\n<p>- Akuutti, pitkittynyt tai krooninen tuki- ja liikuntaelimist\u00f6n kiputila esim sel\u00e4ss\u00e4, niskassa tai raajassa<br \/>\n- Heikentynyt nivelten liikkuvuus ja lihasj\u00e4nnitys<br \/>\n- Purentaelimist\u00f6n toimintah\u00e4iri\u00f6t \/ TMD<br \/>\n- P\u00e4\u00e4ns\u00e4rky, migreeni tai huimaus<br \/>\n- K\u00e4sien puutuminen<br \/>\n- Urheilu-, tapaturma- tai rasitusper\u00e4isten vammojen kuntoutus<br \/>\n- Ratsastajien kehonhuolto, kuntoutus ja oheisharjoittelu<\/p>\n<\/p>\n\t\t\t\t<h3>NK Sports &amp; Wellness <\/h3>\n\t\t\t\t<p>Pasilan Puistotie 6 B<br>\n\t\t\t\t\t02400 Helsinki<\/p>\n\t\t\t\t<p><a href=\"tel:0413141454\">0413141454<\/a><\/p>\n\t\t\t\t<p><a href=\"mailto:nksportsandwellness@gmail.com\">nksportsandwellness@gmail.com<\/a><\/p>\n\n\t\t\t\t<h2>Toimipisteet<\/h2><div class=\"info-page-location-list\"><div class=\"info-page-location\"><h3>NK Sports &amp; Wellness<\/h3><p>Pasilan Puistotie 6 B, 00240 Helsinki<\/p><p><a href=\"tel:0413141454\">0413141454<\/a><br><a href=\"mail:nksportsandwellness@gmail.com\">nksportsandwellness@gmail.com<\/a><p><a href=\"https:\/\/www.google.com\/maps\/search\/?api=1&query=Google&query_place_id=ChIJ5VxLW4wJkkYR771LFYFGtBk\">Katso sijainti kartalla <span>&#8599;<\/span><\/a><\/p><\/p><p>NK Sports &amp; Wellness toimii Pasilan osteopatiakeskuksen tiloissa.<\/p><\/div><div class=\"info-page-location\"><h3><\/h3><p><\/p><p><\/p><\/div><\/div>\t\t\t<\/div>\n\n\t\t\t<div class=\"wp-block-column\">\n\t\t\t\t<figure class=\"wp-block-image size-large\"><img loading=\"lazy\" decoding=\"async\" width=\"768\" height=\"433\" src=\"https:\/\/marketplace.epassi.fi\/nk-sports-wellness\/wp-content\/uploads\/sites\/440\/2025\/12\/Nimeton-malli-kopio-2-768x433.png\" class=\"attachment-medium_large size-medium_large\" alt=\"\" \/><\/figure>\n\t\t\t<\/div>\n\t\t<\/div>\n\t<\/div>\n\t\n","protected":false},"excerpt":{"rendered":"","protected":false},"author":2,"featured_media":0,"parent":0,"menu_order":0,"comment_status":"closed","ping_status":"closed","template":"","meta":{"_acf_changed":false,"_kad_post_transparent":"","_kad_post_title":"","_kad_post_layout":"","_kad_post_sidebar_id":"","_kad_post_content_style":"","_kad_post_vertical_padding":"","_kad_post_feature":"","_kad_post_feature_position":"","_kad_post_header":false,"_kad_post_footer":false,"_kad_post_classname":"","footnotes":""},"class_list":["post-22","page","type-page","status-publish","hentry"],"acf":[],"_links":{"self":[{"href":"https:\/\/marketplace.epassi.fi\/nk-sports-wellness\/wp-json\/wp\/v2\/pages\/22","targetHints":{"allow":["GET"]}}],"collection":[{"href":"https:\/\/marketplace.epassi.fi\/nk-sports-wellness\/wp-json\/wp\/v2\/pages"}],"about":[{"href":"https:\/\/marketplace.epassi.fi\/nk-sports-wellness\/wp-json\/wp\/v2\/types\/page"}],"author":[{"embeddable":true,"href":"https:\/\/marketplace.epassi.fi\/nk-sports-wellness\/wp-json\/wp\/v2\/users\/2"}],"replies":[{"embeddable":true,"href":"https:\/\/marketplace.epassi.fi\/nk-sports-wellness\/wp-json\/wp\/v2\/comments?post=22"}],"version-history":[{"count":10,"href":"https:\/\/marketplace.epassi.fi\/nk-sports-wellness\/wp-json\/wp\/v2\/pages\/22\/revisions"}],"predecessor-version":[{"id":264,"href":"https:\/\/marketplace.epassi.fi\/nk-sports-wellness\/wp-json\/wp\/v2\/pages\/22\/revisions\/264"}],"wp:attachment":[{"href":"https:\/\/marketplace.epassi.fi\/nk-sports-wellness\/wp-json\/wp\/v2\/media?parent=22"}],"curies":[{"name":"wp","href":"https:\/\/api.w.org\/{rel}","templated":true}]}}