{"id":289,"date":"2021-10-20T17:08:34","date_gmt":"2021-10-20T17:08:34","guid":{"rendered":"https:\/\/marketplace.epassi.fi\/nk-sports-wellness\/?post_type=product&#038;p=289"},"modified":"2025-12-25T12:10:50","modified_gmt":"2025-12-25T10:10:50","slug":"tmd-osteopatia-purentalihasten-toimintahairioihin-45min","status":"publish","type":"product","link":"https:\/\/marketplace.epassi.fi\/nk-sports-wellness\/kauppa\/hyvinvointi\/hieronta\/tmd-osteopatia-purentalihasten-toimintahairioihin-45min\/","title":{"rendered":"TMD Osteopatia &#8211; Purentalihasten toimintah\u00e4iri\u00f6ihin 45min"},"content":{"rendered":"<p>K\u00e4ynti sis\u00e4lt\u00e4\u00e4:<\/p>\n<ul>\n<li>Laaja alkuhaastattelu ja tutkiminen, jotta tiedet\u00e4\u00e4n mist\u00e4 vaivasta on kyse ja mist\u00e4 se johtuu.<\/li>\n<li>Purentalihasten, p\u00e4\u00e4n ja niskan alueen manuaalinen k\u00e4sittely, joka voi sis\u00e4lt\u00e4\u00e4 esimerkiksi hierontaa ja nivelen mobilisaatiotekniikoita. Joskus voidaan tarvittaessa ja asiakkaan halutessa k\u00e4ytt\u00e4\u00e4 hoidossa hy\u00f6dyksi my\u00f6s akupunktioneuloja.<\/li>\n<li>Yksil\u00f6idyt kotihoito-ohjeet, sek\u00e4 henkil\u00f6kohtainen harjoittelu- tai kuntoutusohjelma vaivan hoitoon ja ennaltaehk\u00e4isyyn.<\/li>\n<\/ul>\n<p>Ostettu palvelu on voimassa tasan 6kk ostop\u00e4iv\u00e4st\u00e4 eteenp\u00e4in.<\/p>\n","protected":false},"excerpt":{"rendered":"<p>Jos k\u00e4rsit narskuttelusta tai muista purentalihasten kivuista\/toimintah\u00e4iri\u00f6ist\u00e4, niin t\u00e4m\u00e4 palvelu on sinulle.<\/p>\n<p>Ortopedinen osteopatia on tutkittuun tietoon perustuva kokonaisvaltainen hoitomuoto, jolla voidaan hoitaa ja kuntouttaa erilaisia tuki- ja liikuntaelinper\u00e4isi\u00e4 vaivoja.<\/p>\n","protected":false},"featured_media":360,"comment_status":"open","ping_status":"closed","template":"","meta":{"_acf_changed":false,"_kad_post_transparent":"default","_kad_post_title":"","_kad_post_layout":"default","_kad_post_sidebar_id":"","_kad_post_content_style":"default","_kad_post_vertical_padding":"default","_kad_post_feature":"","_kad_post_feature_position":"","_kad_post_header":false,"_kad_post_footer":false,"_kad_post_classname":""},"product_brand":[],"product_cat":[31,21],"product_tag":[],"class_list":{"0":"post-289","1":"product","2":"type-product","3":"status-publish","4":"has-post-thumbnail","6":"product_cat-hieronta","7":"product_cat-hyvinvointi","9":"first","10":"instock","11":"virtual","12":"taxable","13":"purchasable","14":"product-type-simple","15":"entry","16":"content-bg","17":"loop-entry"},"acf":[],"_links":{"self":[{"href":"https:\/\/marketplace.epassi.fi\/nk-sports-wellness\/wp-json\/wp\/v2\/product\/289","targetHints":{"allow":["GET"]}}],"collection":[{"href":"https:\/\/marketplace.epassi.fi\/nk-sports-wellness\/wp-json\/wp\/v2\/product"}],"about":[{"href":"https:\/\/marketplace.epassi.fi\/nk-sports-wellness\/wp-json\/wp\/v2\/types\/product"}],"replies":[{"embeddable":true,"href":"https:\/\/marketplace.epassi.fi\/nk-sports-wellness\/wp-json\/wp\/v2\/comments?post=289"}],"wp:featuredmedia":[{"embeddable":true,"href":"https:\/\/marketplace.epassi.fi\/nk-sports-wellness\/wp-json\/wp\/v2\/media\/360"}],"wp:attachment":[{"href":"https:\/\/marketplace.epassi.fi\/nk-sports-wellness\/wp-json\/wp\/v2\/media?parent=289"}],"wp:term":[{"taxonomy":"product_brand","embeddable":true,"href":"https:\/\/marketplace.epassi.fi\/nk-sports-wellness\/wp-json\/wp\/v2\/product_brand?post=289"},{"taxonomy":"product_cat","embeddable":true,"href":"https:\/\/marketplace.epassi.fi\/nk-sports-wellness\/wp-json\/wp\/v2\/product_cat?post=289"},{"taxonomy":"product_tag","embeddable":true,"href":"https:\/\/marketplace.epassi.fi\/nk-sports-wellness\/wp-json\/wp\/v2\/product_tag?post=289"}],"curies":[{"name":"wp","href":"https:\/\/api.w.org\/{rel}","templated":true}]}}