{"id":290,"date":"2021-10-20T17:09:46","date_gmt":"2021-10-20T17:09:46","guid":{"rendered":"https:\/\/marketplace.epassi.fi\/nk-sports-wellness\/?post_type=product&#038;p=290"},"modified":"2025-12-25T12:10:50","modified_gmt":"2025-12-25T10:10:50","slug":"osteopaatin-ensikaynti-60min","status":"publish","type":"product","link":"https:\/\/marketplace.epassi.fi\/nk-sports-wellness\/kauppa\/hyvinvointi\/osteopaatin-ensikaynti-60min\/","title":{"rendered":"Osteopaatin laaja ensik\u00e4ynti 75min"},"content":{"rendered":"<p>Osteopaatin vastaanotolla hoidetaan mm. seuraavia vaivoja:<\/p>\n<ul data-rte-list=\"default\">\n<li>\n<p class=\"\">Akuutti, pitkittynyt -tai krooninen kiputila sel\u00e4n, niskan tai raajojen alueella<\/p>\n<\/li>\n<li>\n<p class=\"\">P\u00e4\u00e4ns\u00e4rky, migreeni ja huimaus<\/p>\n<\/li>\n<li>\n<p class=\"\">Purentalihasten toimintah\u00e4iri\u00f6t \/ TMD<\/p>\n<\/li>\n<li>\n<p class=\"\">Liikunta- ja rasitusper\u00e4isten vammojen kuntoutus<\/p>\n<\/li>\n<li>\n<p class=\"\">Whiplash-vammat ja p\u00e4\u00e4nvammat<\/p>\n<\/li>\n<li>\n<p class=\"\">Hermokivut (esim. hermopinne, iskias, TOS)<\/p>\n<\/li>\n<li>\n<p class=\"\">Nivelen heikentynyt liikkuvuus, liikerajoitteet tai lihasj\u00e4nnitys<\/p>\n<\/li>\n<\/ul>\n<p>Laaja ensik\u00e4ynti sis\u00e4lt\u00e4\u00e4:<\/p>\n<ul>\n<li>Asiakkaan halutessa alkukonsultaatio puhelimitse.<\/li>\n<li>Laaja alkuhaastattelu ja tutkiminen, jotta tiedet\u00e4\u00e4n mist\u00e4 vaivasta on kyse ja mist\u00e4 se johtuu.<\/li>\n<li>Manuaalinen k\u00e4sittely, joka voi sis\u00e4lt\u00e4\u00e4 esimerkiksi hierontaa ja nivelen mobilisaatio- ja manipulaatiotekniikoita. Joskus voidaan tarvittaessa ja asiakkaan halutessa k\u00e4ytt\u00e4\u00e4 hoidossa hy\u00f6dyksi my\u00f6s akupunktioneuloja tai kinesioteippausta.<\/li>\n<li>Yksil\u00f6idyt kotihoito-ohjeet, sek\u00e4 henkil\u00f6kohtainen harjoittelu- tai kuntoutusohjelma vaivan hoitoon ja ennaltaehk\u00e4isyyn.<\/li>\n<li>Tarvittaessa hoidon j\u00e4lkeinen puhelinkonsultaatio ja harjoitteluohjelman p\u00e4ivitys.<\/li>\n<\/ul>\n<p>Ostettu palvelu on voimassa tasan 6kk ostop\u00e4iv\u00e4st\u00e4 eteenp\u00e4in.<\/p>\n","protected":false},"excerpt":{"rendered":"<p>Osteopaatilta apua erilaisiin tuki- ja liikuntaelinper\u00e4isiin kipuihin, sairauksiin ja vammoihin.<\/p>\n<p>Ortopedinen osteopatia on tutkittuun tietoon perustuva kokonaisvaltainen hoitomuoto, jolla voidaan hoitaa ja kuntouttaa erilaisia tuki- ja liikuntaelinper\u00e4isi\u00e4 vaivoja.<\/p>\n<p>&nbsp;<\/p>\n","protected":false},"featured_media":363,"comment_status":"open","ping_status":"closed","template":"","meta":{"_acf_changed":false,"_kad_post_transparent":"default","_kad_post_title":"","_kad_post_layout":"default","_kad_post_sidebar_id":"","_kad_post_content_style":"default","_kad_post_vertical_padding":"default","_kad_post_feature":"","_kad_post_feature_position":"","_kad_post_header":false,"_kad_post_footer":false,"_kad_post_classname":""},"product_brand":[],"product_cat":[21],"product_tag":[],"class_list":{"0":"post-290","1":"product","2":"type-product","3":"status-publish","4":"has-post-thumbnail","6":"product_cat-hyvinvointi","8":"first","9":"instock","10":"virtual","11":"taxable","12":"purchasable","13":"product-type-simple","14":"entry","15":"content-bg","16":"loop-entry"},"acf":[],"_links":{"self":[{"href":"https:\/\/marketplace.epassi.fi\/nk-sports-wellness\/wp-json\/wp\/v2\/product\/290","targetHints":{"allow":["GET"]}}],"collection":[{"href":"https:\/\/marketplace.epassi.fi\/nk-sports-wellness\/wp-json\/wp\/v2\/product"}],"about":[{"href":"https:\/\/marketplace.epassi.fi\/nk-sports-wellness\/wp-json\/wp\/v2\/types\/product"}],"replies":[{"embeddable":true,"href":"https:\/\/marketplace.epassi.fi\/nk-sports-wellness\/wp-json\/wp\/v2\/comments?post=290"}],"wp:featuredmedia":[{"embeddable":true,"href":"https:\/\/marketplace.epassi.fi\/nk-sports-wellness\/wp-json\/wp\/v2\/media\/363"}],"wp:attachment":[{"href":"https:\/\/marketplace.epassi.fi\/nk-sports-wellness\/wp-json\/wp\/v2\/media?parent=290"}],"wp:term":[{"taxonomy":"product_brand","embeddable":true,"href":"https:\/\/marketplace.epassi.fi\/nk-sports-wellness\/wp-json\/wp\/v2\/product_brand?post=290"},{"taxonomy":"product_cat","embeddable":true,"href":"https:\/\/marketplace.epassi.fi\/nk-sports-wellness\/wp-json\/wp\/v2\/product_cat?post=290"},{"taxonomy":"product_tag","embeddable":true,"href":"https:\/\/marketplace.epassi.fi\/nk-sports-wellness\/wp-json\/wp\/v2\/product_tag?post=290"}],"curies":[{"name":"wp","href":"https:\/\/api.w.org\/{rel}","templated":true}]}}