{"id":348,"date":"2025-12-01T09:58:27","date_gmt":"2025-12-01T07:58:27","guid":{"rendered":"https:\/\/marketplace.epassi.fi\/nk-sports-wellness\/?post_type=product&#038;p=348"},"modified":"2025-12-25T12:10:51","modified_gmt":"2025-12-25T10:10:51","slug":"3x-sarjakortti-hieronta","status":"publish","type":"product","link":"https:\/\/marketplace.epassi.fi\/nk-sports-wellness\/kauppa\/hyvinvointi\/hieronta\/3x-sarjakortti-hieronta\/","title":{"rendered":"3x Sarjakortti Hieronta"},"content":{"rendered":"<p>Osteopaatin \/ Hierojan vastaanotolla hoidetaan mm. seuraavia vaivoja:<\/p>\n<ul data-rte-list=\"default\">\n<li>\n<p class=\"\">Akuutti, pitkittynyt -tai krooninen kiputila sel\u00e4n, niskan tai raajojen alueella<\/p>\n<\/li>\n<li>Lihasj\u00e4nnitys tai nivelen heikentynyt liikkuvuus<\/li>\n<li>\n<p class=\"\">P\u00e4\u00e4ns\u00e4rky, migreeni ja huimaus<\/p>\n<\/li>\n<li>\n<p class=\"\">Purentalihasten toimintah\u00e4iri\u00f6t \/ TMD<\/p>\n<\/li>\n<li>\n<p class=\"\">Liikunta- ja rasitusper\u00e4isten vammojen kuntoutus<\/p>\n<\/li>\n<li>\n<p class=\"\">Whiplash-vammat ja p\u00e4\u00e4nvammat<\/p>\n<\/li>\n<li>\n<p class=\"\">Hermokivut (esim. hermopinne, iskias, TOS)<\/p>\n<\/li>\n<\/ul>\n<p>Vastaanottok\u00e4ynti sis\u00e4lt\u00e4\u00e4:<\/p>\n<ul>\n<li>Laaja alkuhaastattelu ja tutkiminen, jotta tiedet\u00e4\u00e4n mist\u00e4 vaivasta on kyse ja mist\u00e4 se johtuu.<\/li>\n<li>Manuaalinen k\u00e4sittely, joka voi sis\u00e4lt\u00e4\u00e4 esimerkiksi hierontaa ja nivelen mobilisaatiotekniikoita. Joskus voidaan tarvittaessa ja asiakkaan halutessa k\u00e4ytt\u00e4\u00e4 hoidossa hy\u00f6dyksi my\u00f6s akupunktioneuloja tai kinesioteippausta.<\/li>\n<li>Vinkkej\u00e4 kotihoitoon ja vaivojen ennaltaehk\u00e4isyyn.<\/li>\n<li>Tarvittaessa hoidon j\u00e4lkeinen puhelinkonsultaatio.<\/li>\n<\/ul>\n<p>&nbsp;<\/p>\n","protected":false},"excerpt":{"rendered":"<p>T\u00e4m\u00e4n sarjakortin voit valintasi mukaan k\u00e4ytt\u00e4\u00e4 osteopatiaan, hierontaan tai n\u00e4iden yhdistelm\u00e4\u00e4n.<\/p>\n","protected":false},"featured_media":364,"comment_status":"open","ping_status":"closed","template":"","meta":{"_acf_changed":false,"_kad_post_transparent":"default","_kad_post_title":"","_kad_post_layout":"default","_kad_post_sidebar_id":"","_kad_post_content_style":"default","_kad_post_vertical_padding":"default","_kad_post_feature":"","_kad_post_feature_position":"","_kad_post_header":false,"_kad_post_footer":false,"_kad_post_classname":""},"product_brand":[],"product_cat":[31,21],"product_tag":[],"class_list":{"0":"post-348","1":"product","2":"type-product","3":"status-publish","4":"has-post-thumbnail","6":"product_cat-hieronta","7":"product_cat-hyvinvointi","9":"first","10":"instock","11":"taxable","12":"shipping-taxable","13":"purchasable","14":"product-type-variable","15":"entry","16":"content-bg","17":"loop-entry"},"acf":[],"_links":{"self":[{"href":"https:\/\/marketplace.epassi.fi\/nk-sports-wellness\/wp-json\/wp\/v2\/product\/348","targetHints":{"allow":["GET"]}}],"collection":[{"href":"https:\/\/marketplace.epassi.fi\/nk-sports-wellness\/wp-json\/wp\/v2\/product"}],"about":[{"href":"https:\/\/marketplace.epassi.fi\/nk-sports-wellness\/wp-json\/wp\/v2\/types\/product"}],"replies":[{"embeddable":true,"href":"https:\/\/marketplace.epassi.fi\/nk-sports-wellness\/wp-json\/wp\/v2\/comments?post=348"}],"wp:featuredmedia":[{"embeddable":true,"href":"https:\/\/marketplace.epassi.fi\/nk-sports-wellness\/wp-json\/wp\/v2\/media\/364"}],"wp:attachment":[{"href":"https:\/\/marketplace.epassi.fi\/nk-sports-wellness\/wp-json\/wp\/v2\/media?parent=348"}],"wp:term":[{"taxonomy":"product_brand","embeddable":true,"href":"https:\/\/marketplace.epassi.fi\/nk-sports-wellness\/wp-json\/wp\/v2\/product_brand?post=348"},{"taxonomy":"product_cat","embeddable":true,"href":"https:\/\/marketplace.epassi.fi\/nk-sports-wellness\/wp-json\/wp\/v2\/product_cat?post=348"},{"taxonomy":"product_tag","embeddable":true,"href":"https:\/\/marketplace.epassi.fi\/nk-sports-wellness\/wp-json\/wp\/v2\/product_tag?post=348"}],"curies":[{"name":"wp","href":"https:\/\/api.w.org\/{rel}","templated":true}]}}