{"id":365,"date":"2025-12-16T10:22:24","date_gmt":"2025-12-16T08:22:24","guid":{"rendered":"https:\/\/marketplace.epassi.fi\/nk-sports-wellness\/?post_type=product&#038;p=365"},"modified":"2026-01-01T13:14:04","modified_gmt":"2026-01-01T11:14:04","slug":"ratsastajan-kuntotesti-oheisharjoitteluohjelma","status":"publish","type":"product","link":"https:\/\/marketplace.epassi.fi\/nk-sports-wellness\/kauppa\/liikuntaedut\/liikunta-muut\/ratsastajan-kuntotesti-oheisharjoitteluohjelma\/","title":{"rendered":"Ratsastajan kuntotesti + Oheisharjoitteluohjelma"},"content":{"rendered":"<p data-rte-preserve-empty=\"true\">Testipaketti sis\u00e4lt\u00e4\u00e4 mm:<\/p>\n<ul data-rte-list=\"true\">\n<li>\n<p data-rte-preserve-empty=\"true\">Laajan alkuhaastattelun ja tutkimisen<\/p>\n<\/li>\n<li>\n<p data-rte-preserve-empty=\"true\">Ratsastajalle t\u00e4rkeiden liikelaajuksien, voimatasojen ja puolierojen mittauksia.<\/p>\n<\/li>\n<li>\n<p data-rte-preserve-empty=\"true\">Nopeuden, ketteryyden ja tasapainon testej\u00e4.<\/p>\n<\/li>\n<li>\n<p data-rte-preserve-empty=\"true\">Aerobisen kunnon testi.<\/p>\n<\/li>\n<\/ul>\n<p data-rte-preserve-empty=\"true\">Testi on kehitetty pitk\u00e4\u00e4n ratsastaneen ja hevosten kanssa ty\u00f6skennelleen ortopedisen osteopaatin ja urheiluhierojan toimesta k\u00e4ytt\u00e4en pohjana ratsastuksen lajianalyysi\u00e4, ratsastukseen liittyv\u00e4\u00e4 kirjallisuutta, sek\u00e4 ratsastajien ja valmentajien haastatteluita.<\/p>\n<p data-rte-preserve-empty=\"true\">Testin tulosten, haasteiden ja tavoitteiden perusteella tehd\u00e4\u00e4n yksil\u00f6llisesti suunniteltu oheisharjoitteluohjelma tukemaan ratsastusta ja arkea. Harjoitteluohjelma sis\u00e4ltyy testin hintaan.<\/p>\n<p data-rte-preserve-empty=\"true\">Paketin kokonaiskesto noin 2h (+-15min)<\/p>\n<p data-rte-preserve-empty=\"true\">Palvelu varataan erikseen s\u00e4hkk\u00f6postilla tai puhelimitse.<\/p>\n","protected":false},"excerpt":{"rendered":"<p>Kattava testipaketti ratsastajille kartoittamaan t\u00e4m\u00e4n hetken kuntotaso ja tarvittavat harjoitteet ratsastuksen tueksi. Testipaketti on suunniteltu tarkasti vastaamaan juuri ratsastajien tarpeita.<\/p>\n","protected":false},"featured_media":366,"comment_status":"open","ping_status":"closed","template":"","meta":{"_acf_changed":false,"_kad_post_transparent":"default","_kad_post_title":"","_kad_post_layout":"default","_kad_post_sidebar_id":"","_kad_post_content_style":"default","_kad_post_vertical_padding":"default","_kad_post_feature":"","_kad_post_feature_position":"","_kad_post_header":false,"_kad_post_footer":false,"_kad_post_classname":""},"product_brand":[],"product_cat":[29,19],"product_tag":[],"class_list":{"0":"post-365","1":"product","2":"type-product","3":"status-publish","4":"has-post-thumbnail","6":"product_cat-liikunta-muut","7":"product_cat-liikuntaedut","9":"first","10":"instock","11":"taxable","12":"shipping-taxable","13":"purchasable","14":"product-type-simple","15":"entry","16":"content-bg","17":"loop-entry"},"acf":[],"_links":{"self":[{"href":"https:\/\/marketplace.epassi.fi\/nk-sports-wellness\/wp-json\/wp\/v2\/product\/365","targetHints":{"allow":["GET"]}}],"collection":[{"href":"https:\/\/marketplace.epassi.fi\/nk-sports-wellness\/wp-json\/wp\/v2\/product"}],"about":[{"href":"https:\/\/marketplace.epassi.fi\/nk-sports-wellness\/wp-json\/wp\/v2\/types\/product"}],"replies":[{"embeddable":true,"href":"https:\/\/marketplace.epassi.fi\/nk-sports-wellness\/wp-json\/wp\/v2\/comments?post=365"}],"wp:featuredmedia":[{"embeddable":true,"href":"https:\/\/marketplace.epassi.fi\/nk-sports-wellness\/wp-json\/wp\/v2\/media\/366"}],"wp:attachment":[{"href":"https:\/\/marketplace.epassi.fi\/nk-sports-wellness\/wp-json\/wp\/v2\/media?parent=365"}],"wp:term":[{"taxonomy":"product_brand","embeddable":true,"href":"https:\/\/marketplace.epassi.fi\/nk-sports-wellness\/wp-json\/wp\/v2\/product_brand?post=365"},{"taxonomy":"product_cat","embeddable":true,"href":"https:\/\/marketplace.epassi.fi\/nk-sports-wellness\/wp-json\/wp\/v2\/product_cat?post=365"},{"taxonomy":"product_tag","embeddable":true,"href":"https:\/\/marketplace.epassi.fi\/nk-sports-wellness\/wp-json\/wp\/v2\/product_tag?post=365"}],"curies":[{"name":"wp","href":"https:\/\/api.w.org\/{rel}","templated":true}]}}