{"id":317,"date":"2022-01-28T20:44:42","date_gmt":"2022-01-28T18:44:42","guid":{"rendered":"https:\/\/marketplace.epassi.fi\/oasisturku\/?post_type=product&#038;p=317"},"modified":"2025-12-30T19:15:38","modified_gmt":"2025-12-30T17:15:38","slug":"10-kayntikertaa-mattotunneille","status":"publish","type":"product","link":"https:\/\/marketplace.epassi.fi\/oasisturku\/kauppa\/liikuntaedut\/jooga\/10-kayntikertaa-mattotunneille\/","title":{"rendered":"10 k\u00e4yntikertaa mattotunneille"},"content":{"rendered":"<p>Kortilla voi osallistua 10 kertaa Oasis Studion mattotunneille eli joogaan, pilatekseen, venyttelyyn sek\u00e4 Online tunneille. Kortti maksetaan ennen harjoittelun aloittamista ja k\u00e4yntikertasi n\u00e4kyv\u00e4t omassa profiilissasi. Kortti on voimassa ostop\u00e4iv\u00e4st\u00e4 alkaen 5 kk. 10x kortilla voi osallistua my\u00f6s tammikuussa aukeavan Partner Studiomme BASI Pilates Academyn mattotunneille.<\/p>\n<p>Lue lis\u00e4\u00e4 https:\/\/oasisturku.fi\/<\/p>\n","protected":false},"excerpt":{"rendered":"<p>Kortilla voi osallistua 10 kertaa Oasis Studion mattotunneille eli joogaan, pilatekseen, barreen, venyttelyyn sek\u00e4 Online tunneille. Kortti maksetaan ennen harjoittelun aloittamista ja k\u00e4yntikertasi n\u00e4kyv\u00e4t omassa profiilissasi. Kortti on voimassa ostop\u00e4iv\u00e4st\u00e4 alkaen 5 kk. 10x kortilla voi osallistua my\u00f6s Partner Studiomme BASI Pilates Academyn mattotunneille.<\/p>\n","protected":false},"featured_media":318,"comment_status":"open","ping_status":"closed","template":"","meta":{"_acf_changed":false,"_kad_post_transparent":"default","_kad_post_title":"","_kad_post_layout":"default","_kad_post_sidebar_id":"","_kad_post_content_style":"default","_kad_post_vertical_padding":"default","_kad_post_feature":"","_kad_post_feature_position":"","_kad_post_header":false,"_kad_post_footer":false,"_kad_post_classname":""},"product_brand":[],"product_cat":[25,19],"product_tag":[],"class_list":{"0":"post-317","1":"product","2":"type-product","3":"status-publish","4":"has-post-thumbnail","6":"product_cat-jooga","7":"product_cat-liikuntaedut","9":"first","10":"instock","11":"taxable","12":"shipping-taxable","13":"purchasable","14":"product-type-simple","15":"entry","16":"content-bg","17":"loop-entry"},"acf":[],"_links":{"self":[{"href":"https:\/\/marketplace.epassi.fi\/oasisturku\/wp-json\/wp\/v2\/product\/317","targetHints":{"allow":["GET"]}}],"collection":[{"href":"https:\/\/marketplace.epassi.fi\/oasisturku\/wp-json\/wp\/v2\/product"}],"about":[{"href":"https:\/\/marketplace.epassi.fi\/oasisturku\/wp-json\/wp\/v2\/types\/product"}],"replies":[{"embeddable":true,"href":"https:\/\/marketplace.epassi.fi\/oasisturku\/wp-json\/wp\/v2\/comments?post=317"}],"wp:featuredmedia":[{"embeddable":true,"href":"https:\/\/marketplace.epassi.fi\/oasisturku\/wp-json\/wp\/v2\/media\/318"}],"wp:attachment":[{"href":"https:\/\/marketplace.epassi.fi\/oasisturku\/wp-json\/wp\/v2\/media?parent=317"}],"wp:term":[{"taxonomy":"product_brand","embeddable":true,"href":"https:\/\/marketplace.epassi.fi\/oasisturku\/wp-json\/wp\/v2\/product_brand?post=317"},{"taxonomy":"product_cat","embeddable":true,"href":"https:\/\/marketplace.epassi.fi\/oasisturku\/wp-json\/wp\/v2\/product_cat?post=317"},{"taxonomy":"product_tag","embeddable":true,"href":"https:\/\/marketplace.epassi.fi\/oasisturku\/wp-json\/wp\/v2\/product_tag?post=317"}],"curies":[{"name":"wp","href":"https:\/\/api.w.org\/{rel}","templated":true}]}}