{"id":332,"date":"2022-12-09T09:21:58","date_gmt":"2022-12-09T07:21:58","guid":{"rendered":"https:\/\/marketplace.epassi.fi\/osteopaatti-jerry-ketola\/?post_type=product&#038;p=332"},"modified":"2025-04-08T13:07:34","modified_gmt":"2025-04-08T10:07:34","slug":"1-x-kuntosalivalmennus-sisaltaa-ohjelman","status":"publish","type":"product","link":"https:\/\/marketplace.epassi.fi\/osteopaatti-jerry-ketola\/kauppa\/liikuntaedut\/kuntosali\/1-x-kuntosalivalmennus-sisaltaa-ohjelman\/","title":{"rendered":"1 x kuntosalivalmennus (sis. ohjelman)"},"content":{"rendered":"<p>Haluaisitko olla paremmassa kunnossa ja olet harkinnut kuntosalille menemist\u00e4?<\/p>\n<p>Tule kanssani tutustumaan kuntosalitreenin saloihin ja opetellaan tekniikat kuntoon. Jos innostut niin voidaan jatkaa pidemm\u00e4lle.<\/p>\n<h4><strong>Kuntosalitreeni auttaa<\/strong><\/h4>\n<ul>\n<li>Selk\u00e4kipuun ja sel\u00e4n j\u00e4ykkyyteen<\/li>\n<li>Lantion alueen kipuihin<\/li>\n<li>Niska- ja hartiaseudun ongelmiin<\/li>\n<li>Olkap\u00e4\u00e4kipuun<\/li>\n<li>Polven ja lonkan kipuihin<\/li>\n<li>Kantap\u00e4\u00e4n ja nilkan kipuihin<\/li>\n<li>Akillesj\u00e4nteen ja jalkater\u00e4n kipuihin<\/li>\n<li>Rannekipuihin<\/li>\n<\/ul>\n<h4>Lis\u00e4ksi kuntosalitreeni<\/h4>\n<ul>\n<li>Laskee verenpainetta<\/li>\n<li>Auttaa painonhallinnassa<\/li>\n<li>Parantaa unenlaatua<\/li>\n<li>Lievitt\u00e4\u00e4 stressi\u00e4<\/li>\n<li>Parantaa t\u00f6iss\u00e4 jaksamista<\/li>\n<\/ul>\n","protected":false},"excerpt":{"rendered":"<p>1 x 60 min kuntosalitreeni. Voimassa 6 kk ostop\u00e4iv\u00e4st\u00e4.<\/p>\n","protected":false},"featured_media":366,"comment_status":"open","ping_status":"closed","template":"","meta":{"_acf_changed":false,"_kad_post_transparent":"default","_kad_post_title":"","_kad_post_layout":"default","_kad_post_sidebar_id":"","_kad_post_content_style":"default","_kad_post_vertical_padding":"default","_kad_post_feature":"","_kad_post_feature_position":"","_kad_post_header":false,"_kad_post_footer":false,"_kad_post_classname":""},"product_brand":[],"product_cat":[23,29,19],"product_tag":[],"class_list":{"0":"post-332","1":"product","2":"type-product","3":"status-publish","4":"has-post-thumbnail","6":"product_cat-kuntosali","7":"product_cat-liikunta-muut","8":"product_cat-liikuntaedut","10":"first","11":"instock","12":"virtual","13":"taxable","14":"purchasable","15":"product-type-simple","16":"entry","17":"content-bg","18":"loop-entry"},"acf":[],"_links":{"self":[{"href":"https:\/\/marketplace.epassi.fi\/osteopaatti-jerry-ketola\/wp-json\/wp\/v2\/product\/332","targetHints":{"allow":["GET"]}}],"collection":[{"href":"https:\/\/marketplace.epassi.fi\/osteopaatti-jerry-ketola\/wp-json\/wp\/v2\/product"}],"about":[{"href":"https:\/\/marketplace.epassi.fi\/osteopaatti-jerry-ketola\/wp-json\/wp\/v2\/types\/product"}],"replies":[{"embeddable":true,"href":"https:\/\/marketplace.epassi.fi\/osteopaatti-jerry-ketola\/wp-json\/wp\/v2\/comments?post=332"}],"wp:featuredmedia":[{"embeddable":true,"href":"https:\/\/marketplace.epassi.fi\/osteopaatti-jerry-ketola\/wp-json\/wp\/v2\/media\/366"}],"wp:attachment":[{"href":"https:\/\/marketplace.epassi.fi\/osteopaatti-jerry-ketola\/wp-json\/wp\/v2\/media?parent=332"}],"wp:term":[{"taxonomy":"product_brand","embeddable":true,"href":"https:\/\/marketplace.epassi.fi\/osteopaatti-jerry-ketola\/wp-json\/wp\/v2\/product_brand?post=332"},{"taxonomy":"product_cat","embeddable":true,"href":"https:\/\/marketplace.epassi.fi\/osteopaatti-jerry-ketola\/wp-json\/wp\/v2\/product_cat?post=332"},{"taxonomy":"product_tag","embeddable":true,"href":"https:\/\/marketplace.epassi.fi\/osteopaatti-jerry-ketola\/wp-json\/wp\/v2\/product_tag?post=332"}],"curies":[{"name":"wp","href":"https:\/\/api.w.org\/{rel}","templated":true}]}}