{"id":388,"date":"2025-07-05T11:43:27","date_gmt":"2025-07-05T08:43:27","guid":{"rendered":"https:\/\/marketplace.epassi.fi\/osteopaatti-jerry-ketola\/?post_type=product&#038;p=388"},"modified":"2025-10-30T15:57:00","modified_gmt":"2025-10-30T13:57:00","slug":"osteopatia-45-min","status":"publish","type":"product","link":"https:\/\/marketplace.epassi.fi\/osteopaatti-jerry-ketola\/kauppa\/hyvinvointi\/hieronta\/osteopatia-45-min\/","title":{"rendered":"Osteopatia 45 min"},"content":{"rendered":"<p>Kuuntelen tarinasi, tutkin ja p\u00e4\u00e4ttelen mist\u00e4 vaivasi johtuu. Saat v\u00e4lit\u00f6nt\u00e4 helpotusta kipuun ja jumeihin. Ohjaan ja neuvon sinulle liikkeet, joilla ongelmaasi saadaan pysyvi\u00e4 vaikutuksia. Teen my\u00f6s voima- ja kuntovalmennusta.<\/p>\n<h4><strong>Saat minulta apua ja ohjausta<\/strong><\/h4>\n<ul>\n<li>Selk\u00e4kipuun ja sel\u00e4n j\u00e4ykkyyteen<\/li>\n<li>Lantion alueen kipuihin<\/li>\n<li>Niska- ja hartiaseudun ongelmiin<\/li>\n<li>Olkap\u00e4\u00e4kipuun<\/li>\n<li>Polven ja lonkan kipuihin<\/li>\n<li>Kantap\u00e4\u00e4n ja nilkan kipuihin<\/li>\n<li>Akillesj\u00e4nteen ja jalkater\u00e4n kipuihin<\/li>\n<li>Rannekipuihin<\/li>\n<\/ul>\n","protected":false},"excerpt":{"rendered":"<p>Osteopaattinen hoito. Voimassa 6 kk ostop\u00e4iv\u00e4st\u00e4.<\/p>\n","protected":false},"featured_media":367,"comment_status":"open","ping_status":"closed","template":"","meta":{"_acf_changed":false,"_kad_post_transparent":"default","_kad_post_title":"","_kad_post_layout":"default","_kad_post_sidebar_id":"","_kad_post_content_style":"default","_kad_post_vertical_padding":"default","_kad_post_feature":"","_kad_post_feature_position":"","_kad_post_header":false,"_kad_post_footer":false,"_kad_post_classname":""},"product_brand":[],"product_cat":[31,21],"product_tag":[],"class_list":{"0":"post-388","1":"product","2":"type-product","3":"status-publish","4":"has-post-thumbnail","6":"product_cat-hieronta","7":"product_cat-hyvinvointi","9":"first","10":"instock","11":"virtual","12":"purchasable","13":"product-type-simple","14":"entry","15":"content-bg","16":"loop-entry"},"acf":[],"_links":{"self":[{"href":"https:\/\/marketplace.epassi.fi\/osteopaatti-jerry-ketola\/wp-json\/wp\/v2\/product\/388","targetHints":{"allow":["GET"]}}],"collection":[{"href":"https:\/\/marketplace.epassi.fi\/osteopaatti-jerry-ketola\/wp-json\/wp\/v2\/product"}],"about":[{"href":"https:\/\/marketplace.epassi.fi\/osteopaatti-jerry-ketola\/wp-json\/wp\/v2\/types\/product"}],"replies":[{"embeddable":true,"href":"https:\/\/marketplace.epassi.fi\/osteopaatti-jerry-ketola\/wp-json\/wp\/v2\/comments?post=388"}],"wp:featuredmedia":[{"embeddable":true,"href":"https:\/\/marketplace.epassi.fi\/osteopaatti-jerry-ketola\/wp-json\/wp\/v2\/media\/367"}],"wp:attachment":[{"href":"https:\/\/marketplace.epassi.fi\/osteopaatti-jerry-ketola\/wp-json\/wp\/v2\/media?parent=388"}],"wp:term":[{"taxonomy":"product_brand","embeddable":true,"href":"https:\/\/marketplace.epassi.fi\/osteopaatti-jerry-ketola\/wp-json\/wp\/v2\/product_brand?post=388"},{"taxonomy":"product_cat","embeddable":true,"href":"https:\/\/marketplace.epassi.fi\/osteopaatti-jerry-ketola\/wp-json\/wp\/v2\/product_cat?post=388"},{"taxonomy":"product_tag","embeddable":true,"href":"https:\/\/marketplace.epassi.fi\/osteopaatti-jerry-ketola\/wp-json\/wp\/v2\/product_tag?post=388"}],"curies":[{"name":"wp","href":"https:\/\/api.w.org\/{rel}","templated":true}]}}