{"id":22,"date":"2021-09-13T17:45:59","date_gmt":"2021-09-13T17:45:59","guid":{"rendered":"https:\/\/marketplace.epassi.fi\/osuva\/?page_id=22"},"modified":"2021-10-12T10:57:35","modified_gmt":"2021-10-12T10:57:35","slug":"info","status":"publish","type":"page","link":"https:\/\/marketplace.epassi.fi\/osuva\/info\/","title":{"rendered":"Info"},"content":{"rendered":"\n\t<div class=\"entry-content single-content\">\n\n\t\t<div class=\"wp-block-columns\" style=\"gap:30px\">\n\t\t\t<div class=\"wp-block-column\">\n\t\t\t\t<h2>Tietoa yrityksest\u00e4<\/h2>\n\t\t\t\t<p><p>Tervetuloa ampumaan<\/p>\n<p>KAKSI AMPUMARATAA HELSINGIN SYD\u00c4MESS\u00c4<br \/>\nOsuva on Suomen johtava sis\u00e4ampumaratapalveluja ja ampuma-asekoulutusta tarjoava yritys. Avattuamme ovet vuonna 2000 olemme opastaneet yli kahtakymment\u00e4tuhatta uutta ampujaa ampumaharrastuksen pariin ja j\u00e4rjest\u00e4neet tuhansia ryhm\u00e4tilaisuuksia sek\u00e4 koulutuksia.<\/p>\n<p>Radalle p\u00e4\u00e4see ainoastaan varaamalla ajan. Varaus on teht\u00e4v\u00e4 viimeist\u00e4\u00e4n edellisen\u00e4 p\u00e4iv\u00e4n\u00e4 ajanvarauksemme ollessa auki. Paras tapa varata aika on soittaa ajanvarausnumeroomme 09-8569 6980.<\/p>\n<p>WWW.OSUVA.COM<\/p>\n<\/p>\n\t\t\t\t<h3>Osuva Range &amp; Training, Ampumarata<\/h3>\n\t\t\t\t<p>OSUVA T\u00e4htitorninm\u00e4ki: Fabianinkatu 1 &amp; OSUVA Kamppi: Albertinkatu 36<br>\n\t\t\t\t\t00130 HELSINKI<\/p>\n\t\t\t\t<p><a href=\"tel:0985696980\">0985696980<\/a><\/p>\n\t\t\t\t<p><a href=\"mailto:info@osuva.com\">info@osuva.com<\/a><\/p>\n\n\t\t\t\t<h2>Toimipisteet<\/h2><div class=\"info-page-location-list\"><div class=\"info-page-location\"><h3>Osuva T\u00e4htitorninm\u00e4ki<\/h3><p>Fabianinkatu 1, 00130 Helsinki<\/p><p><p><a href=\"https:\/\/www.google.com\/maps\/search\/?api=1&query=Google&query_place_id=ChIJ5ViohcgLkkYRkDJf_RWLpjM\">Katso sijainti kartalla <span>&#8599;<\/span><\/a><\/p><\/p><p><\/p><\/div><div class=\"info-page-location\"><h3>Osuva Kamppi<\/h3><p>Albertinkatu 36, 00180 Helsinki<\/p><p><p><a href=\"https:\/\/www.google.com\/maps\/search\/?api=1&query=Google&query_place_id=ChIJ00j2lMoLkkYRDeCByjDS2As\">Katso sijainti kartalla <span>&#8599;<\/span><\/a><\/p><\/p><p><\/p><\/div><\/div>\t\t\t<\/div>\n\n\t\t\t<div class=\"wp-block-column\">\n\t\t\t\t<figure class=\"wp-block-image size-large\"><img loading=\"lazy\" decoding=\"async\" width=\"768\" height=\"576\" src=\"https:\/\/marketplace.epassi.fi\/osuva\/wp-content\/uploads\/sites\/214\/2021\/12\/IMG_2319-1280x960-1-768x576.jpg\" class=\"attachment-medium_large size-medium_large\" alt=\"\" \/><\/figure>\n\t\t\t<\/div>\n\t\t<\/div>\n\t<\/div>\n\t\n","protected":false},"excerpt":{"rendered":"","protected":false},"author":2,"featured_media":0,"parent":0,"menu_order":0,"comment_status":"closed","ping_status":"closed","template":"","meta":{"_acf_changed":false,"_kad_post_transparent":"","_kad_post_title":"","_kad_post_layout":"","_kad_post_sidebar_id":"","_kad_post_content_style":"","_kad_post_vertical_padding":"","_kad_post_feature":"","_kad_post_feature_position":"","_kad_post_header":false,"_kad_post_footer":false,"_kad_post_classname":"","footnotes":""},"class_list":["post-22","page","type-page","status-publish","hentry"],"acf":[],"_links":{"self":[{"href":"https:\/\/marketplace.epassi.fi\/osuva\/wp-json\/wp\/v2\/pages\/22","targetHints":{"allow":["GET"]}}],"collection":[{"href":"https:\/\/marketplace.epassi.fi\/osuva\/wp-json\/wp\/v2\/pages"}],"about":[{"href":"https:\/\/marketplace.epassi.fi\/osuva\/wp-json\/wp\/v2\/types\/page"}],"author":[{"embeddable":true,"href":"https:\/\/marketplace.epassi.fi\/osuva\/wp-json\/wp\/v2\/users\/2"}],"replies":[{"embeddable":true,"href":"https:\/\/marketplace.epassi.fi\/osuva\/wp-json\/wp\/v2\/comments?post=22"}],"version-history":[{"count":10,"href":"https:\/\/marketplace.epassi.fi\/osuva\/wp-json\/wp\/v2\/pages\/22\/revisions"}],"predecessor-version":[{"id":264,"href":"https:\/\/marketplace.epassi.fi\/osuva\/wp-json\/wp\/v2\/pages\/22\/revisions\/264"}],"wp:attachment":[{"href":"https:\/\/marketplace.epassi.fi\/osuva\/wp-json\/wp\/v2\/media?parent=22"}],"curies":[{"name":"wp","href":"https:\/\/api.w.org\/{rel}","templated":true}]}}