{"id":290,"date":"2021-10-20T17:09:46","date_gmt":"2021-10-20T17:09:46","guid":{"rendered":"https:\/\/marketplace.epassi.fi\/osuva\/?post_type=product&#038;p=290"},"modified":"2026-01-01T05:01:54","modified_gmt":"2026-01-01T03:01:54","slug":"tutustumiskaynti","status":"publish","type":"product","link":"https:\/\/marketplace.epassi.fi\/osuva\/kauppa\/liikuntaedut\/liikunta-muut\/tutustumiskaynti\/","title":{"rendered":"Tutustumisk\u00e4ynti"},"content":{"rendered":"<p><span class=\"cf0\">Kiinnostaako ampumaharrastuksen aloittaminen, tai haluaisitko vain kokeilla ampumista?<\/span><\/p>\n<p><span class=\"cf0\">Tutustumisk\u00e4ynnit on tarkoitettu uusille asiakkaille, jotka tulevat radallemme ensimm\u00e4ist\u00e4 kertaa ja joilla ei ole omaa asetta. Tutustumisk\u00e4yntien aikana kokeneet kouluttajamme ovat jatkuvasti rinnallasi, ohjaavat turvalliseen asek\u00e4sittelyyn ja antavat vinkkej\u00e4 ampumatekniikan parantamiseksi. <strong>Huomaathan, ett\u00e4 radalle p\u00e4\u00e4see ainoastaan varaamalla ajan emmek\u00e4 ota varauksia samalle p\u00e4iv\u00e4lle. Varaus on teht\u00e4v\u00e4 viimeist\u00e4\u00e4n edellisen\u00e4 p\u00e4iv\u00e4n\u00e4 ajanvarauksemme ollessa auki. Nopein ja tehokkain tapa varata aika on soittaa ajanvarausnumeroomme\u00a0<a href=\"tel:+358985696980\">09-8569 6980<\/a>. Lahjakortti on henkil\u00f6kohtainen.<\/strong><\/span><\/p>\n<p>Lis\u00e4tietoja l\u00f6yd\u00e4t t\u00e4\u00e4lt\u00e4:<\/p>\n<blockquote class=\"wp-embedded-content\" data-secret=\"TQhppBFSd2\"><p><a href=\"https:\/\/osuva.com\/ampumaan\/tutustumiskaynti\/\">Tutustumisk\u00e4ynti &#8211; ensimm\u00e4inen kerta Osuvalla<\/a><\/p><\/blockquote>\n<p><iframe loading=\"lazy\" class=\"wp-embedded-content\" sandbox=\"allow-scripts\" security=\"restricted\" style=\"position: absolute; clip: rect(1px, 1px, 1px, 1px);\" title=\"&#8221;Tutustumisk\u00e4ynti &#8211; ensimm\u00e4inen kerta Osuvalla&#8221; &#8212; Osuva ampumarata\" src=\"https:\/\/osuva.com\/ampumaan\/tutustumiskaynti\/embed\/#?secret=TQhppBFSd2\" data-secret=\"TQhppBFSd2\" width=\"600\" height=\"338\" frameborder=\"0\" marginwidth=\"0\" marginheight=\"0\" scrolling=\"no\"><\/iframe><\/p>\n","protected":false},"excerpt":{"rendered":"<h2><span class=\"cf0\">ENSIMM\u00c4IST\u00c4 KERTAA OSUVAN RADALLE?<\/span><\/h2>\n","protected":false},"featured_media":318,"comment_status":"open","ping_status":"closed","template":"","meta":{"_acf_changed":false,"_kad_post_transparent":"default","_kad_post_title":"","_kad_post_layout":"default","_kad_post_sidebar_id":"","_kad_post_content_style":"default","_kad_post_vertical_padding":"default","_kad_post_feature":"","_kad_post_feature_position":"","_kad_post_header":false,"_kad_post_footer":false,"_kad_post_classname":""},"product_brand":[],"product_cat":[29,19],"product_tag":[],"class_list":{"0":"post-290","1":"product","2":"type-product","3":"status-publish","4":"has-post-thumbnail","6":"product_cat-liikunta-muut","7":"product_cat-liikuntaedut","9":"first","10":"instock","11":"virtual","12":"taxable","13":"purchasable","14":"product-type-simple","15":"entry","16":"content-bg","17":"loop-entry"},"acf":[],"_links":{"self":[{"href":"https:\/\/marketplace.epassi.fi\/osuva\/wp-json\/wp\/v2\/product\/290","targetHints":{"allow":["GET"]}}],"collection":[{"href":"https:\/\/marketplace.epassi.fi\/osuva\/wp-json\/wp\/v2\/product"}],"about":[{"href":"https:\/\/marketplace.epassi.fi\/osuva\/wp-json\/wp\/v2\/types\/product"}],"replies":[{"embeddable":true,"href":"https:\/\/marketplace.epassi.fi\/osuva\/wp-json\/wp\/v2\/comments?post=290"}],"wp:featuredmedia":[{"embeddable":true,"href":"https:\/\/marketplace.epassi.fi\/osuva\/wp-json\/wp\/v2\/media\/318"}],"wp:attachment":[{"href":"https:\/\/marketplace.epassi.fi\/osuva\/wp-json\/wp\/v2\/media?parent=290"}],"wp:term":[{"taxonomy":"product_brand","embeddable":true,"href":"https:\/\/marketplace.epassi.fi\/osuva\/wp-json\/wp\/v2\/product_brand?post=290"},{"taxonomy":"product_cat","embeddable":true,"href":"https:\/\/marketplace.epassi.fi\/osuva\/wp-json\/wp\/v2\/product_cat?post=290"},{"taxonomy":"product_tag","embeddable":true,"href":"https:\/\/marketplace.epassi.fi\/osuva\/wp-json\/wp\/v2\/product_tag?post=290"}],"curies":[{"name":"wp","href":"https:\/\/api.w.org\/{rel}","templated":true}]}}