{"id":323,"date":"2022-10-31T12:36:17","date_gmt":"2022-10-31T10:36:17","guid":{"rendered":"https:\/\/marketplace.epassi.fi\/padel-vision-toivala\/?post_type=product&#038;p=323"},"modified":"2024-07-22T15:32:02","modified_gmt":"2024-07-22T12:32:02","slug":"lataa-vapaa-saldo","status":"publish","type":"product","link":"https:\/\/marketplace.epassi.fi\/padel-vision-toivala\/kauppa\/liikuntaedut\/lataa-vapaa-saldo\/","title":{"rendered":"Lataa vapaa saldo"},"content":{"rendered":"<p>Valitse ladattava saldo.<\/p>\n","protected":false},"excerpt":{"rendered":"<p>Mik\u00e4li haluat k\u00e4ytt\u00e4\u00e4 latauksen suoraan vakiovuorolaskutukseen, niin ilmoitathan meille s\u00e4hk\u00f6postitse info@padelvision.fi, ett\u00e4 kenen vakiovuoroon t\u00e4m\u00e4 k\u00e4ytet\u00e4\u00e4n.<\/p>\n","protected":false},"featured_media":321,"comment_status":"open","ping_status":"closed","template":"","meta":{"_acf_changed":false,"_kad_post_transparent":"default","_kad_post_title":"","_kad_post_layout":"default","_kad_post_sidebar_id":"","_kad_post_content_style":"default","_kad_post_vertical_padding":"default","_kad_post_feature":"","_kad_post_feature_position":"","_kad_post_header":false,"_kad_post_footer":false,"_kad_post_classname":""},"product_brand":[],"product_cat":[19],"product_tag":[],"class_list":{"0":"post-323","1":"product","2":"type-product","3":"status-publish","4":"has-post-thumbnail","6":"product_cat-liikuntaedut","8":"first","9":"instock","10":"taxable","11":"shipping-taxable","12":"purchasable","13":"product-type-variable","14":"has-default-attributes","15":"entry","16":"content-bg","17":"loop-entry"},"acf":[],"_links":{"self":[{"href":"https:\/\/marketplace.epassi.fi\/padel-vision-toivala\/wp-json\/wp\/v2\/product\/323","targetHints":{"allow":["GET"]}}],"collection":[{"href":"https:\/\/marketplace.epassi.fi\/padel-vision-toivala\/wp-json\/wp\/v2\/product"}],"about":[{"href":"https:\/\/marketplace.epassi.fi\/padel-vision-toivala\/wp-json\/wp\/v2\/types\/product"}],"replies":[{"embeddable":true,"href":"https:\/\/marketplace.epassi.fi\/padel-vision-toivala\/wp-json\/wp\/v2\/comments?post=323"}],"wp:featuredmedia":[{"embeddable":true,"href":"https:\/\/marketplace.epassi.fi\/padel-vision-toivala\/wp-json\/wp\/v2\/media\/321"}],"wp:attachment":[{"href":"https:\/\/marketplace.epassi.fi\/padel-vision-toivala\/wp-json\/wp\/v2\/media?parent=323"}],"wp:term":[{"taxonomy":"product_brand","embeddable":true,"href":"https:\/\/marketplace.epassi.fi\/padel-vision-toivala\/wp-json\/wp\/v2\/product_brand?post=323"},{"taxonomy":"product_cat","embeddable":true,"href":"https:\/\/marketplace.epassi.fi\/padel-vision-toivala\/wp-json\/wp\/v2\/product_cat?post=323"},{"taxonomy":"product_tag","embeddable":true,"href":"https:\/\/marketplace.epassi.fi\/padel-vision-toivala\/wp-json\/wp\/v2\/product_tag?post=323"}],"curies":[{"name":"wp","href":"https:\/\/api.w.org\/{rel}","templated":true}]}}