{"id":22,"date":"2021-09-13T17:45:59","date_gmt":"2021-09-13T17:45:59","guid":{"rendered":"https:\/\/marketplace.epassi.fi\/padma-joogastudiot\/?page_id=22"},"modified":"2021-10-12T10:57:35","modified_gmt":"2021-10-12T10:57:35","slug":"info","status":"publish","type":"page","link":"https:\/\/marketplace.epassi.fi\/padma-joogastudiot\/info\/","title":{"rendered":"Info"},"content":{"rendered":"\n\t<div class=\"entry-content single-content\">\n\n\t\t<div class=\"wp-block-columns\" style=\"gap:30px\">\n\t\t\t<div class=\"wp-block-column\">\n\t\t\t\t<h2>Padma Joogastudiot Oy<\/h2>\n\t\t\t\t<p><p>IHASTU JOOGAAN PADMALLA<\/p>\n<p>Me Padmalla tarjoamme tunteja rauhallisen, lempe\u00e4n, fyysisen ja edistyneen joogan muodoissa. Padmalla joogataan hyv\u00e4ksyv\u00e4ss\u00e4 ja sallivassa ilmapiiriss\u00e4. Meille ovat tervetulleita niin ensikertalaiset, kuin pidemp\u00e4\u00e4nkin jooganneet. L\u00f6yd\u00e4t tunnelmalliset studiomme J\u00e4rvenp\u00e4\u00e4st\u00e4, Keravalta ja nyt my\u00f6s Tuusulasta!<\/p>\n<p>www.padma.fi<\/p>\n<p>Asemakatu 4, J\u00e4rvenp\u00e4\u00e4<br \/>\nPalokorvenkatu 2, Kerava<br \/>\nRantatie 34, Tuusula<\/p>\n<\/p>\n\t\t\t\t<h3>Padma Joogastudiot Oy<\/h3>\n\t\t\t\t<p>Asemakatu 4<br>\n\t\t\t\t\t04400 J\u00e4rvenp\u00e4\u00e4<\/p>\n\t\t\t\t<p><a href=\"tel:040-8318282\">040-8318282<\/a><\/p>\n\t\t\t\t<p><a href=\"mailto:padmajooga@gmail.com\">padmajooga@gmail.com<\/a><\/p>\n\n\t\t\t\t<h2>Toimipisteet<\/h2><div class=\"info-page-location-list\"><div class=\"info-page-location\"><h3>J\u00e4rvenp\u00e4\u00e4<\/h3><p>Asemakatu , 04400 J\u00e4rvenp\u00e4\u00e4<\/p><p><p><a href=\"https:\/\/www.google.com\/maps\/search\/?api=1&query=Google&query_place_id=ChIJg7kI8RwBjkYRCACmA_0Y6TQ\">Katso sijainti kartalla <span>&#8599;<\/span><\/a><\/p><\/p><p><\/p><\/div><div class=\"info-page-location\"><h3>Kerava<\/h3><p>Palokorvenkatu 2, 04250 Kerava<\/p><p><p><a href=\"https:\/\/www.google.com\/maps\/search\/?api=1&query=Google&query_place_id=ChIJYc_yv1EBkkYRQghVIwQugfk\">Katso sijainti kartalla <span>&#8599;<\/span><\/a><\/p><\/p><p><\/p><\/div><div class=\"info-page-location\"><h3>Tuusula<\/h3><p>Rantatie 34, 04310 Tuusula<\/p><p><p><a href=\"https:\/\/www.google.com\/maps\/search\/?api=1&query=Google&query_place_id=ChIJDTIAGob_jUYRh1q-ZA-KM8Q\">Katso sijainti kartalla <span>&#8599;<\/span><\/a><\/p><\/p><p><\/p><\/div><\/div>\t\t\t<\/div>\n\n\t\t\t<div class=\"wp-block-column\">\n\t\t\t\t<figure class=\"wp-block-image size-large\"><img loading=\"lazy\" decoding=\"async\" width=\"768\" height=\"576\" src=\"https:\/\/marketplace.epassi.fi\/padma-joogastudiot\/wp-content\/uploads\/sites\/135\/2021\/11\/KeravallaIstuenRyhma-768x576.jpg\" class=\"attachment-medium_large size-medium_large\" alt=\"\" \/><\/figure>\n\t\t\t<\/div>\n\t\t<\/div>\n\t<\/div>\n\t\n","protected":false},"excerpt":{"rendered":"","protected":false},"author":2,"featured_media":0,"parent":0,"menu_order":0,"comment_status":"closed","ping_status":"closed","template":"","meta":{"_acf_changed":false,"_kad_post_transparent":"","_kad_post_title":"","_kad_post_layout":"","_kad_post_sidebar_id":"","_kad_post_content_style":"","_kad_post_vertical_padding":"","_kad_post_feature":"","_kad_post_feature_position":"","_kad_post_header":false,"_kad_post_footer":false,"_kad_post_classname":"","footnotes":""},"class_list":["post-22","page","type-page","status-publish","hentry"],"acf":[],"_links":{"self":[{"href":"https:\/\/marketplace.epassi.fi\/padma-joogastudiot\/wp-json\/wp\/v2\/pages\/22","targetHints":{"allow":["GET"]}}],"collection":[{"href":"https:\/\/marketplace.epassi.fi\/padma-joogastudiot\/wp-json\/wp\/v2\/pages"}],"about":[{"href":"https:\/\/marketplace.epassi.fi\/padma-joogastudiot\/wp-json\/wp\/v2\/types\/page"}],"author":[{"embeddable":true,"href":"https:\/\/marketplace.epassi.fi\/padma-joogastudiot\/wp-json\/wp\/v2\/users\/2"}],"replies":[{"embeddable":true,"href":"https:\/\/marketplace.epassi.fi\/padma-joogastudiot\/wp-json\/wp\/v2\/comments?post=22"}],"version-history":[{"count":10,"href":"https:\/\/marketplace.epassi.fi\/padma-joogastudiot\/wp-json\/wp\/v2\/pages\/22\/revisions"}],"predecessor-version":[{"id":264,"href":"https:\/\/marketplace.epassi.fi\/padma-joogastudiot\/wp-json\/wp\/v2\/pages\/22\/revisions\/264"}],"wp:attachment":[{"href":"https:\/\/marketplace.epassi.fi\/padma-joogastudiot\/wp-json\/wp\/v2\/media?parent=22"}],"curies":[{"name":"wp","href":"https:\/\/api.w.org\/{rel}","templated":true}]}}