{"id":317,"date":"2021-11-29T10:46:13","date_gmt":"2021-11-29T08:46:13","guid":{"rendered":"https:\/\/marketplace.epassi.fi\/padma-joogastudiot\/?post_type=product&#038;p=317"},"modified":"2026-05-01T19:04:53","modified_gmt":"2026-05-01T16:04:53","slug":"15-x-kortti","status":"publish","type":"product","link":"https:\/\/marketplace.epassi.fi\/padma-joogastudiot\/kauppa\/liikuntaedut\/jooga\/15-x-kortti\/","title":{"rendered":"15 x kortti"},"content":{"rendered":"<p>Voimassa 5 kuukautta.<br \/>\nK\u00e4y molemmilla studioilla, J\u00e4rvenp\u00e4\u00e4 ja Kerava.<br \/>\nK\u00e4y viikkotuntien ja my\u00f6s osan kursseista maksamiseen.<\/p>\n<p>Sarjakortin voimassaolo alkaa ensimm\u00e4isest\u00e4 k\u00e4yntikerrasta. Sanothan kassalla tullessasi ohjaajalle ett\u00e4 h\u00e4n vaihtaa aloitusp\u00e4iv\u00e4n kyseiselle p\u00e4iv\u00e4lle j\u00e4rjestelm\u00e4 ei ik\u00e4v\u00e4 kyll\u00e4 osaa sit\u00e4 itse tehd\u00e4 mutta se on helppo vaihtaa k\u00e4sin. Kortin k\u00e4ytt\u00f6 pit\u00e4\u00e4 kuitenkin aloittaa 1v sis\u00e4ll\u00e4 ostop\u00e4iv\u00e4st\u00e4.<\/p>\n<p>Jos kortin k\u00e4ytt\u00f6\u00e4 ei ole aloitettu yhden vuoden sis\u00e4ll\u00e4, kortin k\u00e4ytt\u00f6oikeus umpeutuu. Sarja- ja kuukausikorteilla ei ole palautusoikeutta.<\/p>\n<p>Vanhentunutta korttia voi k\u00e4ytt\u00e4\u00e4 5\u20ac\/Kerta lis\u00e4maksulla viel\u00e4 6kk voimassaolon p\u00e4\u00e4ttymisen j\u00e4lkeen. Lis\u00e4maksut voi maksaa kaikki kerralla tai yksitellen tullessaan kassalla. My\u00f6s l\u00e4\u00e4k\u00e4rintodistuksella saa jatkoaikaa kortille.<\/p>\n<p>Huomaathan ett\u00e4 t\u00e4m\u00e4 j\u00e4rjestelm\u00e4 ei ole suorassa yhteydess\u00e4 ajanvarausj\u00e4rjestelm\u00e4\u00e4mme jossa s\u00e4hk\u00f6iset sarjakorttimme on, eli voi menn\u00e4 p\u00e4iv\u00e4 tai kaksi ennenkuin kortti n\u00e4kyy tilill\u00e4si.<\/p>\n<p>Onhan sinulla jo tili ajanvarausj\u00e4rjestelm\u00e4ss\u00e4mme? Jos ei luo tili t\u00e4\u00e4ll\u00e4:<\/p>\n<p><a href=\"http:\/\/www.varaaheti.fi\/padma?fbclid=IwAR3CFibBJvdAN76Y8qDdnN0bK9QFH66qs7f-Jz3PWqATtPPvT8fqpapNo2E\">www.varaaheti.fi\/padma<\/a><\/p>\n<p>Teeth\u00e4n kortti oston samalla s\u00e4hk\u00f6postilla jolla olet kirjautunut ajanvarausj\u00e4rjestelm\u00e4\u00e4mme jotta saamme kortin luotua oikealle tilille.<\/p>\n","protected":false},"excerpt":{"rendered":"<p>Voimassa 5 kuukautta.<br \/>\nK\u00e4y molemmmilla studioilla.<\/p>\n","protected":false},"featured_media":318,"comment_status":"open","ping_status":"closed","template":"","meta":{"_acf_changed":false,"_kad_post_transparent":"default","_kad_post_title":"","_kad_post_layout":"default","_kad_post_sidebar_id":"","_kad_post_content_style":"default","_kad_post_vertical_padding":"default","_kad_post_feature":"","_kad_post_feature_position":"","_kad_post_header":false,"_kad_post_footer":false,"_kad_post_classname":""},"product_brand":[],"product_cat":[25,19],"product_tag":[],"class_list":{"0":"post-317","1":"product","2":"type-product","3":"status-publish","4":"has-post-thumbnail","6":"product_cat-jooga","7":"product_cat-liikuntaedut","9":"first","10":"instock","11":"taxable","12":"shipping-taxable","13":"purchasable","14":"product-type-simple","15":"entry","16":"content-bg","17":"loop-entry"},"acf":[],"_links":{"self":[{"href":"https:\/\/marketplace.epassi.fi\/padma-joogastudiot\/wp-json\/wp\/v2\/product\/317","targetHints":{"allow":["GET"]}}],"collection":[{"href":"https:\/\/marketplace.epassi.fi\/padma-joogastudiot\/wp-json\/wp\/v2\/product"}],"about":[{"href":"https:\/\/marketplace.epassi.fi\/padma-joogastudiot\/wp-json\/wp\/v2\/types\/product"}],"replies":[{"embeddable":true,"href":"https:\/\/marketplace.epassi.fi\/padma-joogastudiot\/wp-json\/wp\/v2\/comments?post=317"}],"wp:featuredmedia":[{"embeddable":true,"href":"https:\/\/marketplace.epassi.fi\/padma-joogastudiot\/wp-json\/wp\/v2\/media\/318"}],"wp:attachment":[{"href":"https:\/\/marketplace.epassi.fi\/padma-joogastudiot\/wp-json\/wp\/v2\/media?parent=317"}],"wp:term":[{"taxonomy":"product_brand","embeddable":true,"href":"https:\/\/marketplace.epassi.fi\/padma-joogastudiot\/wp-json\/wp\/v2\/product_brand?post=317"},{"taxonomy":"product_cat","embeddable":true,"href":"https:\/\/marketplace.epassi.fi\/padma-joogastudiot\/wp-json\/wp\/v2\/product_cat?post=317"},{"taxonomy":"product_tag","embeddable":true,"href":"https:\/\/marketplace.epassi.fi\/padma-joogastudiot\/wp-json\/wp\/v2\/product_tag?post=317"}],"curies":[{"name":"wp","href":"https:\/\/api.w.org\/{rel}","templated":true}]}}