{"id":430,"date":"2022-10-10T11:32:17","date_gmt":"2022-10-10T08:32:17","guid":{"rendered":"https:\/\/marketplace.epassi.fi\/padma-joogastudiot\/?post_type=product&#038;p=430"},"modified":"2026-05-02T00:06:32","modified_gmt":"2026-05-01T21:06:32","slug":"kertakortti","status":"publish","type":"product","link":"https:\/\/marketplace.epassi.fi\/padma-joogastudiot\/kauppa\/liikuntaedut\/jooga\/kertakortti\/","title":{"rendered":"Kertakortti"},"content":{"rendered":"<p>K\u00e4y molemmilla studioilla, J\u00e4rvenp\u00e4\u00e4 ja Kerava.<\/p>\n<p>Kertakortti k\u00e4y kaikille viikkotunneille yhden kerran maksuksi. Ei extra pitkiin workshoppeihin tai kursseille.<\/p>\n<p><strong>HUOM! Alehintainen kertakortti 8\u20ac tulee k\u00e4ytt\u00e4\u00e4 kuluvan viikon aikana jolloin tunnit ovat studiolla alennuksessa! T\u00e4ll\u00e4 ei voi maksaa normaalihintaisia viikkotunteja!<\/strong><\/p>\n<div class=\"woocommerce-tabs wc-tabs-wrapper\">\n<div id=\"tab-description\" class=\"woocommerce-Tabs-panel woocommerce-Tabs-panel--description panel entry-content wc-tab\" role=\"tabpanel\" aria-labelledby=\"tab-title-description\">\n<p>Huomaathan ett\u00e4 t\u00e4m\u00e4 j\u00e4rjestelm\u00e4 ei ole suorassa yhteydess\u00e4 ajanvarausj\u00e4rjestelm\u00e4\u00e4mme jossa s\u00e4hk\u00f6iset sarjakorttimme on, eli voi menn\u00e4 p\u00e4iv\u00e4 tai kaksi ennenkuin kortti n\u00e4kyy tilill\u00e4si.<\/p>\n<p>Onhan sinulla jo tili ajanvarausj\u00e4rjestelm\u00e4ss\u00e4mme? Jos ei luo tili t\u00e4\u00e4ll\u00e4:<\/p>\n<p><a href=\"http:\/\/www.varaaheti.fi\/padma?fbclid=IwAR3CFibBJvdAN76Y8qDdnN0bK9QFH66qs7f-Jz3PWqATtPPvT8fqpapNo2E\">www.varaaheti.fi\/padma<\/a><\/p>\n<p>Teeth\u00e4n kortti oston samalla s\u00e4hk\u00f6postilla jolla olet kirjautunut ajanvarausj\u00e4rjestelm\u00e4\u00e4mme jotta saamme kortin luotua oikealle tilille.<\/p>\n<\/div>\n<\/div>\n","protected":false},"excerpt":{"rendered":"<p>K\u00e4y molemmilla studioilla J\u00e4rvenp\u00e4\u00e4 ja Kerava.<\/p>\n<p>Kertakortti k\u00e4y kaikille viikkotunneille yhden kerran maksuksi.<\/p>\n<p>&nbsp;<\/p>\n","protected":false},"featured_media":320,"comment_status":"open","ping_status":"closed","template":"","meta":{"_acf_changed":false,"_kad_post_transparent":"default","_kad_post_title":"","_kad_post_layout":"default","_kad_post_sidebar_id":"","_kad_post_content_style":"default","_kad_post_vertical_padding":"default","_kad_post_feature":"","_kad_post_feature_position":"","_kad_post_header":false,"_kad_post_footer":false,"_kad_post_classname":""},"product_brand":[],"product_cat":[25,19,27],"product_tag":[],"class_list":{"0":"post-430","1":"product","2":"type-product","3":"status-publish","4":"has-post-thumbnail","6":"product_cat-jooga","7":"product_cat-liikuntaedut","8":"product_cat-ryhmaliikunta","10":"first","11":"instock","12":"taxable","13":"shipping-taxable","14":"purchasable","15":"product-type-simple","16":"entry","17":"content-bg","18":"loop-entry"},"acf":[],"_links":{"self":[{"href":"https:\/\/marketplace.epassi.fi\/padma-joogastudiot\/wp-json\/wp\/v2\/product\/430","targetHints":{"allow":["GET"]}}],"collection":[{"href":"https:\/\/marketplace.epassi.fi\/padma-joogastudiot\/wp-json\/wp\/v2\/product"}],"about":[{"href":"https:\/\/marketplace.epassi.fi\/padma-joogastudiot\/wp-json\/wp\/v2\/types\/product"}],"replies":[{"embeddable":true,"href":"https:\/\/marketplace.epassi.fi\/padma-joogastudiot\/wp-json\/wp\/v2\/comments?post=430"}],"wp:featuredmedia":[{"embeddable":true,"href":"https:\/\/marketplace.epassi.fi\/padma-joogastudiot\/wp-json\/wp\/v2\/media\/320"}],"wp:attachment":[{"href":"https:\/\/marketplace.epassi.fi\/padma-joogastudiot\/wp-json\/wp\/v2\/media?parent=430"}],"wp:term":[{"taxonomy":"product_brand","embeddable":true,"href":"https:\/\/marketplace.epassi.fi\/padma-joogastudiot\/wp-json\/wp\/v2\/product_brand?post=430"},{"taxonomy":"product_cat","embeddable":true,"href":"https:\/\/marketplace.epassi.fi\/padma-joogastudiot\/wp-json\/wp\/v2\/product_cat?post=430"},{"taxonomy":"product_tag","embeddable":true,"href":"https:\/\/marketplace.epassi.fi\/padma-joogastudiot\/wp-json\/wp\/v2\/product_tag?post=430"}],"curies":[{"name":"wp","href":"https:\/\/api.w.org\/{rel}","templated":true}]}}