{"id":434,"date":"2022-10-11T13:54:25","date_gmt":"2022-10-11T10:54:25","guid":{"rendered":"https:\/\/marketplace.epassi.fi\/padma-joogastudiot\/?post_type=product&#038;p=434"},"modified":"2026-01-01T05:01:50","modified_gmt":"2026-01-01T03:01:50","slug":"uuden-asiakkaan-tutustumisviikko","status":"publish","type":"product","link":"https:\/\/marketplace.epassi.fi\/padma-joogastudiot\/kauppa\/liikuntaedut\/jooga\/uuden-asiakkaan-tutustumisviikko\/","title":{"rendered":"Uuden asiakkaan tutustumisviikko"},"content":{"rendered":"<div class=\"card-title\">\n<h3>8pv<\/h3>\n<\/div>\n<p class=\"card-text\">Tutustumistarjous Padman uusille asiakkaille.<br \/>\nOsallistu niin monelle viikkotunnille, kuin haluat viikon ajan.<br \/>\nSama kortti k\u00e4y molemmilla studioilla J\u00e4rvenp\u00e4\u00e4 ja Kerava.<\/p>\n<p>Huom! T\u00e4m\u00e4n tarjouksen voit k\u00e4ytt\u00e4\u00e4 vain kerran.<\/p>\n<p>Ei k\u00e4y worksoppien tai extra pitkien kurssin maksuun.<\/p>\n<p>Huomaathan ett\u00e4 t\u00e4m\u00e4 j\u00e4rjestelm\u00e4 ei ole suorassa yhteydess\u00e4 ajanvarausj\u00e4rjestelm\u00e4\u00e4mme jossa s\u00e4hk\u00f6iset sarjakorttimme on, eli voi menn\u00e4 p\u00e4iv\u00e4 tai kaksi ennenkuin kortti n\u00e4kyy tilill\u00e4si.<\/p>\n<p>Jos haluat vaihtaa t\u00e4m\u00e4n kortin aloitus p\u00e4iv\u00e4\u00e4 laita meille s\u00e4hk\u00f6posti padmajooga(a)gmail.com.<\/p>\n<p>Kortin k\u00e4ytt\u00f6 pit\u00e4\u00e4 kuitenkin aloittaa 1v sis\u00e4ll\u00e4 ostop\u00e4iv\u00e4st\u00e4.<\/p>\n<p>Jos kortin k\u00e4ytt\u00f6\u00e4 ei ole aloitettu yhden vuoden sis\u00e4ll\u00e4, kortin k\u00e4ytt\u00f6oikeus umpeutuu. Sarja- ja kuukausikorteilla ei ole palautusoikeutta.<\/p>\n<p>Onhan sinulla jo tili ajanvarausj\u00e4rjestelm\u00e4ss\u00e4mme? Jos ei luo tili t\u00e4\u00e4ll\u00e4:<\/p>\n<p><a href=\"http:\/\/www.varaaheti.fi\/padma?fbclid=IwAR3CFibBJvdAN76Y8qDdnN0bK9QFH66qs7f-Jz3PWqATtPPvT8fqpapNo2E\">www.varaaheti.fi\/padma<\/a><\/p>\n<p>Teeth\u00e4n kortti oston samalla s\u00e4hk\u00f6postilla jolla olet kirjautunut ajanvarausj\u00e4rjestelm\u00e4\u00e4mme jotta saamme kortin luotua oikealle tilille.<\/p>\n","protected":false},"excerpt":{"rendered":"<p class=\"card-text\">Tutustumistarjous Padman uusille asiakkaille.<br \/>\nOsallistu niin monelle tunnille, kuin haluat viikon ajan.<br \/>\nSama kortti k\u00e4y molemmilla studioilla J\u00e4rvenp\u00e4\u00e4 ja Kerava.<\/p>\n<p>&nbsp;<\/p>\n","protected":false},"featured_media":316,"comment_status":"open","ping_status":"closed","template":"","meta":{"_acf_changed":false,"_kad_post_transparent":"default","_kad_post_title":"","_kad_post_layout":"default","_kad_post_sidebar_id":"","_kad_post_content_style":"default","_kad_post_vertical_padding":"default","_kad_post_feature":"","_kad_post_feature_position":"","_kad_post_header":false,"_kad_post_footer":false,"_kad_post_classname":""},"product_brand":[],"product_cat":[25,29,19,27],"product_tag":[],"class_list":{"0":"post-434","1":"product","2":"type-product","3":"status-publish","4":"has-post-thumbnail","6":"product_cat-jooga","7":"product_cat-liikunta-muut","8":"product_cat-liikuntaedut","9":"product_cat-ryhmaliikunta","11":"first","12":"instock","13":"taxable","14":"shipping-taxable","15":"purchasable","16":"product-type-simple","17":"entry","18":"content-bg","19":"loop-entry"},"acf":[],"_links":{"self":[{"href":"https:\/\/marketplace.epassi.fi\/padma-joogastudiot\/wp-json\/wp\/v2\/product\/434","targetHints":{"allow":["GET"]}}],"collection":[{"href":"https:\/\/marketplace.epassi.fi\/padma-joogastudiot\/wp-json\/wp\/v2\/product"}],"about":[{"href":"https:\/\/marketplace.epassi.fi\/padma-joogastudiot\/wp-json\/wp\/v2\/types\/product"}],"replies":[{"embeddable":true,"href":"https:\/\/marketplace.epassi.fi\/padma-joogastudiot\/wp-json\/wp\/v2\/comments?post=434"}],"wp:featuredmedia":[{"embeddable":true,"href":"https:\/\/marketplace.epassi.fi\/padma-joogastudiot\/wp-json\/wp\/v2\/media\/316"}],"wp:attachment":[{"href":"https:\/\/marketplace.epassi.fi\/padma-joogastudiot\/wp-json\/wp\/v2\/media?parent=434"}],"wp:term":[{"taxonomy":"product_brand","embeddable":true,"href":"https:\/\/marketplace.epassi.fi\/padma-joogastudiot\/wp-json\/wp\/v2\/product_brand?post=434"},{"taxonomy":"product_cat","embeddable":true,"href":"https:\/\/marketplace.epassi.fi\/padma-joogastudiot\/wp-json\/wp\/v2\/product_cat?post=434"},{"taxonomy":"product_tag","embeddable":true,"href":"https:\/\/marketplace.epassi.fi\/padma-joogastudiot\/wp-json\/wp\/v2\/product_tag?post=434"}],"curies":[{"name":"wp","href":"https:\/\/api.w.org\/{rel}","templated":true}]}}