{"id":273,"date":"2021-10-16T11:12:03","date_gmt":"2021-10-16T08:12:03","guid":{"rendered":"https:\/\/marketplace.epassi.fi\/personaltraining-npng\/?post_type=product&#038;p=273"},"modified":"2024-09-01T00:02:43","modified_gmt":"2024-08-31T21:02:43","slug":"henkilokohtainen-treeniohjelma","status":"publish","type":"product","link":"https:\/\/marketplace.epassi.fi\/personaltraining-npng\/kauppa\/liikuntaedut\/kuntosali\/henkilokohtainen-treeniohjelma\/","title":{"rendered":"Henkil\u00f6kohtainen treeniohjelma"},"content":{"rendered":"","protected":false},"excerpt":{"rendered":"<p>Sis\u00e4lt\u00e4\u00e4 alkuhaastattelun, kirjallisen treeniohjelman sek\u00e4 60 min kest\u00e4v\u00e4 ohjelman l\u00e4pik\u00e4ynti esim. kuntosalilla, lenkkipolulla tai kuntoportaissa.<\/p>\n","protected":false},"featured_media":344,"comment_status":"open","ping_status":"closed","template":"","meta":{"_acf_changed":false,"_kad_post_transparent":"default","_kad_post_title":"","_kad_post_layout":"default","_kad_post_sidebar_id":"","_kad_post_content_style":"default","_kad_post_vertical_padding":"default","_kad_post_feature":"","_kad_post_feature_position":"","_kad_post_header":false,"_kad_post_footer":false,"_kad_post_classname":""},"product_brand":[],"product_cat":[23,29,19,15],"product_tag":[],"class_list":{"0":"post-273","1":"product","2":"type-product","3":"status-publish","4":"has-post-thumbnail","6":"product_cat-kuntosali","7":"product_cat-liikunta-muut","8":"product_cat-liikuntaedut","9":"product_cat-yleinen","11":"first","12":"outofstock","13":"virtual","14":"purchasable","15":"product-type-simple","16":"entry","17":"content-bg","18":"loop-entry"},"acf":[],"_links":{"self":[{"href":"https:\/\/marketplace.epassi.fi\/personaltraining-npng\/wp-json\/wp\/v2\/product\/273","targetHints":{"allow":["GET"]}}],"collection":[{"href":"https:\/\/marketplace.epassi.fi\/personaltraining-npng\/wp-json\/wp\/v2\/product"}],"about":[{"href":"https:\/\/marketplace.epassi.fi\/personaltraining-npng\/wp-json\/wp\/v2\/types\/product"}],"replies":[{"embeddable":true,"href":"https:\/\/marketplace.epassi.fi\/personaltraining-npng\/wp-json\/wp\/v2\/comments?post=273"}],"wp:featuredmedia":[{"embeddable":true,"href":"https:\/\/marketplace.epassi.fi\/personaltraining-npng\/wp-json\/wp\/v2\/media\/344"}],"wp:attachment":[{"href":"https:\/\/marketplace.epassi.fi\/personaltraining-npng\/wp-json\/wp\/v2\/media?parent=273"}],"wp:term":[{"taxonomy":"product_brand","embeddable":true,"href":"https:\/\/marketplace.epassi.fi\/personaltraining-npng\/wp-json\/wp\/v2\/product_brand?post=273"},{"taxonomy":"product_cat","embeddable":true,"href":"https:\/\/marketplace.epassi.fi\/personaltraining-npng\/wp-json\/wp\/v2\/product_cat?post=273"},{"taxonomy":"product_tag","embeddable":true,"href":"https:\/\/marketplace.epassi.fi\/personaltraining-npng\/wp-json\/wp\/v2\/product_tag?post=273"}],"curies":[{"name":"wp","href":"https:\/\/api.w.org\/{rel}","templated":true}]}}