{"id":22,"date":"2021-09-13T17:45:59","date_gmt":"2021-09-13T17:45:59","guid":{"rendered":"https:\/\/marketplace.epassi.fi\/piianjalkahoito\/?page_id=22"},"modified":"2021-10-12T10:57:35","modified_gmt":"2021-10-12T10:57:35","slug":"info","status":"publish","type":"page","link":"https:\/\/marketplace.epassi.fi\/piianjalkahoito\/info\/","title":{"rendered":"Info"},"content":{"rendered":"\n\t<div class=\"entry-content single-content\">\n\n\t\t<div class=\"wp-block-columns\" style=\"gap:30px\">\n\t\t\t<div class=\"wp-block-column\">\n\t\t\t\t<h2>Tietoa yrityksest\u00e4<\/h2>\n\t\t\t\t<p><p>Toiminimi yritt\u00e4j\u00e4 Piianjalkahoito on perustettu vuonna 2016. Jalkahoitola sijaitsee Runosm\u00e4ess\u00e4 kerrostalo huoneistossa, jossa on hoitolaan oma ovi. Teen terveydenhoidollista jalkahoitoa, johon sis\u00e4ltyy: tutkiminen, jalkakylpy, kynsien ja ihon hoito.<br \/>\nVuodesta 2023 on saatavilla klassista hierontaa, nivel k\u00e4sittely\u00e4, passiiviset venyttelyt kipeisiin alueisiin. Rentouttaa ja tekee hyv\u00e4\u00e4 keholle ja mielelle. Saatavana 30 min, 45 min, 60 min, 90 min, 120 min. hoidot. 10 min. alkututkimiseen + haastatteluun.<br \/>\nTurun keskustasta bussi numero 18 tulee Runosm\u00e4keen n.10 min v\u00e4lein. Kulkuyhteydet muualtakin onnistuu hyvin. Parkkipaikka l\u00f6ytyy, jossa oma paikka numero 52.<br \/>\nTilattaessa aikaa saat ovikoodin ja muut tiedot. Parhaiten minut saa kiinni txt tai s\u00e4hk\u00f6postilla. Kiitos ja tervetuloa.<br \/>\nPiianjalkahoito &amp; hieronta<br \/>\n0456572479 tai piiakuusela@hotmail.com<br \/>\nwww.piianjalkahoito.fi<\/p>\n<\/p>\n\t\t\t\t<h3>Piianjalkahoito &amp; hieronta<\/h3>\n\t\t\t\t<p>Piiparinpolku 15 B 66<br>\n\t\t\t\t\t20360 Turku<\/p>\n\t\t\t\t<p><a href=\"tel:0456572479\">0456572479<\/a><\/p>\n\t\t\t\t<p><a href=\"mailto:piiakuusela@hotmail.com\">piiakuusela@hotmail.com<\/a><\/p>\n\n\t\t\t\t<h2>Toimipisteet<\/h2><div class=\"info-page-location-list\"><div class=\"info-page-location\"><h3>Piianjalkahoito &amp; hieronta<\/h3><p>Piiparinpolku 15, 20360 Turku<\/p><p><p><a href=\"https:\/\/www.google.com\/maps\/search\/?api=1&query=Google&query_place_id=ChIJheai5nZ2jEYRL6j96UjytNo\">Katso sijainti kartalla <span>&#8599;<\/span><\/a><\/p><\/p><p><\/p><\/div><\/div>\t\t\t<\/div>\n\n\t\t\t<div class=\"wp-block-column\">\n\t\t\t\t<figure class=\"wp-block-image size-large\"><img loading=\"lazy\" decoding=\"async\" width=\"51\" height=\"56\" src=\"https:\/\/marketplace.epassi.fi\/piianjalkahoito\/wp-content\/uploads\/sites\/193\/2021\/09\/epassi-favicon.webp\" class=\"attachment-medium_large size-medium_large\" alt=\"\" \/><\/figure>\n\t\t\t<\/div>\n\t\t<\/div>\n\t<\/div>\n\t\n","protected":false},"excerpt":{"rendered":"","protected":false},"author":2,"featured_media":0,"parent":0,"menu_order":0,"comment_status":"closed","ping_status":"closed","template":"","meta":{"_acf_changed":false,"_kad_post_transparent":"","_kad_post_title":"","_kad_post_layout":"","_kad_post_sidebar_id":"","_kad_post_content_style":"","_kad_post_vertical_padding":"","_kad_post_feature":"","_kad_post_feature_position":"","_kad_post_header":false,"_kad_post_footer":false,"_kad_post_classname":"","footnotes":""},"class_list":["post-22","page","type-page","status-publish","hentry"],"acf":[],"_links":{"self":[{"href":"https:\/\/marketplace.epassi.fi\/piianjalkahoito\/wp-json\/wp\/v2\/pages\/22","targetHints":{"allow":["GET"]}}],"collection":[{"href":"https:\/\/marketplace.epassi.fi\/piianjalkahoito\/wp-json\/wp\/v2\/pages"}],"about":[{"href":"https:\/\/marketplace.epassi.fi\/piianjalkahoito\/wp-json\/wp\/v2\/types\/page"}],"author":[{"embeddable":true,"href":"https:\/\/marketplace.epassi.fi\/piianjalkahoito\/wp-json\/wp\/v2\/users\/2"}],"replies":[{"embeddable":true,"href":"https:\/\/marketplace.epassi.fi\/piianjalkahoito\/wp-json\/wp\/v2\/comments?post=22"}],"version-history":[{"count":10,"href":"https:\/\/marketplace.epassi.fi\/piianjalkahoito\/wp-json\/wp\/v2\/pages\/22\/revisions"}],"predecessor-version":[{"id":264,"href":"https:\/\/marketplace.epassi.fi\/piianjalkahoito\/wp-json\/wp\/v2\/pages\/22\/revisions\/264"}],"wp:attachment":[{"href":"https:\/\/marketplace.epassi.fi\/piianjalkahoito\/wp-json\/wp\/v2\/media?parent=22"}],"curies":[{"name":"wp","href":"https:\/\/api.w.org\/{rel}","templated":true}]}}