{"id":282,"date":"2021-12-12T23:06:58","date_gmt":"2021-12-12T21:06:58","guid":{"rendered":"https:\/\/marketplace.epassi.fi\/piianjalkahoito\/?post_type=product&#038;p=282"},"modified":"2025-10-30T15:24:31","modified_gmt":"2025-10-30T13:24:31","slug":"jalkahoito-hoitolassa","status":"publish","type":"product","link":"https:\/\/marketplace.epassi.fi\/piianjalkahoito\/kauppa\/hyvinvointi\/jalkahoito-hoitolassa\/","title":{"rendered":"Jalkahoito Hoitolassa"},"content":{"rendered":"<p>Jalkahoito hoitolassa\u00a0 60 e tunnin hoito.<\/p>\n","protected":false},"excerpt":{"rendered":"<p>Jalkahoito hoitolassa, joka sis\u00e4lt\u00e4\u00e4: tutkiminen, jalkakylpy, erilaisten iho-ongelmien poisto esim. kovettumat, k\u00e4ns\u00e4t, syyl\u00e4t tai sarveistumat. Kynsien leikkuu, ohennus ja siistiminen. Omahoito-ohjeet.<\/p>\n<p>Hoidan kynsisieni\u00e4, diabetes jalkoja, reumaa sairastavia, psoriaasista sairastavia.<\/p>\n<p>Erikoishoitoja: kynsisienet, sis\u00e4\u00e4np\u00e4inkasvavat kynnet, ortoosien teko vasara varpaille, vaivasenluulle, hankauksiin.<\/p>\n<p>Teen terveydenhoidollista jalkahoitoa. Tervetuloa<\/p>\n","protected":false},"featured_media":331,"comment_status":"open","ping_status":"closed","template":"","meta":{"_acf_changed":false,"_kad_post_transparent":"default","_kad_post_title":"","_kad_post_layout":"default","_kad_post_sidebar_id":"","_kad_post_content_style":"default","_kad_post_vertical_padding":"default","_kad_post_feature":"","_kad_post_feature_position":"","_kad_post_header":false,"_kad_post_footer":false,"_kad_post_classname":""},"product_brand":[],"product_cat":[21],"product_tag":[],"class_list":{"0":"post-282","1":"product","2":"type-product","3":"status-publish","4":"has-post-thumbnail","6":"product_cat-hyvinvointi","8":"first","9":"instock","10":"virtual","11":"purchasable","12":"product-type-simple","13":"entry","14":"content-bg","15":"loop-entry"},"acf":[],"_links":{"self":[{"href":"https:\/\/marketplace.epassi.fi\/piianjalkahoito\/wp-json\/wp\/v2\/product\/282","targetHints":{"allow":["GET"]}}],"collection":[{"href":"https:\/\/marketplace.epassi.fi\/piianjalkahoito\/wp-json\/wp\/v2\/product"}],"about":[{"href":"https:\/\/marketplace.epassi.fi\/piianjalkahoito\/wp-json\/wp\/v2\/types\/product"}],"replies":[{"embeddable":true,"href":"https:\/\/marketplace.epassi.fi\/piianjalkahoito\/wp-json\/wp\/v2\/comments?post=282"}],"wp:featuredmedia":[{"embeddable":true,"href":"https:\/\/marketplace.epassi.fi\/piianjalkahoito\/wp-json\/wp\/v2\/media\/331"}],"wp:attachment":[{"href":"https:\/\/marketplace.epassi.fi\/piianjalkahoito\/wp-json\/wp\/v2\/media?parent=282"}],"wp:term":[{"taxonomy":"product_brand","embeddable":true,"href":"https:\/\/marketplace.epassi.fi\/piianjalkahoito\/wp-json\/wp\/v2\/product_brand?post=282"},{"taxonomy":"product_cat","embeddable":true,"href":"https:\/\/marketplace.epassi.fi\/piianjalkahoito\/wp-json\/wp\/v2\/product_cat?post=282"},{"taxonomy":"product_tag","embeddable":true,"href":"https:\/\/marketplace.epassi.fi\/piianjalkahoito\/wp-json\/wp\/v2\/product_tag?post=282"}],"curies":[{"name":"wp","href":"https:\/\/api.w.org\/{rel}","templated":true}]}}