{"id":290,"date":"2021-10-20T17:09:46","date_gmt":"2021-10-20T17:09:46","guid":{"rendered":"https:\/\/marketplace.epassi.fi\/pilatesta-kotona\/?post_type=product&#038;p=290"},"modified":"2026-01-01T05:02:00","modified_gmt":"2026-01-01T03:02:00","slug":"pilates-online-starttipaketti","status":"publish","type":"product","link":"https:\/\/marketplace.epassi.fi\/pilatesta-kotona\/kauppa\/liikuntaedut\/pilates-online-starttipaketti\/","title":{"rendered":"Pilates Online: starttipaketti ohjattuun harjoitteluun"},"content":{"rendered":"<p>Pilates Online on liven\u00e4 ohjattua pilatesta kotona. Pilates Online -tunneilla p\u00e4\u00e4set liikkumaan tarkassa ohjauksessa ja tekem\u00e4\u00e4n pilatesta miss\u00e4 tahansa oletkin. Tarvitset vain jumppa-alustan sek\u00e4 laitteen, jonka kautta voit liitty\u00e4 Zoom-videopalveluun (l\u00e4pp\u00e4ri, tabletti, \u00e4lypuhelin). N\u00e4ill\u00e4 tunneilla on avoin taso, ja siksi paras, sek\u00e4 edullisin tapa p\u00e4\u00e4st\u00e4 alkuun omassa treeniss\u00e4 on t\u00e4m\u00e4 starttipaketti!<\/p>\n<p>Starttipaketti sis\u00e4lt\u00e4\u00e4:<\/p>\n<ul>\n<li><strong>4 kpl 30min online-yksityisharjoituksia<\/strong>, joiden aikana p\u00e4\u00e4set liikkumaan helposti ja tehokkaasti, ja saat henkil\u00f6kohtaista ohjausta, jonka avulla pilatesharjoitus palvelee mahdollisimman hyvin sinun tarpeitasi ja tavoitteitasi<\/li>\n<li><strong>Henkil\u00f6kohtainen, kuvallinen liikelista<\/strong> toimitettuna kotiisi, jonka avulla teet harjoituksen koska tahansa my\u00f6s ilman ohjausta! Liikelista perustuu yksityistuntien aikana tehtyihin harjoitteisiin.<\/li>\n<li><strong>BONUS 31.12.2025 asti: <\/strong>Saat 1kk maksuttoman p\u00e4\u00e4syn Pilatesta kotona: videokirjastoon kaupan p\u00e4\u00e4lle (arvo 30\u20ac)<\/li>\n<\/ul>\n<p>Paketin tunnit ovat voimassa 1kk alkaen ensimm\u00e4isest\u00e4 tuntivarauksesta, tai viimeist\u00e4\u00e4n 1kk tilauksen aktivoimisesta l\u00e4htien. Voit my\u00f6s sopia itsellesi sopivan aloitusajankohdan suorana ohjaajasi kanssa.<\/p>\n<p><strong>HUOM! Kun olet tilannut t\u00e4m\u00e4n tuotteen, ota yhteytt\u00e4: hello@hannajoensuu.com jotta voimme sopia ensimm\u00e4isen tuntisi.<\/strong><\/p>\n<p>Tuntien ohjaaja: Hanna Joensuu on koulutettu pilatesohjaaja, joka on ohjannut pilatesta vuodesta 2015. Vuodesta 2018 l\u00e4htien Hanna on ty\u00f6skennellyt p\u00e4\u00e4toimisena pilatesohjaajana ja yritt\u00e4j\u00e4n\u00e4. H\u00e4n harjoittelee itse s\u00e4\u00e4nn\u00f6llisesti useamman kerran viikossa, ja vie harjoitusta eteenp\u00e4in varmalla otteella, huomioiden harjoittelijoiden eri tilanteet ja tarpeet.<\/p>\n<p><em>\u201cHanna on erinomainen pilatesohjaaja. Tied\u00e4n mist\u00e4 puhun, koska minulla on kokemusta monista ohjaajista. Parasta on Hannan selke\u00e4sanaisuus. Se on oleellista varsinkin verkon kautta, kun kaikkea ei voi n\u00e4ytt\u00e4\u00e4. Hanna on my\u00f6s kannustava ja samalla tarkka. En n\u00e4e muita, mutta tunnen p\u00e4rj\u00e4\u00e4v\u00e4ni omin rajoituksineni, ja puolen vuoden harjoittelun j\u00e4lkeen pystyn my\u00f6s vaikeisiin liikkeisiin paremmin.\u201d<\/em><\/p>\n<p>Lue lis\u00e4\u00e4: pilatestakotona.com<\/p>\n","protected":false},"excerpt":{"rendered":"<p><strong>Pilates Online on liven\u00e4 ohjattua pilatesta kotona, <\/strong>joka mahdollistaa pilateksen harrastamisen miss\u00e4 ja milloin tahansa. Starttipaketti sis\u00e4lt\u00e4\u00e4 4 yksityisesti ohjattua 30min harjoitusta Zoomin v\u00e4lityksell\u00e4, joiden pohjalta saat henkil\u00f6kohtaisen kotiohjelman toimitettuna postitse. <strong>Tilaa 31.12.2025 menness\u00e4 niin saat 1kk videokirjaston kaupan p\u00e4\u00e4lle!<\/strong><\/p>\n","protected":false},"featured_media":321,"comment_status":"open","ping_status":"closed","template":"","meta":{"_acf_changed":false,"_kad_post_transparent":"default","_kad_post_title":"","_kad_post_layout":"default","_kad_post_sidebar_id":"","_kad_post_content_style":"default","_kad_post_vertical_padding":"default","_kad_post_feature":"","_kad_post_feature_position":"","_kad_post_header":false,"_kad_post_footer":false,"_kad_post_classname":""},"product_brand":[],"product_cat":[19],"product_tag":[],"class_list":{"0":"post-290","1":"product","2":"type-product","3":"status-publish","4":"has-post-thumbnail","6":"product_cat-liikuntaedut","8":"first","9":"instock","10":"featured","11":"virtual","12":"taxable","13":"purchasable","14":"product-type-simple","15":"entry","16":"content-bg","17":"loop-entry"},"acf":[],"_links":{"self":[{"href":"https:\/\/marketplace.epassi.fi\/pilatesta-kotona\/wp-json\/wp\/v2\/product\/290","targetHints":{"allow":["GET"]}}],"collection":[{"href":"https:\/\/marketplace.epassi.fi\/pilatesta-kotona\/wp-json\/wp\/v2\/product"}],"about":[{"href":"https:\/\/marketplace.epassi.fi\/pilatesta-kotona\/wp-json\/wp\/v2\/types\/product"}],"replies":[{"embeddable":true,"href":"https:\/\/marketplace.epassi.fi\/pilatesta-kotona\/wp-json\/wp\/v2\/comments?post=290"}],"wp:featuredmedia":[{"embeddable":true,"href":"https:\/\/marketplace.epassi.fi\/pilatesta-kotona\/wp-json\/wp\/v2\/media\/321"}],"wp:attachment":[{"href":"https:\/\/marketplace.epassi.fi\/pilatesta-kotona\/wp-json\/wp\/v2\/media?parent=290"}],"wp:term":[{"taxonomy":"product_brand","embeddable":true,"href":"https:\/\/marketplace.epassi.fi\/pilatesta-kotona\/wp-json\/wp\/v2\/product_brand?post=290"},{"taxonomy":"product_cat","embeddable":true,"href":"https:\/\/marketplace.epassi.fi\/pilatesta-kotona\/wp-json\/wp\/v2\/product_cat?post=290"},{"taxonomy":"product_tag","embeddable":true,"href":"https:\/\/marketplace.epassi.fi\/pilatesta-kotona\/wp-json\/wp\/v2\/product_tag?post=290"}],"curies":[{"name":"wp","href":"https:\/\/api.w.org\/{rel}","templated":true}]}}