{"id":274,"date":"2021-10-16T11:14:50","date_gmt":"2021-10-16T08:14:50","guid":{"rendered":"https:\/\/marketplace.epassi.fi\/vauvabootcamp\/?post_type=product&#038;p=274"},"modified":"2026-02-12T08:33:13","modified_gmt":"2026-02-12T06:33:13","slug":"olen-vahva","status":"publish","type":"product","link":"https:\/\/marketplace.epassi.fi\/pimpparemppa\/kauppa\/liikuntaedut\/liikunta-muut\/olen-vahva\/","title":{"rendered":"Olen vahva"},"content":{"rendered":"<h2>OLEN VAHVA VALMENNUS, 8 VIIKKOA<\/h2>\n<p>Sinulle, joka haluat muokata vartalostasi kiinte\u00e4mm\u00e4n ja saada lihaksiin muotoa ilman kitudieetti\u00e4.<\/p>\n<p>Valmennuksessa saat ruokavalion, joka kest\u00e4\u00e4 my\u00f6s sosiaalista el\u00e4m\u00e4\u00e4, mutta tukee samalla kiinteytymist\u00e4 sek\u00e4 lihasmassan kehityst\u00e4. Selke\u00e4t treeniohjeet niin kotiin kuin kuntosalille.<\/p>\n<p>Naisellinen kaunis mallikas vartalo, joka polttaa jo levossa enemm\u00e4n rasvaa \ud83d\ude42<\/p>\n<ul>\n<li><strong>L\u00f6yd\u00e4 lihakset, kiinteydy, pudota painoa tai pid\u00e4 tulokset<\/strong><\/li>\n<li><strong>Terveytt\u00e4 edist\u00e4v\u00e4t ruokailutottumukset ja ravitsemussuositukset<\/strong><\/li>\n<li><strong>Ruokailutottumukset, jotka kest\u00e4v\u00e4t sosiaalistakin el\u00e4m\u00e4\u00e4<\/strong><\/li>\n<li><strong>Hiilihydraattien kierr\u00e4tyksell\u00e4 poltat rasvaa ja laihdut<\/strong><\/li>\n<li><strong>Tiukat koti\/sali painoharjoittelu treenit<\/strong><\/li>\n<li><strong>3 HIIT treeni\u00e4<\/strong><\/li>\n<li><strong>Kehonhuolto<\/strong><\/li>\n<li><strong>Voimaharjoittelulla vahva vartalo<\/strong><\/li>\n<\/ul>\n<p>Hiilihydraattien kierr\u00e4tysruokavalio (Carb Cycling) on ruokavalio, jossa hiilihydraattien saantia s\u00e4\u00e4dell\u00e4\u00e4n eri p\u00e4ivin\u00e4 eri tavoin. T\u00e4m\u00e4 ruokavalio voi tukea lihasmassan kasvua ja parantaa kuntosalitreeniin liittyv\u00e4\u00e4 suorituskyky\u00e4 useilla tavoilla:<\/p>\n<h3>1. <strong>Optimaalinen energiansaanti treenip\u00e4ivin\u00e4<\/strong><\/h3>\n<p>Hiilihydraattien kierr\u00e4tysruokavaliossa sy\u00f6d\u00e4\u00e4n enemm\u00e4n hiilihydraatteja treenip\u00e4ivin\u00e4, jolloin keho tarvitsee enemm\u00e4n energiaa intensiivisten harjoitusten suorittamiseen. T\u00e4m\u00e4 lis\u00e4\u00e4 lihasten glykogeenivarastoja, jotka toimivat t\u00e4rkeimp\u00e4n\u00e4 energianl\u00e4hteen\u00e4 voimaharjoituksissa. Korkeampi hiilihydraattim\u00e4\u00e4r\u00e4 treenip\u00e4ivin\u00e4 voi parantaa suorituskyky\u00e4, sill\u00e4 keho pystyy hy\u00f6dynt\u00e4m\u00e4\u00e4n enemm\u00e4n polttoainetta lihasten ty\u00f6skentelyyn. T\u00e4m\u00e4 voi johtaa parempiin tuloksiin harjoituksessa ja suurempaan lihasmassan kehitykseen.<\/p>\n<h3>2. <strong>Rasvan polttaminen matalilla hiilihydraattip\u00e4ivill\u00e4<\/strong><\/h3>\n<p>Matalilla hiilihydraattip\u00e4ivill\u00e4, jotka voivat olla ei-treenip\u00e4ivi\u00e4, keho siirtyy enemm\u00e4n rasvan polttamiseen energianl\u00e4hteen\u00e4. T\u00e4m\u00e4 voi auttaa v\u00e4hent\u00e4m\u00e4\u00e4n kehon rasvaprosenttia ilman, ett\u00e4 lihasmassa k\u00e4rsii. V\u00e4h\u00e4isempi insuliinitaso ja korkeampi rasvanpoltto voivat edist\u00e4\u00e4 rasvan h\u00e4vi\u00e4mist\u00e4, jolloin lihasmassa tulee suhteessa n\u00e4kyv\u00e4mm\u00e4ksi.<\/p>\n<h3>3. <strong>Lihasten palautuminen ja kasvu<\/strong><\/h3>\n<p>Hiilihydraattien kierr\u00e4tysruokavalio tukee lihasten palautumista treenip\u00e4ivien j\u00e4lkeen. Kun sy\u00f6d\u00e4\u00e4n enemm\u00e4n hiilihydraatteja, erityisesti treenin j\u00e4lkeen, insuliini ja aminohapot kulkeutuvat tehokkaasti lihaksiin, mik\u00e4 tukee lihaskasvua ja palautumista. Insuliini on anabolinen hormoni, joka auttaa siirt\u00e4m\u00e4\u00e4n ravinteita lihaskudokseen, ja riitt\u00e4v\u00e4 hiilihydraattien saanti voi lis\u00e4t\u00e4 insuliinin erityst\u00e4, joka parantaa lihasten rakennusprosessia.<\/p>\n<h3>4. <strong>S\u00e4ilytt\u00e4\u00e4 lihasmassa v\u00e4h\u00e4kalorisina p\u00e4ivin\u00e4<\/strong><\/h3>\n<p>Vaikka v\u00e4h\u00e4hiilihydraattisina p\u00e4ivin\u00e4 saattaa olla kalorien saanti hieman rajoitetumpaa, t\u00e4m\u00e4 ei tarkoita, ett\u00e4 lihasmassa k\u00e4rsisi. Hiilihydraattien kierr\u00e4tysruokavalio takaa, ett\u00e4 lihasmassan s\u00e4ilytt\u00e4minen onnistuu v\u00e4h\u00e4hiilihydraattisina p\u00e4ivin\u00e4, koska proteiinin saanti voi olla korkeampaa ja lihaskudokselle tarjotaan edelleen energiaa rasvasta ja proteiinista. T\u00e4m\u00e4 mahdollistaa rasvanpolton ja samalla lihasmassan s\u00e4ilytt\u00e4misen.<\/p>\n<h3>5. <strong>Parempi insuliiniherkkyys<\/strong><\/h3>\n<p>Hiilihydraattien kierr\u00e4tys auttaa parantamaan kehon insuliiniherkkyytt\u00e4. T\u00e4m\u00e4 tarkoittaa sit\u00e4, ett\u00e4 keho pystyy hy\u00f6dynt\u00e4m\u00e4\u00e4n sy\u00f6m\u00e4t hiilihydraatit tehokkaammin. Insuliiniherkkyyden parantaminen voi auttaa kehoa hallitsemaan paremmin energiansaantia ja tukemaan lihaskasvua. Korkeampi hiilihydraattien saanti treenip\u00e4ivin\u00e4 voi my\u00f6s auttaa palauttamaan lihasten glykogeenitasoja tehokkaasti.<\/p>\n<h3>6. <strong>Kehon koostumus (rasvan ja lihaksen suhde)<\/strong><\/h3>\n<p>Hiilihydraattien kierr\u00e4tysruokavalio voi edist\u00e4\u00e4 parempaa kehon koostumusta, sill\u00e4 se mahdollistaa lihasmassan kasvatuksen samalla, kun rasvaa poltetaan. Korkeampi hiilihydraattien saanti treenip\u00e4ivin\u00e4 tukee lihaskasvua, kun taas matalampi hiilihydraattien saanti ei est\u00e4 rasvanpolttoa. T\u00e4m\u00e4 yhdistelm\u00e4 auttaa saamaan alhaisemman rasvaprosentin ja paremman lihasmassan suhteen.<\/p>\n<h3>Yhteenveto<\/h3>\n<p>Hiilihydraattien kierr\u00e4tysruokavalio on hy\u00f6dyllinen ty\u00f6kalu lihasmassan kasvattamiseen ja kuntosalitreeniin, koska se mahdollistaa optimaalisen energiansaannin treenip\u00e4ivin\u00e4, parantaa palautumista, edist\u00e4\u00e4 rasvanpolttoa v\u00e4h\u00e4hiilihydraattisina p\u00e4ivin\u00e4 ja tukee insuliiniherkkyyden parantumista. T\u00e4m\u00e4 ruokavalio tarjoaa keholle tarvittavat ravinteet lihaskasvulle ja auttaa samalla v\u00e4hent\u00e4m\u00e4\u00e4n kehon rasvaprosenttia, mik\u00e4 johtaa parempaan kehon koostumukseen.<\/p>\n<p>&nbsp;<\/p>\n","protected":false},"excerpt":{"rendered":"<h2>OLEN VAHVA VALMENNUS, 8 VIIKKOA<\/h2>\n<p>Sinulle, joka haluat muokata vartalostasi kiinte\u00e4mm\u00e4n ja saada lihaksiin muotoa ilman kitudieetti\u00e4.<\/p>\n<p>Valmennuksessa saat ruokavalion, joka kest\u00e4\u00e4 my\u00f6s sosiaalista el\u00e4m\u00e4\u00e4, mutta tukee samalla kiinteytymist\u00e4 sek\u00e4 lihasmassan kehityst\u00e4-<\/p>\n<p>Naisellinen kaunis mallikas vartalo, joka polttaa jo levossa enemm\u00e4n rasvaa \ud83d\ude42<\/p>\n","protected":false},"featured_media":1038,"template":"","meta":{"_acf_changed":false,"_kad_post_transparent":"default","_kad_post_title":"","_kad_post_layout":"default","_kad_post_sidebar_id":"","_kad_post_content_style":"default","_kad_post_vertical_padding":"default","_kad_post_feature":"","_kad_post_feature_position":"","_kad_post_header":false,"_kad_post_footer":false,"_kad_post_classname":""},"product_brand":[],"product_cat":[29,19,28],"product_tag":[],"class_list":{"0":"post-274","1":"product","2":"type-product","3":"status-publish","4":"has-post-thumbnail","6":"product_cat-liikunta-muut","7":"product_cat-liikuntaedut","8":"product_cat-verkkotreenit","10":"first","11":"instock","12":"virtual","13":"taxable","14":"purchasable","15":"product-type-simple","16":"entry","17":"content-bg","18":"loop-entry"},"acf":[],"_links":{"self":[{"href":"https:\/\/marketplace.epassi.fi\/pimpparemppa\/wp-json\/wp\/v2\/product\/274","targetHints":{"allow":["GET"]}}],"collection":[{"href":"https:\/\/marketplace.epassi.fi\/pimpparemppa\/wp-json\/wp\/v2\/product"}],"about":[{"href":"https:\/\/marketplace.epassi.fi\/pimpparemppa\/wp-json\/wp\/v2\/types\/product"}],"wp:featuredmedia":[{"embeddable":true,"href":"https:\/\/marketplace.epassi.fi\/pimpparemppa\/wp-json\/wp\/v2\/media\/1038"}],"wp:attachment":[{"href":"https:\/\/marketplace.epassi.fi\/pimpparemppa\/wp-json\/wp\/v2\/media?parent=274"}],"wp:term":[{"taxonomy":"product_brand","embeddable":true,"href":"https:\/\/marketplace.epassi.fi\/pimpparemppa\/wp-json\/wp\/v2\/product_brand?post=274"},{"taxonomy":"product_cat","embeddable":true,"href":"https:\/\/marketplace.epassi.fi\/pimpparemppa\/wp-json\/wp\/v2\/product_cat?post=274"},{"taxonomy":"product_tag","embeddable":true,"href":"https:\/\/marketplace.epassi.fi\/pimpparemppa\/wp-json\/wp\/v2\/product_tag?post=274"}],"curies":[{"name":"wp","href":"https:\/\/api.w.org\/{rel}","templated":true}]}}