{"id":282,"date":"2021-11-23T10:52:48","date_gmt":"2021-11-23T08:52:48","guid":{"rendered":"https:\/\/marketplace.epassi.fi\/vauvabootcamp\/?post_type=product&#038;p=282"},"modified":"2024-09-01T00:03:49","modified_gmt":"2024-08-31T21:03:49","slug":"lahjakortti","status":"publish","type":"product","link":"https:\/\/marketplace.epassi.fi\/pimpparemppa\/kauppa\/liikuntaedut\/liikunta-muut\/lahjakortti\/","title":{"rendered":"Lahjakortti"},"content":{"rendered":"<p>Haluaisitko muistaa yst\u00e4v\u00e4\u00e4?<\/p>\n<p>Haluaisitko k\u00e4ytt\u00e4\u00e4 loput e-passi saldot ja k\u00e4ytt\u00e4\u00e4 valmennuksiimme kun sinulla on sopiva hetki?<\/p>\n<p>Osta saldoa k\u00e4ytett\u00e4v\u00e4ksi valmennuksiimme haluamasi summa.<\/p>\n<p>&nbsp;<\/p>\n<p>L\u00f6yd\u00e4t yrityksen nimell\u00e4 Fit Around Oy, 2754560-9.<\/p>\n<p>&nbsp;<\/p>\n<p>Laita s\u00e4hk\u00f6postilla kuva maksusta ja sovitaan millin ja mihin haluat k\u00e4ytt\u00e4\u00e4 saldon \ud83d\ude42<\/p>\n<p>www.vauvabootcamp.fi<\/p>\n<p>vauvabootcamp@gmail.com<\/p>\n","protected":false},"excerpt":{"rendered":"<p>Haluaisitko muistaa yst\u00e4v\u00e4\u00e4?<\/p>\n<p>Haluaisitko k\u00e4ytt\u00e4\u00e4 loput e-passi saldot ja k\u00e4ytt\u00e4\u00e4 valmennuksiimme kun sinulla on sopiva hetki?<\/p>\n<p>Osta saldoa k\u00e4ytett\u00e4v\u00e4ksi valmennuksiimme haluamasi summa.<\/p>\n<p>&nbsp;<\/p>\n<p>L\u00f6yd\u00e4t yrityksen nimell\u00e4 Fit Around Oy, 2754560-9.<\/p>\n","protected":false},"featured_media":345,"template":"","meta":{"_acf_changed":false,"_kad_post_transparent":"default","_kad_post_title":"","_kad_post_layout":"default","_kad_post_sidebar_id":"","_kad_post_content_style":"default","_kad_post_vertical_padding":"default","_kad_post_feature":"","_kad_post_feature_position":"","_kad_post_header":false,"_kad_post_footer":false,"_kad_post_classname":""},"product_brand":[],"product_cat":[29,19,28],"product_tag":[],"class_list":{"0":"post-282","1":"product","2":"type-product","3":"status-publish","4":"has-post-thumbnail","6":"product_cat-liikunta-muut","7":"product_cat-liikuntaedut","8":"product_cat-verkkotreenit","10":"first","11":"instock","12":"taxable","13":"shipping-taxable","14":"purchasable","15":"product-type-variable","16":"has-default-attributes","17":"entry","18":"content-bg","19":"loop-entry"},"acf":[],"_links":{"self":[{"href":"https:\/\/marketplace.epassi.fi\/pimpparemppa\/wp-json\/wp\/v2\/product\/282","targetHints":{"allow":["GET"]}}],"collection":[{"href":"https:\/\/marketplace.epassi.fi\/pimpparemppa\/wp-json\/wp\/v2\/product"}],"about":[{"href":"https:\/\/marketplace.epassi.fi\/pimpparemppa\/wp-json\/wp\/v2\/types\/product"}],"wp:featuredmedia":[{"embeddable":true,"href":"https:\/\/marketplace.epassi.fi\/pimpparemppa\/wp-json\/wp\/v2\/media\/345"}],"wp:attachment":[{"href":"https:\/\/marketplace.epassi.fi\/pimpparemppa\/wp-json\/wp\/v2\/media?parent=282"}],"wp:term":[{"taxonomy":"product_brand","embeddable":true,"href":"https:\/\/marketplace.epassi.fi\/pimpparemppa\/wp-json\/wp\/v2\/product_brand?post=282"},{"taxonomy":"product_cat","embeddable":true,"href":"https:\/\/marketplace.epassi.fi\/pimpparemppa\/wp-json\/wp\/v2\/product_cat?post=282"},{"taxonomy":"product_tag","embeddable":true,"href":"https:\/\/marketplace.epassi.fi\/pimpparemppa\/wp-json\/wp\/v2\/product_tag?post=282"}],"curies":[{"name":"wp","href":"https:\/\/api.w.org\/{rel}","templated":true}]}}