{"id":290,"date":"2021-10-20T17:09:46","date_gmt":"2021-10-20T14:09:46","guid":{"rendered":"https:\/\/marketplace.epassi.fi\/vauvabootcamp\/?post_type=product&#038;p=290"},"modified":"2026-04-08T19:25:58","modified_gmt":"2026-04-08T16:25:58","slug":"pimppa-remppa","status":"publish","type":"product","link":"https:\/\/marketplace.epassi.fi\/pimpparemppa\/kauppa\/liikuntaedut\/liikunta-muut\/pimppa-remppa\/","title":{"rendered":"PIMPPAREMPPA\u00ae\ufe0f VALMENNUS- STOP VIRTSANKARKAILU( Elinkautinen katseluoikeus TARJOUS)"},"content":{"rendered":"<p style=\"padding-left: 40px\">PIMPPAREMPPA\u00ae VALMENNUS<\/p>\n<p>Esittely video : https:\/\/vimeo.com\/898087654\/b5330a5076?share=copy<\/p>\n<p>Jo tuhannet naiset ovat saaneet apua!<\/p>\n<p>Lantionpohjan hyvinvointi on yksi valtavan suuri osa naisten hyvinvointia.<\/p>\n<p>T\u00e4m\u00e4 valmennus on naisille, jotka haluavat ennalta ehk\u00e4ist\u00e4 heikkojen- tai kireiden lantionpohjanlihasten aiheuttamia ongelmia tai p\u00e4\u00e4st\u00e4 eroon vaivoista.<\/p>\n<p>Lantionpohjan hyvinvointi vaikuttaa:<\/p>\n<p>&#8211; virtsankarkailuun<\/p>\n<p>&#8211; Laskeumien syntyyn<\/p>\n<p>&#8211; Ulostamis ongelmiin<\/p>\n<p>&#8211; Selk\u00e4kipuihin<\/p>\n<p>&#8211; P\u00f6mpp\u00f6vatsaan<\/p>\n<p>&#8211; Yhdynt\u00e4kipuihin<\/p>\n<p>&#8211; Seksuaaliseen hyvinvointiin<\/p>\n<p>Tiesitk\u00f6, ett\u00e4 jo puolet yli 50-vuotiaista naisista k\u00e4rsii jonkinasteisista laskeumista.<\/p>\n<p>Virtsankarkailusta k\u00e4rsii noin 30\u221240 prosenttia hedelm\u00e4llisess\u00e4 i\u00e4ss\u00e4 olevista naisista ja noin 60 prosenttia yli 70-vuotiaista.<\/p>\n<p>Lantionpohjanlihasten harjoittaminen, rentouttaminen ja niihin yhteydess\u00e4 olevien lihaskireyksien huolto ei v\u00e4ltt\u00e4m\u00e4tt\u00e4 juuri nyt tunnu ajankohtaiselta, mutta harjoitukset ovat helpoin tapa pit\u00e4\u00e4 keho toimivana my\u00f6s tulevaisuudessa.<\/p>\n<p>\u00c4l\u00e4 aloita vasta kun olet jo synnytt\u00e4nyt tai kun oireita jo ilmenee VAAN viimeist\u00e4\u00e4n jo raskaana.<\/p>\n<p>Lantionpohjan hyvinvointi ja siihen liittyv\u00e4 harjoittaminen ei ole vain synnytt\u00e4vien naisten heini\u00e4 vaan jokaisen naisen.<\/p>\n<p>Ennalta ehk\u00e4ise tai p\u00e4\u00e4see eroon virtsankarkailusta.<\/p>\n<p>Apua alakerran asioihin rempse\u00e4sti, mutta ammattitaidolla.<\/p>\n<p>PIMPPAREMPPA\u00ae VALMENNUS<\/p>\n<p>Katso video : https:\/\/vimeo.com\/948459110<\/p>\n<p>Eik\u00f6 aikasi riit\u00e4 harjoitteluun? Vaikuttaako virtsankarkailu tai muut lantionpohjan toimintah\u00e4iri\u00f6t h\u00e4iritsev\u00e4sti arkeesi? Haluaisitko, ett\u00e4 lastenkin tulon j\u00e4lkeen ja ik\u00e4\u00e4ntyess\u00e4si lantionpohjasi toimisi ilman ongelmia?<\/p>\n<p>Valmennuksella saat k\u00e4tev\u00e4n audio nauhoitteen, joka mahdollistaa harjoittelun vaikka autolla ajaessa tai vaikka kun istut bussissa. Arki ja harrastukset ovat miellytt\u00e4v\u00e4mpi\u00e4 ilman jatkuvaa huolta pissap\u00f6ksyist\u00e4 ja virtsankarkailusuojista. Virtsankarkailu, alaselk\u00e4 kivut ja ep\u00e4m\u00e4\u00e4r\u00e4inen tunne alap\u00e4\u00e4ss\u00e4 eiv\u00e4t kuulu osaksi arkea. Ei ole i\u00e4st\u00e4 tai lasten m\u00e4\u00e4r\u00e4st\u00e4 kiinni, ett\u00e4 ansaitset toimivan lantionpohjan ja arjen ilman lantionpohjantoimintah\u00e4iri\u00f6it\u00e4.<\/p>\n<p>&#8211;\u00a0\u00a0\u00a0\u00a0\u00a0\u00a0\u00a0\u00a0\u00a0Suurin kompastuskivi lantionpohjan lihasten harjoittelussa on, ett\u00e4 ei osata aktivoida oikeita lihaksia. Opetan sinua askel askeleelta, jotta harjoitukset menev\u00e4t oikeaan osoitteeseen.<\/p>\n<p>&#8211;\u00a0\u00a0\u00a0\u00a0\u00a0\u00a0\u00a0\u00a0\u00a0Tiesitk\u00f6, ett\u00e4 lantionpohjan toimintah\u00e4iri\u00f6t voivat johtua my\u00f6s ylikireist\u00e4 lantionpohjan lihaksista? Ei h\u00e4t\u00e4\u00e4, sill\u00e4 opetan sinulle my\u00f6s miten opit rentouttamaan lantionpohjanlihakset ja huoltamaan niit\u00e4.<\/p>\n<p>&#8211;\u00a0\u00a0\u00a0\u00a0\u00a0\u00a0\u00a0\u00a0\u00a0Pimppa p\u00e4iv\u00e4kirjan avulla kartoitat helposti rempan tarpeen sun alakerran asioissa. Ja mik\u00e4 parasta pysyt kartalla, ett\u00e4 saat oikeasti tuloksia!<\/p>\n<p>&#8211;\u00a0\u00a0\u00a0\u00a0\u00a0\u00a0\u00a0\u00a0\u00a0Helppoja ja nopeita noin 10-15 min harjoituksia, jotka voit helposti yhdist\u00e4\u00e4 arkeesi ilman hikoilua.<\/p>\n<p>&#8211;\u00a0\u00a0\u00a0\u00a0\u00a0\u00a0\u00a0\u00a0\u00a0Onkohan t\u00e4m\u00e4 vaan jotain pimpan puristelua, EI EI EI. Pimppa Remppa\u00ae on kokonaisvaltainen lantionpohjan hyvinvointi valmennus.<\/p>\n<p>&#8211;\u00a0\u00a0\u00a0\u00a0\u00a0\u00a0\u00a0\u00a0\u00a0Osaatko aktivoida lantiopohjan ja keskivartalon syv\u00e4ntuen treenatessa? Opetellaan yhdess\u00e4 ja saat jatkossa parempia tuloksia my\u00f6s treeneiss\u00e4. Oli se sitten kuntosali, ryhm\u00e4liikunta, Crossfit tai painonnosto yms.<\/p>\n<p>&#8211;\u00a0\u00a0\u00a0\u00a0\u00a0\u00a0\u00a0\u00a0\u00a0Oletko kuullut miten huono ryhti vaikuttaa arjessa jaksamiseen? Alaselk\u00e4kivut johtuvat usein huonosta ryhdist\u00e4 ja KYLL\u00c4 Pimppa Remppa\u00ae pureutuu my\u00f6s ryhtin korjaamiseen.<\/p>\n<p>&#8211;\u00a0\u00a0\u00a0\u00a0\u00a0\u00a0\u00a0\u00a0\u00a0Ai niin ja se aina haluttu litte\u00e4 vatsa. Kukapa ei haluaisi eroon p\u00f6mpp\u00f6vatsasta? Litte\u00e4n vatsan salaisuus on PimppaRemppa\u00ae !<\/p>\n<p>&#8211;\u00a0\u00a0\u00a0\u00a0\u00a0\u00a0\u00a0\u00a0\u00a0PimppaRemppa\u00ae sopii kaikille naisille ja sen oikea aika on aina.<\/p>\n<p>Ratkaisusi ja ennalta ehk\u00e4isy virtsankarkailuun, alaselk\u00e4kipuihin, ryhtiin ja lantionpohjantoimintah\u00e4iri\u00f6ihin on PimppaRemppa\u00ae !<\/p>\n<p>MIKSI PIMPPAREMPPA\u00ae<\/p>\n<p>1.\u00a0\u00a0\u00a0\u00a0\u00a0\u00a0Haluan eroon tai ennalta ehk\u00e4ist\u00e4 virtsankarkailua<\/p>\n<p>2.\u00a0\u00a0\u00a0\u00a0\u00a0\u00a0Haluan eroon tai ennalta ehk\u00e4ist\u00e4 lantionpohjantoimintah\u00e4iri\u00f6it\u00e4<\/p>\n<p>3.\u00a0\u00a0\u00a0\u00a0\u00a0\u00a0Haluan oppia aktivoimaan lantiopohjan ja keskivartalon tuen niin arjessa kuin treeniss\u00e4<\/p>\n<p>4.\u00a0\u00a0\u00a0\u00a0\u00a0\u00a0Haluan saada ty\u00f6kalut loppu el\u00e4m\u00e4ksi hyvinvoivaan lantionpohjaan<\/p>\n<p>5.\u00a0\u00a0\u00a0\u00a0\u00a0\u00a0Haluan, ett\u00e4 oppiminen on helppoa ja hauskaa ja nopeaa!<\/p>\n<p>6.\u00a0\u00a0\u00a0\u00a0\u00a0\u00a0Haluan saada vahvan ja litte\u00e4n keskivartalon.<\/p>\n<p>7.\u00a0\u00a0\u00a0\u00a0\u00a0\u00a0Haluan hyv\u00e4n ryhdin ja eroon kivuista.<\/p>\n<p>NYT VAIN 59\u20ac<\/p>\n<p>Yhteenvetona: Elinvoimainen ja toimiva Lantionpohja!<\/p>\n<p>Tilauksen j\u00e4lkeen saat heti kaiken materiaalin k\u00e4ytt\u00f6\u00f6si. Voit valita milloin aktivoit kurssimateriaalin k\u00e4ytt\u00f6\u00f6si. Materiaali on k\u00e4yt\u00f6ss\u00e4si 8 viikkoa. Kurssi on 6 viikon pituinen, joten saat kaksi viikkoa ilmaiseksi jos vaikka el\u00e4m\u00e4 yll\u00e4tt\u00e4\u00e4.<\/p>\n<p>Voit avata materiaalin tietokoneella, tabletilla tai k\u00e4nnyk\u00e4ll\u00e4. Et sitoudu mihink\u00e4\u00e4n valmennusryhmiin, vaan voit harjoitella silloin kun sinulle sopii!<\/p>\n<p>Vain yksi kertamaksu ja kaikki materiaali on k\u00e4yt\u00f6ss\u00e4si kahdeksan viikkoa!<\/p>\n<p>Bonuksena saat k\u00e4tev\u00e4n audio nauhoitteen itsellesi, jonka avulla voit harjoitella helposti vaikka istuessasi bussissa! Ja mik\u00e4 parasta, t\u00e4m\u00e4 nauhoite j\u00e4\u00e4 sinulle!!!!<\/p>\n<p><strong>Kokemuksia PIMPPAREMPPA valmennuksesta<\/strong><\/p>\n<p>\u201dPystyy juoksemaan ja hyppim\u00e4\u00e4n ilman lirahduksia, aivan mahtavaal el\u00e4m\u00e4n laatu parantunut huomattavasti\u201d<\/p>\n<p>\u201dOn vaikuttanut seksiinkiin niin ett\u00e4 orgasmi on voimakkaampi. Sain palautetta kumppaniltakin.\u201d<\/p>\n<p>\u201dTulosta on tullut! Mun ep\u00e4m\u00e4\u00e4r\u00e4inen olotila alakerrassa on j\u00e4\u00e4nyt pois ja tilalla on vahvempi ja elinvoimaisempi pimpsa. Koen n\u00e4in vaihdevuodet ohittaneena, ett\u00e4 my\u00f6s limakalvot ovat paremmassa kunnossa kuin ennen treeni\u00e4.\u201d<\/p>\n<p>\u201dMulle eka viikko oli niin valaiseva kun l\u00f6ysin lantionpohkalihakset oikeasti! \u201d<\/p>\n<p>Moi! Nimeni on Jenni Dias.<\/p>\n<p>Olen Suomen ensimm\u00e4inen Pimppa Remppa\u00ae Valmentaja, \u00c4itiysliikunta- ja Ravitsemusvalmentaja ja nelj\u00e4n lapsen \u00e4iti.<\/p>\n<p>Olen itse saanut el\u00e4m\u00e4n laadun takaisin synnytysten j\u00e4lkeen, kun aloin opiskelemaan Lantionpohjan lihasten toimintaa ja niiden yhteytt\u00e4 meid\u00e4n kokonaisvaltaiseen hyvinvointiin. Olen voinut heitt\u00e4\u00e4 hyv\u00e4stit pissasuojille arjessa ja treeniss\u00e4. Olen p\u00e4\u00e4ssyt eroon \u00f6isin h\u00e4iritsev\u00e4st\u00e4 lantionpohjan kivusta ja mik\u00e4 parasta olen vihdoin l\u00f6yt\u00e4nyt keinon, jolla p\u00e4\u00e4sin eroon p\u00f6mpp\u00f6vatsasta. Arjessani ei lirahda eik\u00e4 selk\u00e4 en\u00e4\u00e4 oireile. Treeni sujuu paremmin, sill\u00e4 keskivartaloni on toimiva ja vahva. Olo on mahtava ja olen vihdoin kumonnut v\u00e4itteen, ett\u00e4 se vaan kuuluu \u00e4itiyteen, ett\u00e4 v\u00e4h\u00e4n lirahtaa. EI KUULU!<\/p>\n<h2>T\u00e4st\u00e4 innostuneena, ryhdyin my\u00f6s auttamaan muita naisia lantionpohjan hyvinvoinnin parissa. En ole vain tehnyt t\u00e4t\u00e4 verkkokurssia vaan k\u00e4yn my\u00f6s kouluttamassa jopa neuvolan t\u00e4tej\u00e4 lantionpohjan asioissa. Olen my\u00f6s \u00c4itiysliikunta- ja ravitsemusvalmentaja sek\u00e4 PT. Olen auttanut tuhansia kaiken ik\u00e4isi\u00e4 naisia l\u00f6yt\u00e4m\u00e4\u00e4n paremman olon omassa kropassaan ravinnon ja liikunnan avulla. Valmennukseni metodit perustuvat puhtaasti perustuksen kuntoon laittamiseen. Kun perusta on kunnossa on helpompi l\u00e4hte\u00e4 rakentamaan hyvinvoinnin muita osa-alueita. Olen my\u00f6s perehtynyt lantionpohjan alueen j\u00e4lkeisten leikkausten kuntoutukseen sek\u00e4 ravitsemukseen. Tervetuloa mukaan oppimaan.<\/h2>\n<h5>ALOITA NYT JA L\u00d6YD\u00c4 LANTIONPOHJANLIHAKSET. SAAT TULOKSIA JA VOIT V\u00c4LTT\u00c4\u00c4\/P\u00c4\u00c4ST\u00c4 EROON IK\u00c4VIST\u00c4 VAIVOIST<\/h5>\n<p>&nbsp;<\/p>\n<p>L\u00c4HDE MUKAAN!<\/p>\n<p>VAIN 89\u20ac ja kiit\u00e4t itse\u00e4si loppuel\u00e4m\u00e4n<\/p>\n<p>( my\u00f6s liikuntaedut k\u00e4y maksuv\u00e4lineen\u00e4, l\u00f6yd\u00e4t yrityksen FitAround Oy, 2754560-9), laita kuva maksusta\u00a0<a href=\"mailto:pimpparemppa@gmail.com\">pimpparemppa@gmail.com<\/a>, niin saat lisenssin valmennukseen \ud83d\ude42<\/p>\n<p>Valmentajana: Jenni Dias Pimppa Remppa\u00ae\ufe0f ja \u00c4itiysliikuntavalmentaja- &amp; lantionpohjan erikoiskoulutus, Sertifioitu personal trainer &amp; 4 lapsen \u00e4iti.<\/p>\n<p><a href=\"http:\/\/www.vauvabootcamp.fi\/\">www.pimpparemppa.fi<\/a><\/p>\n<p>@pimppa_remppa (instagram)<\/p>\n<p>FB: pimpparemppa<\/p>\n<p>ASIAKASPALAUTETTA<\/p>\n<p>\u201dOlen tehnyt \u00e4\u00e4niteharjoitteet 2-4x\/vko milloin miss\u00e4kin asennossa. Raskaus etenee (vko 31, kolmas raskaus) ja jotenkin olisin voinut kuvitella, ett\u00e4 sen my\u00f6t\u00e4 karkailua olisi ollut enemm\u00e4n, mutta kohdallani on ollut vain v\u00e4hemm\u00e4no\u00a0Mahdottoman huono tilanne ei ollut ennen aloitustakaan, mutta nyt wc h\u00e4d\u00e4n yll\u00e4tt\u00e4ess\u00e4 on luotto itseen, selvi\u00e4\u00e4 viel\u00e4 hetken ilman vessaa. Eli uskoisin, ett\u00e4 harjoituksista oli apua ja ennen kaikkea niit\u00e4 tuli nyt tehty\u00e4 s\u00e4\u00e4nn\u00f6llisesti. Synnytykseen j\u00e4lkeen aloitetaan varmasti uudestaan, mutta uskon aloituksen olevan helpompaa, kun p\u00e4\u00e4si jo jonkinlaiseen rytmiin.\u201d<\/p>\n<p>\u201dMulle eka viikko oli niin valaiseva kun l\u00f6ysin lantionpohkalihakset oikeasti!<\/p>\n<p>S\u00e4\u00e4nn\u00f6llisesti tein kolme tai nelj\u00e4 viikkoa. Nyt aina kun muistan \u00e4\u00e4nitteell\u00e4. Tehnyt my\u00f6s jonkin verran rentoutusta ja muita n\u00e4it\u00e4 lis\u00e4juttuja. Odotan, ett\u00e4 p\u00e4\u00e4sen aktiivisesti ratsastamaan taas ja viem\u00e4\u00e4n lantionpohjan vahvistumisen sinne.<\/p>\n<p>Minulle t\u00e4m\u00e4 on ollut vastaus ratsastuksen ongelmaan. Olen kokenut, ett\u00e4 jossain kohtaa vatsalihasten&amp;lantionpohjan k\u00e4ytt\u00f6 ei ole en\u00e4\u00e4 mahdollista, ett\u00e4\u00a0kun pit\u00e4isi aktivoida, kehossa ly\u00f6 tyhj\u00e4\u00e4. Nyt osaa aktivoida lantionpohjan! Jatkan kyll\u00e4 harjoitusta ja vien ratsastukseen oppimani.\u00a0s\u201d<\/p>\n<p>\u201dHei Jenni!kiitos sinulle kaikista videoista ja ohjeista.<\/p>\n<p>On vaikuttanut seksiinkiin niin ett\u00e4 orgasmi on voimakkaampi. Sain palautetta kumppanilta, ett\u00e4 sormissa tuntuu\u00a0h\u201d<\/p>\n<p>\u201dM\u00e4 oon tosi tyytyv\u00e4inen t\u00e4h\u00e4n astiseen vakken ole kaikkea tehnytk\u00e4\u00e4n mit\u00e4 s\u00e4 olet t\u00e4nne laittanut. Treenist\u00e4 on tullut osa kun automatkoja ja iltarutiineja. L\u00e4hestulkoon kaikki ysk\u00e4t ja aivastukset menee jo kuivilla.\u201d<\/p>\n<p>\u201dOlen tehnyt viime aikoina s\u00e4\u00e4nn\u00f6llisesti ainoastaan pimppajumpan. Palaan muihin treeneihin kun taas jaksan. Napakampi tuntu on ja fitness trampalla ei lirahda en\u00e4\u00e4\u00a0a\u201d<\/p>\n<p>\u201dPystyy juoksemaan ja hyppim\u00e4\u00e4n ilman lirahduksia, aivan mahtavaal\u00a0el\u00e4m\u00e4n laatu parantunut huomattavasti\u00a0u\u201d<\/p>\n<p>\u201dJo viikolla 5 sain luopua tenoista. En olisi ikin\u00e4 uskonut. Aivan mahtavat tulokset. \u201d<\/p>\n<p>\u201dKiitos jo t\u00e4ss\u00e4 vaiheessa eritt\u00e4in monipuolisesta ja asiaanpaneutuvasta lantionpohja treeniohjelmasta.<\/p>\n<p>Tulosta on tullut! Mun ep\u00e4m\u00e4\u00e4r\u00e4inen olotila alakerrassa on j\u00e4\u00e4nyt pois ja tilalla on vahvempi ja elinvoimaisempi pimpsa. Koen n\u00e4in vaihdevuodet ohittaneena, ett\u00e4 my\u00f6s limakalvot ovat paremmassa kunnossa kuin ennen treeni\u00e4.<\/p>\n<p>Minun l\u00e4ht\u00f6taso oli, ett\u00e4 oli jotain ep\u00e4normaalin l\u00f6ys\u00e4\u00e4 oloa sek\u00e4 varalta pissalla k\u00e4ynti\u00e4 vaikkei pissavahinkoja tullutkaan.<\/p>\n<p>Olen tehnyt harjoituksia noin 3x\/viikko. Syvi\u00e4 vatsalihaksia 1x\/viikko. Ei ole mit\u00e4\u00e4n laitteita k\u00e4yt\u00f6ss\u00e4. Teen salitreeni p\u00e4ivin\u00e4, niin muistan. Muuten j\u00e4isi tekem\u00e4tt\u00e4.<\/p>\n<p>Ajattelin jatkaa t\u00e4t\u00e4 tahtia koko loppuel\u00e4m\u00e4n. Joku mainitsi, ettei vanhainkodissa en\u00e4\u00e4 tarvitsisi treenata. Voin sanoa, ett\u00e4 kyll\u00e4 kannattaisi. Nm. Sairaanhoitaja\u201d<\/p>\n<p>\u00c4l\u00e4 unohda liitty\u00e4 FB ryhm\u00e4\u00e4n PIMPPA REMPPA VALMENNUS, sielt\u00e4 saat my\u00f6s ladattua \u00e4\u00e4nitteen harjoittelua varten itsellesi loppuel\u00e4m\u00e4ksi \ud83d\ude42<\/p>\n<p><a href=\"https:\/\/www.facebook.com\/groups\/4201641256534827\/\">https:\/\/www.facebook.com\/groups\/4201641256534827\/<\/a><\/p>\n","protected":false},"excerpt":{"rendered":"<h2>NAINEN VOI HYVIN &#8211; PIMPPAREMPPA VALMENNUS<\/h2>\n<p>Lantionpohjan hyvinvointi on yksi valtavan suuri osa naisten ja kyll\u00e4 miestenkin hyvinvointia.<\/p>\n<p>T\u00e4m\u00e4 valmennus on naisille, jotka haluavat ennalta ehk\u00e4ist\u00e4 heikkojen- tai kireiden lantionpohjanlihasten aiheuttamia ongelmia tai p\u00e4\u00e4st\u00e4 eroon vaivoista.<\/p>\n<p>Lantionpohjan hyvinvointi vaikuttaa:<\/p>\n<p>&#8211; virtsankarkailuun<\/p>\n<p>&#8211; Laskeumien syntyyn<\/p>\n<p>&#8211; Ulostamis ongelmiin<\/p>\n<p>&#8211; Selk\u00e4kipuihin<\/p>\n<p>&#8211; P\u00f6mpp\u00f6vatsaan<\/p>\n<p>&#8211; Yhdynt\u00e4kipuihin<\/p>\n<p>&#8211; Seksuaaliseen hyvinvointiin<\/p>\n","protected":false},"featured_media":1040,"template":"","meta":{"_acf_changed":false,"_kad_post_transparent":"default","_kad_post_title":"","_kad_post_layout":"default","_kad_post_sidebar_id":"","_kad_post_content_style":"default","_kad_post_vertical_padding":"default","_kad_post_feature":"","_kad_post_feature_position":"","_kad_post_header":false,"_kad_post_footer":false,"_kad_post_classname":""},"product_brand":[],"product_cat":[29,19,28],"product_tag":[],"class_list":{"0":"post-290","1":"product","2":"type-product","3":"status-publish","4":"has-post-thumbnail","6":"product_cat-liikunta-muut","7":"product_cat-liikuntaedut","8":"product_cat-verkkotreenit","10":"first","11":"instock","12":"sale","13":"virtual","14":"taxable","15":"purchasable","16":"product-type-simple","17":"entry","18":"content-bg","19":"loop-entry"},"acf":[],"_links":{"self":[{"href":"https:\/\/marketplace.epassi.fi\/pimpparemppa\/wp-json\/wp\/v2\/product\/290","targetHints":{"allow":["GET"]}}],"collection":[{"href":"https:\/\/marketplace.epassi.fi\/pimpparemppa\/wp-json\/wp\/v2\/product"}],"about":[{"href":"https:\/\/marketplace.epassi.fi\/pimpparemppa\/wp-json\/wp\/v2\/types\/product"}],"wp:featuredmedia":[{"embeddable":true,"href":"https:\/\/marketplace.epassi.fi\/pimpparemppa\/wp-json\/wp\/v2\/media\/1040"}],"wp:attachment":[{"href":"https:\/\/marketplace.epassi.fi\/pimpparemppa\/wp-json\/wp\/v2\/media?parent=290"}],"wp:term":[{"taxonomy":"product_brand","embeddable":true,"href":"https:\/\/marketplace.epassi.fi\/pimpparemppa\/wp-json\/wp\/v2\/product_brand?post=290"},{"taxonomy":"product_cat","embeddable":true,"href":"https:\/\/marketplace.epassi.fi\/pimpparemppa\/wp-json\/wp\/v2\/product_cat?post=290"},{"taxonomy":"product_tag","embeddable":true,"href":"https:\/\/marketplace.epassi.fi\/pimpparemppa\/wp-json\/wp\/v2\/product_tag?post=290"}],"curies":[{"name":"wp","href":"https:\/\/api.w.org\/{rel}","templated":true}]}}