{"id":273,"date":"2021-10-16T11:12:03","date_gmt":"2021-10-16T11:12:03","guid":{"rendered":"https:\/\/marketplace.epassi.fi\/pleimorepadel\/?post_type=product&#038;p=273"},"modified":"2024-07-22T13:33:01","modified_gmt":"2024-07-22T10:33:01","slug":"saldolataus","status":"publish","type":"product","link":"https:\/\/marketplace.epassi.fi\/pleimorepadel\/kauppa\/liikuntaedut\/liikunta-muut\/saldolataus\/","title":{"rendered":"Saldolataus"},"content":{"rendered":"<p>Lis\u00e4\u00e4 pelisaldoa Playtomic-tililllesi klubimme lompakkoon ja v\u00e4lt\u00e4 palvelumaksut.<\/p>\n","protected":false},"excerpt":{"rendered":"<p>Lis\u00e4\u00e4 pelisaldoa Playtomic-tililllesi klubimme lompakkoon ja v\u00e4lt\u00e4 palvelumaksut.<\/p>\n","protected":false},"featured_media":324,"comment_status":"open","ping_status":"closed","template":"","meta":{"_acf_changed":false,"_kad_post_transparent":"default","_kad_post_title":"","_kad_post_layout":"default","_kad_post_sidebar_id":"","_kad_post_content_style":"default","_kad_post_vertical_padding":"default","_kad_post_feature":"","_kad_post_feature_position":"","_kad_post_header":false,"_kad_post_footer":false,"_kad_post_classname":""},"product_brand":[],"product_cat":[29,19],"product_tag":[],"class_list":{"0":"post-273","1":"product","2":"type-product","3":"status-publish","4":"has-post-thumbnail","6":"product_cat-liikunta-muut","7":"product_cat-liikuntaedut","9":"first","10":"instock","11":"taxable","12":"shipping-taxable","13":"purchasable","14":"product-type-variable","15":"entry","16":"content-bg","17":"loop-entry"},"acf":[],"_links":{"self":[{"href":"https:\/\/marketplace.epassi.fi\/pleimorepadel\/wp-json\/wp\/v2\/product\/273","targetHints":{"allow":["GET"]}}],"collection":[{"href":"https:\/\/marketplace.epassi.fi\/pleimorepadel\/wp-json\/wp\/v2\/product"}],"about":[{"href":"https:\/\/marketplace.epassi.fi\/pleimorepadel\/wp-json\/wp\/v2\/types\/product"}],"replies":[{"embeddable":true,"href":"https:\/\/marketplace.epassi.fi\/pleimorepadel\/wp-json\/wp\/v2\/comments?post=273"}],"wp:featuredmedia":[{"embeddable":true,"href":"https:\/\/marketplace.epassi.fi\/pleimorepadel\/wp-json\/wp\/v2\/media\/324"}],"wp:attachment":[{"href":"https:\/\/marketplace.epassi.fi\/pleimorepadel\/wp-json\/wp\/v2\/media?parent=273"}],"wp:term":[{"taxonomy":"product_brand","embeddable":true,"href":"https:\/\/marketplace.epassi.fi\/pleimorepadel\/wp-json\/wp\/v2\/product_brand?post=273"},{"taxonomy":"product_cat","embeddable":true,"href":"https:\/\/marketplace.epassi.fi\/pleimorepadel\/wp-json\/wp\/v2\/product_cat?post=273"},{"taxonomy":"product_tag","embeddable":true,"href":"https:\/\/marketplace.epassi.fi\/pleimorepadel\/wp-json\/wp\/v2\/product_tag?post=273"}],"curies":[{"name":"wp","href":"https:\/\/api.w.org\/{rel}","templated":true}]}}