{"id":366,"date":"2023-05-24T10:46:11","date_gmt":"2023-05-24T07:46:11","guid":{"rendered":"https:\/\/marketplace.epassi.fi\/pleimorepadel\/?post_type=product&#038;p=366"},"modified":"2024-07-22T13:32:23","modified_gmt":"2024-07-22T10:32:23","slug":"rajoitettu-kesapelioikeus","status":"publish","type":"product","link":"https:\/\/marketplace.epassi.fi\/pleimorepadel\/kauppa\/liikuntaedut\/liikunta-muut\/rajoitettu-kesapelioikeus\/","title":{"rendered":"RAJOITETTU KES\u00c4PELIOIKEUS"},"content":{"rendered":"<p id=\"viewer-foo\" class=\"mm8Nw _1j-51 WkT0MK _1FoOD _78FBa qEvi6J WkT0MK public-DraftStyleDefault-block-depth0 fixed-tab-size public-DraftStyleDefault-text-ltr\"><span class=\"_2PHJq public-DraftStyleDefault-ltr\">Milt\u00e4 kuulostaisi kaikkien aikojen padelkes\u00e4? Meid\u00e4n rajoitetulla kes\u00e4pelioikeudella pelaat nyt prime-timen ulkopuolella Tapiolan ja Otaniemen ulkokentill\u00e4mme niin paljon kuin jaksat vaivaiseen 99\u20ac hintaan!<\/span><\/p>\n<p id=\"viewer-1tr7i\" class=\"mm8Nw _1j-51 WkT0MK _1FoOD _78FBa qEvi6J WkT0MK public-DraftStyleDefault-block-depth0 fixed-tab-size public-DraftStyleDefault-text-ltr\"><span class=\"_2PHJq public-DraftStyleDefault-ltr\">Prime-time ajat:<\/span><\/p>\n<p class=\"mm8Nw _1j-51 WkT0MK _1FoOD _78FBa qEvi6J WkT0MK public-DraftStyleDefault-block-depth0 fixed-tab-size public-DraftStyleDefault-text-ltr\"><span class=\"_2PHJq public-DraftStyleDefault-ltr\">ma-to &amp; su klo 16-22<\/span><\/p>\n<p class=\"mm8Nw _1j-51 WkT0MK _1FoOD _78FBa qEvi6J WkT0MK public-DraftStyleDefault-block-depth0 fixed-tab-size public-DraftStyleDefault-text-ltr\"><span class=\"_2PHJq public-DraftStyleDefault-ltr\">pe klo 16-20<\/span><\/p>\n<p id=\"viewer-7uo1o\" class=\"mm8Nw _1j-51 WkT0MK _1FoOD _78FBa qEvi6J WkT0MK public-DraftStyleDefault-block-depth0 fixed-tab-size public-DraftStyleDefault-text-ltr\"><span class=\"_2PHJq public-DraftStyleDefault-ltr\">la 10-16<\/span><\/p>\n<p id=\"viewer-lnht\" class=\"mm8Nw _1j-51 WkT0MK _1FoOD _78FBa qEvi6J WkT0MK public-DraftStyleDefault-block-depth0 fixed-tab-size public-DraftStyleDefault-text-ltr\"><span class=\"_2PHJq public-DraftStyleDefault-ltr\">Rajoitettu pelioikeus p\u00e4hkin\u00e4nkuoressa:<\/span><\/p>\n<ul class=\"public-DraftStyleDefault-ul\">\n<li id=\"viewer-biq45\" class=\"WkT0MK rHwKeh _3Kjjs _78FBa public-DraftStyleDefault-unorderedListItem public-DraftStyleDefault-depth0 public-DraftStyleDefault-list-ltr fixed-tab-size public-DraftStyleDefault-reset _1FoOD _78FBa qEvi6J WkT0MK\">\n<p class=\"_1j-51 _1FoOD _78FBa qEvi6J WkT0MK undefined\">Pelioikeus on voimassa Tapiolan ja Otaniemen ulkopadelkentill\u00e4mme kauden loppuun asti prime-timen ulkopuolella.<\/p>\n<\/li>\n<li id=\"viewer-22ua1\" class=\"WkT0MK rHwKeh _3Kjjs _78FBa public-DraftStyleDefault-unorderedListItem public-DraftStyleDefault-depth0 public-DraftStyleDefault-list-ltr fixed-tab-size _1FoOD _78FBa qEvi6J WkT0MK\">\n<p class=\"_1j-51 _1FoOD _78FBa qEvi6J WkT0MK undefined\">Pelioikeus on henkil\u00f6kohtainen. Pelioikeudella saat vuoroista oman osuuden maksettua. Eli mik\u00e4li pelikavereillasi ei ole pelioikeutta, niin he maksavat vuorosta normaalin hinnan.<\/p>\n<\/li>\n<li id=\"viewer-as5ig\" class=\"WkT0MK rHwKeh _3Kjjs _78FBa public-DraftStyleDefault-unorderedListItem public-DraftStyleDefault-depth0 public-DraftStyleDefault-list-ltr fixed-tab-size _1FoOD _78FBa qEvi6J WkT0MK\">\n<p class=\"_1j-51 _1FoOD _78FBa qEvi6J WkT0MK undefined\">Aktiivisten varausten m\u00e4\u00e4r\u00e4 4\/henkil\u00f6. Max 2 varausta\/p\u00e4iv\u00e4. Varauskalenteri auki 14 p\u00e4iv\u00e4\u00e4 etuk\u00e4teen. Aktiivisten varausten m\u00e4\u00e4r\u00e4 nollaantuu\/v\u00e4henee pelatun vuoron j\u00e4lkeen.<\/p>\n<\/li>\n<li id=\"viewer-degqg\" class=\"WkT0MK rHwKeh _3Kjjs _78FBa public-DraftStyleDefault-unorderedListItem public-DraftStyleDefault-depth0 public-DraftStyleDefault-list-ltr fixed-tab-size _1FoOD _78FBa qEvi6J WkT0MK\">\n<p class=\"_1j-51 _1FoOD _78FBa qEvi6J WkT0MK undefined\">Pid\u00e4t\u00e4mme oikeuden peruuttaa yksitt\u00e4isi\u00e4 vuoroja mahdollisten tapahtumien vuoksi.<\/p>\n<\/li>\n<li id=\"viewer-1ssao\" class=\"WkT0MK rHwKeh _3Kjjs _78FBa public-DraftStyleDefault-unorderedListItem public-DraftStyleDefault-depth0 public-DraftStyleDefault-list-ltr fixed-tab-size _1FoOD _78FBa qEvi6J WkT0MK\">\n<p class=\"_1j-51 _1FoOD _78FBa qEvi6J WkT0MK undefined\">Mik\u00e4li havaitsemme pelioikeuden v\u00e4\u00e4rink\u00e4ytt\u00f6\u00e4, niin pid\u00e4t\u00e4mme oikeuden sen poistamiseen.<\/p>\n<\/li>\n<\/ul>\n","protected":false},"excerpt":{"rendered":"<p><span class=\"_2PHJq public-DraftStyleDefault-ltr\">Milt\u00e4 kuulostaisi kaikkien aikojen padelkes\u00e4? Meid\u00e4n rajoitetulla kes\u00e4pelioikeudella pelaat nyt prime-timen ulkopuolella Tapiolan ja Otaniemen ulkokentill\u00e4mme niin paljon kuin jaksat vaivaiseen 99\u20ac hintaan!<\/span><\/p>\n","protected":false},"featured_media":367,"comment_status":"open","ping_status":"closed","template":"","meta":{"_acf_changed":false,"_kad_post_transparent":"default","_kad_post_title":"","_kad_post_layout":"default","_kad_post_sidebar_id":"","_kad_post_content_style":"default","_kad_post_vertical_padding":"default","_kad_post_feature":"","_kad_post_feature_position":"","_kad_post_header":false,"_kad_post_footer":false,"_kad_post_classname":""},"product_brand":[],"product_cat":[29,19],"product_tag":[],"class_list":{"0":"post-366","1":"product","2":"type-product","3":"status-publish","4":"has-post-thumbnail","6":"product_cat-liikunta-muut","7":"product_cat-liikuntaedut","9":"first","10":"instock","11":"taxable","12":"shipping-taxable","13":"purchasable","14":"product-type-simple","15":"entry","16":"content-bg","17":"loop-entry"},"acf":[],"_links":{"self":[{"href":"https:\/\/marketplace.epassi.fi\/pleimorepadel\/wp-json\/wp\/v2\/product\/366","targetHints":{"allow":["GET"]}}],"collection":[{"href":"https:\/\/marketplace.epassi.fi\/pleimorepadel\/wp-json\/wp\/v2\/product"}],"about":[{"href":"https:\/\/marketplace.epassi.fi\/pleimorepadel\/wp-json\/wp\/v2\/types\/product"}],"replies":[{"embeddable":true,"href":"https:\/\/marketplace.epassi.fi\/pleimorepadel\/wp-json\/wp\/v2\/comments?post=366"}],"wp:featuredmedia":[{"embeddable":true,"href":"https:\/\/marketplace.epassi.fi\/pleimorepadel\/wp-json\/wp\/v2\/media\/367"}],"wp:attachment":[{"href":"https:\/\/marketplace.epassi.fi\/pleimorepadel\/wp-json\/wp\/v2\/media?parent=366"}],"wp:term":[{"taxonomy":"product_brand","embeddable":true,"href":"https:\/\/marketplace.epassi.fi\/pleimorepadel\/wp-json\/wp\/v2\/product_brand?post=366"},{"taxonomy":"product_cat","embeddable":true,"href":"https:\/\/marketplace.epassi.fi\/pleimorepadel\/wp-json\/wp\/v2\/product_cat?post=366"},{"taxonomy":"product_tag","embeddable":true,"href":"https:\/\/marketplace.epassi.fi\/pleimorepadel\/wp-json\/wp\/v2\/product_tag?post=366"}],"curies":[{"name":"wp","href":"https:\/\/api.w.org\/{rel}","templated":true}]}}