{"id":22,"date":"2021-09-13T17:45:59","date_gmt":"2021-09-13T17:45:59","guid":{"rendered":"https:\/\/marketplace.epassi.fi\/plusterveys-hammaslaakarit\/?page_id=22"},"modified":"2021-10-12T10:57:35","modified_gmt":"2021-10-12T10:57:35","slug":"info","status":"publish","type":"page","link":"https:\/\/marketplace.epassi.fi\/plusterveys-hammasklinikat\/info\/","title":{"rendered":"Info"},"content":{"rendered":"\n\t<div class=\"entry-content single-content\">\n\n\t\t<div class=\"wp-block-columns\" style=\"gap:30px\">\n\t\t\t<div class=\"wp-block-column\">\n\t\t\t\t<h2>PlusTerveys Hammasklinikat Oy<\/h2>\n\t\t\t\t<p><p>PlusTerveys on maamme suurimpiin lukeutuva yksityisi\u00e4 terveydenhuollon palveluja tuottava yritys. Olemme t\u00e4ysin kotimainen yhti\u00f6, jonka omistajia ovat meill\u00e4 ty\u00f6skentelev\u00e4t hammasl\u00e4\u00e4ketieteen ja l\u00e4\u00e4ketieteen ammattilaiset.<\/p>\n<p>Paikalliset hammasl\u00e4\u00e4k\u00e4rimme ovat apunasi. PlusTerveys Hammasklinikat Oy:n toimipisteet palvelevat sinua kaikissa hammashoidon tarpeissa seuraavilla paikkakunnilla:<br \/>\nEspoo, Eura, Helsinki, J\u00e4rvenp\u00e4\u00e4, Kauniainen, Kouvola, Lappeenranta, Lahti, Oulu, Porvoo, Salo, Sein\u00e4joki, Tornio, Turku, Vaasa, Vantaa ja Varkaus<\/p>\n<\/p>\n\t\t\t\t<h3>PlusTerveys Hammasklinikat Oy<\/h3>\n\t\t\t\t<p><br>\n\t\t\t\t\t <\/p>\n\t\t\t\t<p><a href=\"tel:09 351 040\">09 351 040<\/a><\/p>\n\t\t\t\t<p><a href=\"mailto:hammasklinikat@plusterveys.fi\">hammasklinikat@plusterveys.fi<\/a><\/p>\n\n\t\t\t\t<h2>Toimipisteet<\/h2><div class=\"info-page-location-list\"><div class=\"info-page-location\"><h3>PlusTerveys Asematien Hammasl\u00e4\u00e4k\u00e4rit<\/h3><p>Tikkuraitti 11, 01300 Vantaa<\/p><p><a href=\"tel:09 8235774\/09 8235797\">09 8235774\/09 8235797<\/a><br><p><a href=\"https:\/\/www.google.com\/maps\/search\/?api=1&query=Google&query_place_id=ChIJ54bE5bgHkkYRqQkFdlIik88\">Katso sijainti kartalla <span>&#8599;<\/span><\/a><\/p><\/p><p><\/p><\/div><div class=\"info-page-location\"><h3>PlusTerveys Euran Hammas<\/h3><p>Satakunnankatu 21, 27510 Eura<\/p><p><a href=\"tel:02 8650736\/02 8653037\">02 8650736\/02 8653037<\/a><br><p><a href=\"https:\/\/www.google.com\/maps\/search\/?api=1&query=Google&query_place_id=ChIJi55CTbhdiUYR082XYrscTCE\">Katso sijainti kartalla <span>&#8599;<\/span><\/a><\/p><\/p><p><\/p><\/div><div class=\"info-page-location\"><h3>PlusTerveys Forumin Hammasl\u00e4\u00e4k\u00e4rit<\/h3><p>Pirnankatu 4, 78200 Varkaus<\/p><p><a href=\"tel:044 7008787\">044 7008787<\/a><br><p><a href=\"https:\/\/www.google.com\/maps\/search\/?api=1&query=Google&query_place_id=ChIJ46o473Qnm0YRVyy7xYJ0W6g\">Katso sijainti kartalla <span>&#8599;<\/span><\/a><\/p><\/p><p><\/p><\/div><div class=\"info-page-location\"><h3>PlusTerveys Granin Hammas (Grankulla Tand)<\/h3><p>Kirkkotie 15, 02700 Kauniainen<\/p><p><a href=\"tel:09 5129110\">09 5129110<\/a><br><p><a href=\"https:\/\/www.google.com\/maps\/search\/?api=1&query=Google&query_place_id=ChIJA9GZ3BP0jUYR6DUAcCcz1Q4\">Katso sijainti kartalla <span>&#8599;<\/span><\/a><\/p><\/p><p><\/p><\/div><div class=\"info-page-location\"><h3>PlusTerveys Hammasl\u00e4\u00e4k\u00e4riasema Fossa<\/h3><p>Pieni Roobertinkatu 16 A, 00120 Helsinki<\/p><p><a href=\"tel:09 6962990\">09 6962990<\/a><br><p><a href=\"https:\/\/www.google.com\/maps\/search\/?api=1&query=Google&query_place_id=ChIJeQrdB8kLkkYR4WGbUNuT5gk\">Katso sijainti kartalla <span>&#8599;<\/span><\/a><\/p><\/p><p><\/p><\/div><div class=\"info-page-location\"><h3>PlusTerveys Hammasl\u00e4\u00e4k\u00e4rikeskus Janne<\/h3><p>J\u00e4rnefeltinkatu 1, 04400 J\u00e4rvenp\u00e4\u00e4<\/p><p><a href=\"tel:09 8366550\">09 8366550<\/a><br><p><a href=\"https:\/\/www.google.com\/maps\/search\/?api=1&query=Google&query_place_id=ChIJE3GcX2QAjkYRcvhiR02u1ss\">Katso sijainti kartalla <span>&#8599;<\/span><\/a><\/p><\/p><p><\/p><\/div><div class=\"info-page-location\"><h3>PlusTerveys Siltapuisto<\/h3><p>Aleksanterinkatu 25a, 15140 Lahti<\/p><p><a href=\"tel:03-877377\">03-877377<\/a><br><p><a href=\"https:\/\/www.google.com\/maps\/search\/?api=1&query=Google&query_place_id=ChIJ857nbFIojkYRm2oCFdH1n5U\">Katso sijainti kartalla <span>&#8599;<\/span><\/a><\/p><\/p><p><\/p><\/div><div class=\"info-page-location\"><h3>PlusTerveys HymyDent<\/h3><p>Turuntie 1, 24100 Salo<\/p><p><a href=\"tel:02 7332211\">02 7332211<\/a><br><p><a href=\"https:\/\/www.google.com\/maps\/search\/?api=1&query=Google&query_place_id=EiVUdXJ1bnRpZSAxIDMga3JzLCAyNDEwMCBTYWxvLCBGaW5sYW5kIiEaHwoWChQKEgnBseAurUeMRhGbjr596x8HkhIFMyBrcnM\">Katso sijainti kartalla <span>&#8599;<\/span><\/a><\/p><\/p><p><\/p><\/div><div class=\"info-page-location\"><h3>PlusTerveys Kokonaishammashoidon Klinikka Fredent<\/h3><p>Mikonkatu 13 A 25, 00100 Helsinki<\/p><p><a href=\"tel:09 6220630\">09 6220630<\/a><br><p><a href=\"https:\/\/www.google.com\/maps\/search\/?api=1&query=Google&query_place_id=ChIJyfiDz80LkkYRXq2k0nroa8w\">Katso sijainti kartalla <span>&#8599;<\/span><\/a><\/p><\/p><p><\/p><\/div><div class=\"info-page-location\"><h3>PlusTerveys L\u00e4nsikeskuksen Hammasl\u00e4\u00e4k\u00e4rit<\/h3><p>Pihat\u00f6rm\u00e4 1, 02210 Espoo<\/p><p><a href=\"tel:09 8676600\">09 8676600<\/a><br><p><a href=\"https:\/\/www.google.com\/maps\/search\/?api=1&query=Google&query_place_id=ChIJObgwp-T0jUYRY583YRbcZqM\">Katso sijainti kartalla <span>&#8599;<\/span><\/a><\/p><\/p><p><\/p><\/div><div class=\"info-page-location\"><h3>PlusTerveys Me\u00e4n Hammas<\/h3><p>Kauppakatu 7, 95400 Tornio<\/p><p><a href=\"tel:050 373 8011\">050 373 8011<\/a><br><p><a href=\"https:\/\/www.google.com\/maps\/search\/?api=1&query=Google&query_place_id=ChIJcSn96p1H1UURTlIFIqOM-Z8\">Katso sijainti kartalla <span>&#8599;<\/span><\/a><\/p><\/p><p><\/p><\/div><div class=\"info-page-location\"><h3>PlusTerveys Oulun Hammasl\u00e4\u00e4k\u00e4rikeskus<\/h3><p>Isokatu 32 B, 90100 Oulu<\/p><p><a href=\"tel:08 374444\">08 374444<\/a><br><p><a href=\"https:\/\/www.google.com\/maps\/search\/?api=1&query=Google&query_place_id=ChIJMRLgtq8ygEYRzYmJUEtCMBA\">Katso sijainti kartalla <span>&#8599;<\/span><\/a><\/p><\/p><p><\/p><\/div><div class=\"info-page-location\"><h3>PlusTerveys Porvoon Hammas<\/h3><p>Linnankoskenkatu 41, 06100 Porvoo<\/p><p><a href=\"tel:019 5244855\">019 5244855<\/a><br><p><a href=\"https:\/\/www.google.com\/maps\/search\/?api=1&query=Google&query_place_id=ChIJe4weLin0kUYRtdH3F6RTxQQ\">Katso sijainti kartalla <span>&#8599;<\/span><\/a><\/p><\/p><p><\/p><\/div><div class=\"info-page-location\"><h3>PlusTerveys Pukinm\u00e4en Hammas<\/h3><p>Pukinm\u00e4enaukio 4, 00720 Helsinki<\/p><p><a href=\"tel:09 351 1164\/09 3453350\">09 351 1164\/09 3453350<\/a><br><p><a href=\"https:\/\/www.google.com\/maps\/search\/?api=1&query=Google&query_place_id=ChIJtQmgaFsIkkYRDelAgX_BtEw\">Katso sijainti kartalla <span>&#8599;<\/span><\/a><\/p><\/p><p><\/p><\/div><div class=\"info-page-location\"><h3>PlusTerveys Smile Design<\/h3><p>Ratapihantie 11, 00520 Helsinki<\/p><p><a href=\"tel:09 8770040\">09 8770040<\/a><br><p><a href=\"https:\/\/www.google.com\/maps\/search\/?api=1&query=Google&query_place_id=ChIJNxfH5pEJkkYRtDWjsgf9PGg\">Katso sijainti kartalla <span>&#8599;<\/span><\/a><\/p><\/p><p><\/p><\/div><div class=\"info-page-location\"><h3>PlusTerveys Turun Hammaskulma<\/h3><p>Yliopistonkatu 33 D, 20100 Turku<\/p><p><a href=\"tel:02 2501111\">02 2501111<\/a><br><p><a href=\"https:\/\/www.google.com\/maps\/search\/?api=1&query=Google&query_place_id=ChIJUWyFKP92jEYRfc3IZdOkhKU\">Katso sijainti kartalla <span>&#8599;<\/span><\/a><\/p><\/p><p><\/p><\/div><div class=\"info-page-location\"><h3>PlusTerveys Wasadent<\/h3><p>Yl\u00e4tori 2 A, 65100 Vaasa<\/p><p><a href=\"tel:063126082\">063126082<\/a><br><p><a href=\"https:\/\/www.google.com\/maps\/search\/?api=1&query=Google&query_place_id=EiVZbMOkdG9yaSAyIEEgMTksIDY1MTAwIFZhYXNhLCBGaW5sYW5kIh4aHAoWChQKEgkBc4RBQ2B9RhFeveMQ4nJOvhICMTk\">Katso sijainti kartalla <span>&#8599;<\/span><\/a><\/p><\/p><p><\/p><\/div><div class=\"info-page-location\"><h3>PlusTerveys Saimaan Hammaskeskus<\/h3><p>Koulukatu 1, 53100 Lappeenranta<\/p><p><a href=\"tel:05 541 1120\">05 541 1120<\/a><br><p><a href=\"https:\/\/www.google.com\/maps\/search\/?api=1&query=Google&query_place_id=ChIJaYP-YZiVkEYR2Pt30JxmLLA\">Katso sijainti kartalla <span>&#8599;<\/span><\/a><\/p><\/p><p><\/p><\/div><div class=\"info-page-location\"><h3>PlusTerveys Koulukadun Hammasl\u00e4\u00e4k\u00e4rikeskus<\/h3><p>Koulukatu 22, 60100 Sein\u00e4joki<\/p><p><a href=\"tel:06 4209600\">06 4209600<\/a><br><p><a href=\"https:\/\/www.google.com\/maps\/search\/?api=1&query=Google&query_place_id=ChIJ8zdWmKLLh0YRuIbe1RpvC4Y\">Katso sijainti kartalla <span>&#8599;<\/span><\/a><\/p><\/p><p><\/p><\/div><div class=\"info-page-location\"><h3>PlusTerveys Kouvolan Hammastiimi<\/h3><p>Hallituskatu 13 B, 45100 Kouvola<\/p><p><a href=\"tel:05 3115805\">05 3115805<\/a><br><p><a href=\"https:\/\/www.google.com\/maps\/search\/?api=1&query=Google&query_place_id=ChIJFUciAviykUYRVIrbSGLML38\">Katso sijainti kartalla <span>&#8599;<\/span><\/a><\/p><\/p><p><\/p><\/div><div class=\"info-page-location\"><h3>PlusTerveys Aseman Hammasl\u00e4\u00e4k\u00e4rit<\/h3><p>Hallituskatu 5, 45100 Kouvola<\/p><p><a href=\"tel:05 3119215\">05 3119215<\/a><br><p><a href=\"https:\/\/www.google.com\/maps\/search\/?api=1&query=Google&query_place_id=ChIJG3Gu1gKzkUYRtlKhYosTYv0\">Katso sijainti kartalla <span>&#8599;<\/span><\/a><\/p><\/p><p><\/p><\/div><div class=\"info-page-location\"><h3>PlusTerveys Kampintori<\/h3><p>Kampinkuja 2, 00100 Helsinki<\/p><p><a href=\"tel:09 58400300\">09 58400300<\/a><br><p><a href=\"https:\/\/www.google.com\/maps\/search\/?api=1&query=Google&query_place_id=ChIJjR0hwTQKkkYR61HNkbTVQz4\">Katso sijainti kartalla <span>&#8599;<\/span><\/a><\/p><\/p><p><\/p><\/div><\/div>\t\t\t<\/div>\n\n\t\t\t<div class=\"wp-block-column\">\n\t\t\t\t<figure class=\"wp-block-image size-large\"><img loading=\"lazy\" decoding=\"async\" width=\"768\" height=\"512\" src=\"https:\/\/marketplace.epassi.fi\/plusterveys-hammasklinikat\/wp-content\/uploads\/sites\/277\/2021\/12\/MicrosoftTeams-image-768x512.jpg\" class=\"attachment-medium_large size-medium_large\" alt=\"\" \/><\/figure>\n\t\t\t<\/div>\n\t\t<\/div>\n\t<\/div>\n\t\n","protected":false},"excerpt":{"rendered":"","protected":false},"author":2,"featured_media":0,"parent":0,"menu_order":0,"comment_status":"closed","ping_status":"closed","template":"","meta":{"_acf_changed":false,"_kad_post_transparent":"","_kad_post_title":"","_kad_post_layout":"","_kad_post_sidebar_id":"","_kad_post_content_style":"","_kad_post_vertical_padding":"","_kad_post_feature":"","_kad_post_feature_position":"","_kad_post_header":false,"_kad_post_footer":false,"_kad_post_classname":"","footnotes":""},"class_list":["post-22","page","type-page","status-publish","hentry"],"acf":[],"_links":{"self":[{"href":"https:\/\/marketplace.epassi.fi\/plusterveys-hammasklinikat\/wp-json\/wp\/v2\/pages\/22","targetHints":{"allow":["GET"]}}],"collection":[{"href":"https:\/\/marketplace.epassi.fi\/plusterveys-hammasklinikat\/wp-json\/wp\/v2\/pages"}],"about":[{"href":"https:\/\/marketplace.epassi.fi\/plusterveys-hammasklinikat\/wp-json\/wp\/v2\/types\/page"}],"author":[{"embeddable":true,"href":"https:\/\/marketplace.epassi.fi\/plusterveys-hammasklinikat\/wp-json\/wp\/v2\/users\/2"}],"replies":[{"embeddable":true,"href":"https:\/\/marketplace.epassi.fi\/plusterveys-hammasklinikat\/wp-json\/wp\/v2\/comments?post=22"}],"version-history":[{"count":10,"href":"https:\/\/marketplace.epassi.fi\/plusterveys-hammasklinikat\/wp-json\/wp\/v2\/pages\/22\/revisions"}],"predecessor-version":[{"id":264,"href":"https:\/\/marketplace.epassi.fi\/plusterveys-hammasklinikat\/wp-json\/wp\/v2\/pages\/22\/revisions\/264"}],"wp:attachment":[{"href":"https:\/\/marketplace.epassi.fi\/plusterveys-hammasklinikat\/wp-json\/wp\/v2\/media?parent=22"}],"curies":[{"name":"wp","href":"https:\/\/api.w.org\/{rel}","templated":true}]}}