{"id":282,"date":"2021-12-17T15:21:03","date_gmt":"2021-12-17T13:21:03","guid":{"rendered":"https:\/\/marketplace.epassi.fi\/plusterveys-hammaslaakarit\/?post_type=product&#038;p=282"},"modified":"2026-03-10T13:22:40","modified_gmt":"2026-03-10T11:22:40","slug":"lahjakortti-suun-terveydenhoitoon","status":"publish","type":"product","link":"https:\/\/marketplace.epassi.fi\/plusterveys-hammasklinikat\/kauppa\/hyvinvointi\/hammaslaakari\/lahjakortti-suun-terveydenhoitoon\/","title":{"rendered":"Lahjakortti suun terveydenhoitoon"},"content":{"rendered":"<h4>Hy\u00f6dynn\u00e4 er\u00e4\u00e4ntyv\u00e4 ePassi-saldosi PlusTerveys Hammasklinikoilla ostamalla itsellesi digitaalinen lahjakortti my\u00f6hemp\u00e4\u00e4 k\u00e4ytt\u00f6\u00e4 varten!<\/h4>\n<p><strong>Tuotteen tiedot ja ehdot:<\/strong><\/p>\n<ul>\n<li>Lahjakortti oikeuttaa hammashoitoon PlusTerveys Hammasklinikoiden toimipisteiss\u00e4<\/li>\n<li>Lahjakortti on voimassa 12kk maksun tekemisest\u00e4<\/li>\n<li>K\u00e4ytt\u00e4m\u00e4tt\u00e4 j\u00e4\u00e4nytt\u00e4 lahjakorttia ei makseta rahana tai vanhentuneen lahjakortin voimassaoloaikaa ei pidennet\u00e4<\/li>\n<li>Maksun tehneen henkil\u00f6n tulee k\u00e4ytt\u00e4\u00e4 lahjakorttia henkil\u00f6kohtaisesti eik\u00e4 sit\u00e4 voi siirt\u00e4\u00e4 toiselle henkil\u00f6lle k\u00e4ytett\u00e4v\u00e4ksi<\/li>\n<li>Lahjakorttia ei voi k\u00e4ytt\u00e4\u00e4 esteettisiin hoitoihin, kuten valkaisuihin tai oikomishoitoihin<\/li>\n<li>Voit ostaa useamman lahjakortin, mik\u00e4li alasvetovalikosta ei l\u00f6ydy sopivaa yksitt\u00e4ist\u00e4 summaa. Esimerkiksi jos sinulla on ePassi-saldoa j\u00e4ljell\u00e4 140\u20ac, niin voit ostaa yhden 100\u20ac lahjakortin ja kaksi 20\u20ac lahjakorttia, jolloin teemme sinulle yhden 140\u20ac lahjakortin.<\/li>\n<li>PlusTerveys ei l\u00e4het\u00e4 lahjakorttia postitse tai s\u00e4hk\u00f6postilla, vaan digitaalinen lahjakortti tallennetaan ostajan tietoihin potilastietoj\u00e4rjestelm\u00e4\u00e4mme. Saat Marketplacelta tilausvahvistuksen onnistuneesta lahjakorttiostosta, mutta meilt\u00e4 ei tule erillist\u00e4 viesti\u00e4.<\/li>\n<\/ul>\n","protected":false},"excerpt":{"rendered":"<p>Hy\u00f6dynn\u00e4 er\u00e4\u00e4ntyv\u00e4 ePassi-saldosi PlusTerveys Hammasklikoilla ostamalla itsellesi digitaalinen lahjakortti my\u00f6hemp\u00e4\u00e4 k\u00e4ytt\u00f6\u00e4 varten!<\/p>\n","protected":false},"featured_media":328,"comment_status":"open","ping_status":"closed","template":"","meta":{"_acf_changed":false,"_kad_post_transparent":"default","_kad_post_title":"","_kad_post_layout":"default","_kad_post_sidebar_id":"","_kad_post_content_style":"default","_kad_post_vertical_padding":"default","_kad_post_feature":"","_kad_post_feature_position":"","_kad_post_header":false,"_kad_post_footer":false,"_kad_post_classname":""},"product_brand":[],"product_cat":[30,21],"product_tag":[],"class_list":{"0":"post-282","1":"product","2":"type-product","3":"status-publish","4":"has-post-thumbnail","6":"product_cat-hammaslaakari","7":"product_cat-hyvinvointi","9":"first","10":"instock","11":"taxable","12":"shipping-taxable","13":"purchasable","14":"product-type-variable","15":"entry","16":"content-bg","17":"loop-entry"},"acf":[],"_links":{"self":[{"href":"https:\/\/marketplace.epassi.fi\/plusterveys-hammasklinikat\/wp-json\/wp\/v2\/product\/282","targetHints":{"allow":["GET"]}}],"collection":[{"href":"https:\/\/marketplace.epassi.fi\/plusterveys-hammasklinikat\/wp-json\/wp\/v2\/product"}],"about":[{"href":"https:\/\/marketplace.epassi.fi\/plusterveys-hammasklinikat\/wp-json\/wp\/v2\/types\/product"}],"replies":[{"embeddable":true,"href":"https:\/\/marketplace.epassi.fi\/plusterveys-hammasklinikat\/wp-json\/wp\/v2\/comments?post=282"}],"wp:featuredmedia":[{"embeddable":true,"href":"https:\/\/marketplace.epassi.fi\/plusterveys-hammasklinikat\/wp-json\/wp\/v2\/media\/328"}],"wp:attachment":[{"href":"https:\/\/marketplace.epassi.fi\/plusterveys-hammasklinikat\/wp-json\/wp\/v2\/media?parent=282"}],"wp:term":[{"taxonomy":"product_brand","embeddable":true,"href":"https:\/\/marketplace.epassi.fi\/plusterveys-hammasklinikat\/wp-json\/wp\/v2\/product_brand?post=282"},{"taxonomy":"product_cat","embeddable":true,"href":"https:\/\/marketplace.epassi.fi\/plusterveys-hammasklinikat\/wp-json\/wp\/v2\/product_cat?post=282"},{"taxonomy":"product_tag","embeddable":true,"href":"https:\/\/marketplace.epassi.fi\/plusterveys-hammasklinikat\/wp-json\/wp\/v2\/product_tag?post=282"}],"curies":[{"name":"wp","href":"https:\/\/api.w.org\/{rel}","templated":true}]}}