{"id":22,"date":"2021-09-13T17:45:59","date_gmt":"2021-09-13T17:45:59","guid":{"rendered":"https:\/\/marketplace.epassi.fi\/plusterveys\/?page_id=22"},"modified":"2021-10-12T10:57:35","modified_gmt":"2021-10-12T10:57:35","slug":"info","status":"publish","type":"page","link":"https:\/\/marketplace.epassi.fi\/plusterveys\/info\/","title":{"rendered":"Info"},"content":{"rendered":"\n\t<div class=\"entry-content single-content\">\n\n\t\t<div class=\"wp-block-columns\" style=\"gap:30px\">\n\t\t\t<div class=\"wp-block-column\">\n\t\t\t\t<h2>PlusTerveys Oy<\/h2>\n\t\t\t\t<p><p>Paikalliset hammasl\u00e4\u00e4k\u00e4rimme ovat apunasi ymp\u00e4ri Suomen. PlusTerveys Hammasl\u00e4\u00e4k\u00e4reiden toimipisteet palvelevat sinua kaikissa hammashoidon tarpeissa.<\/p>\n<p>Info-v\u00e4lilehdelt\u00e4 l\u00f6yd\u00e4t kaikki toimipisteemme.<\/p>\n<p>PlusTerveys on maamme suurimpiin lukeutuva yksityisi\u00e4 terveydenhuollon palveluja tuottava yritys. Olemme t\u00e4ysin kotimainen yhti\u00f6, jonka omistajia ovat meill\u00e4 ty\u00f6skentelev\u00e4t hammasl\u00e4\u00e4ketieteen ja l\u00e4\u00e4ketieteen ammattilaiset.<\/p>\n<\/p>\n\t\t\t\t<h3>PlusTerveys Oy<\/h3>\n\t\t\t\t<p><br>\n\t\t\t\t\t <\/p>\n\t\t\t\t<p><a href=\"tel:09 351 040\">09 351 040<\/a><\/p>\n\t\t\t\t<p><a href=\"mailto:myynti@plusterveys.fi\">myynti@plusterveys.fi<\/a><\/p>\n\n\t\t\t\t<h2>Toimipisteet<\/h2><div class=\"info-page-location-list\"><div class=\"info-page-location\"><h3>PlusTerveys TammiHammas<\/h3><p>Sairaalatie 4, 62900 Alaj\u00e4rvi<\/p><p><a href=\"tel:06 5571666\">06 5571666<\/a><br><p><a href=\"https:\/\/www.google.com\/maps\/search\/?api=1&query=Google&query_place_id=ChIJPQXZYa9ehkYRKbTyBT2eFRs\">Katso sijainti kartalla <span>&#8599;<\/span><\/a><\/p><\/p><p><\/p><\/div><div class=\"info-page-location\"><h3>PlusTerveys Pohjois-Tapiolan Hammasl\u00e4\u00e4k\u00e4rit<\/h3><p>Riippakoivuntie 14a, 02130 Espoo<\/p><p><a href=\"tel:09 4522255\">09 4522255<\/a><br><p><a href=\"https:\/\/www.google.com\/maps\/search\/?api=1&query=Google&query_place_id=EitSaWlwcGFrb2l2dW50aWUgMTRhIDIsIDAyMTMwIEVzcG9vLCBGaW5sYW5kIh0aGwoWChQKEgmzuTUUuvWNRhFS1uVEsd-mJhIBMg\">Katso sijainti kartalla <span>&#8599;<\/span><\/a><\/p><\/p><p><\/p><\/div><div class=\"info-page-location\"><h3>PlusTerveys Hammasvalta<\/h3><p>Harjavallankatu 14, 29200 Harjavalta<\/p><p><a href=\"tel:02 5312300\">02 5312300<\/a><br><p><a href=\"https:\/\/www.google.com\/maps\/search\/?api=1&query=Google&query_place_id=ChIJr3Q6ks5riUYRPetWjM0WDZM\">Katso sijainti kartalla <span>&#8599;<\/span><\/a><\/p><\/p><p><\/p><\/div><div class=\"info-page-location\"><h3>PlusTerveys Haukiputaan Hammasl\u00e4\u00e4k\u00e4rikeskus<\/h3><p>Kirkkotie 4, 90830 Haukipudas<\/p><p><a href=\"tel:08 5472972\">08 5472972<\/a><br><p><a href=\"https:\/\/www.google.com\/maps\/search\/?api=1&query=Google&query_place_id=ChIJwaBFwuMogEYRFR69upFCdhY\">Katso sijainti kartalla <span>&#8599;<\/span><\/a><\/p><\/p><p><\/p><\/div><div class=\"info-page-location\"><h3>PlusTerveys T\u00e4htiHammas<\/h3><p>Torikatu 12, 18100 Heinola<\/p><p><a href=\"tel:03 7157392\">03 7157392<\/a><br><p><a href=\"https:\/\/www.google.com\/maps\/search\/?api=1&query=Google&query_place_id=ChIJo0PmGS4pkEYR6n9GvY_vhzU\">Katso sijainti kartalla <span>&#8599;<\/span><\/a><\/p><\/p><p><\/p><\/div><div class=\"info-page-location\"><h3>PlusTerveys Humaliston Hammasl\u00e4\u00e4k\u00e4rit<\/h3><p>Linnankoskenkatu 11, 00250 Helsinki<\/p><p><a href=\"tel:09 45410515\">09 45410515<\/a><br><p><a href=\"https:\/\/www.google.com\/maps\/search\/?api=1&query=Google&query_place_id=ChIJMXX8VSEKkkYRa3FvVWW7a1s\">Katso sijainti kartalla <span>&#8599;<\/span><\/a><\/p><\/p><p><\/p><\/div><div class=\"info-page-location\"><h3>PlusTerveys Hammax Hammasl\u00e4\u00e4k\u00e4rit<\/h3><p>Yrj\u00f6nkatu 23a, 00100 Helsinki<\/p><p><p><a href=\"https:\/\/www.google.com\/maps\/search\/?api=1&query=Google&query_place_id=EilZcmrDtm5rYXR1IDIzYSA0LCAwMDEwMCBIZWxzaW5raSwgRmlubGFuZCIdGhsKFgoUChIJVVVFfssLkkYRI6neXVFZmPwSATQ\">Katso sijainti kartalla <span>&#8599;<\/span><\/a><\/p><\/p><p><\/p><\/div><div class=\"info-page-location\"><h3>PlusTerveys Iisalmen Hammas<\/h3><p>Kirkkopuistonkatu 15, 74100 Iisalmi<\/p><p><a href=\"tel:017 826 232\/017 824 434\">017 826 232\/017 824 434<\/a><br><p><a href=\"https:\/\/www.google.com\/maps\/search\/?api=1&query=Google&query_place_id=ChIJOz8riv6dg0YRYShbe9iOK1k\">Katso sijainti kartalla <span>&#8599;<\/span><\/a><\/p><\/p><p><\/p><\/div><div class=\"info-page-location\"><h3>PlusTerveys Keskustan Hammasl\u00e4\u00e4k\u00e4rit<\/h3><p>Yliopistonkatu 28 B, 40100 Jyv\u00e4skyl\u00e4<\/p><p><a href=\"tel:010 3207090\">010 3207090<\/a><br><p><a href=\"https:\/\/www.google.com\/maps\/search\/?api=1&query=Google&query_place_id=ChIJFVItRBZ0hUYRlB99FYpy7Ks\">Katso sijainti kartalla <span>&#8599;<\/span><\/a><\/p><\/p><p><\/p><\/div><div class=\"info-page-location\"><h3>PlusTerveys Kaarinantorin Hammas<\/h3><p>Puntarikatu 1, 20780 Kaarina<\/p><p><a href=\"tel:02 2437666\">02 2437666<\/a><br><p><a href=\"https:\/\/www.google.com\/maps\/search\/?api=1&query=Google&query_place_id=ChIJyWUqge5wjEYRW4AZq-fDJ_8\">Katso sijainti kartalla <span>&#8599;<\/span><\/a><\/p><\/p><p><\/p><\/div><div class=\"info-page-location\"><h3>PlusTerveys Kauppakatu 26<\/h3><p>Kauppakatu 26a, 87100 Kajaani<\/p><p><a href=\"tel:08 628243\">08 628243<\/a><br><p><a href=\"https:\/\/www.google.com\/maps\/search\/?api=1&query=Google&query_place_id=ChIJ1_htmgFbgkYRbjbfi_TXjUs\">Katso sijainti kartalla <span>&#8599;<\/span><\/a><\/p><\/p><p><\/p><\/div><div class=\"info-page-location\"><h3>PlusTerveys Pohjolankatu 6<\/h3><p>Pohjolankatu 6, 87100 Kajaani<\/p><p><a href=\"tel:08 6131255\">08 6131255<\/a><br><p><a href=\"https:\/\/www.google.com\/maps\/search\/?api=1&query=Google&query_place_id=EilQb2hqb2xhbmthdHUgNiB0MSwgODcxMDAgS2FqYWFuaSwgRmlubGFuZCIeGhwKFgoUChIJd0HhfRJbgkYRIebf74Ua2pUSAnQx\">Katso sijainti kartalla <span>&#8599;<\/span><\/a><\/p><\/p><p><\/p><\/div><div class=\"info-page-location\"><h3>PlusTerveys Kaustintie<\/h3><p>Kaustintie 5, 69600 Kaustinen<\/p><p><a href=\"tel:044 2314 999\">044 2314 999<\/a><br><p><a href=\"https:\/\/www.google.com\/maps\/search\/?api=1&query=Google&query_place_id=ChIJAYGLI08gh0YRkNxswXi9s-c\">Katso sijainti kartalla <span>&#8599;<\/span><\/a><\/p><\/p><p><\/p><\/div><div class=\"info-page-location\"><h3>PlusTerveys Keminsuun Hammas<\/h3><p>Rovaniementie 36a, 94400 Keminmaa<\/p><p><a href=\"tel:016 271100\">016 271100<\/a><br><p><a href=\"https:\/\/www.google.com\/maps\/search\/?api=1&query=Google&query_place_id=Ei1Sb3ZhbmllbWVudGllIDM2YSAxMCwgOTQ0MDAgS2VtaW5tYWEsIEZpbmxhbmQiHhocChYKFAoSCaMATfmBNdVFEfWaoSFNez85EgIxMA\">Katso sijainti kartalla <span>&#8599;<\/span><\/a><\/p><\/p><p><\/p><\/div><div class=\"info-page-location\"><h3>PlusTerveys Hammasl\u00e4\u00e4k\u00e4ri Lepp\u00e4luoto<\/h3><p>Kauppakaari 13, 04200 Kerava<\/p><p><a href=\"tel:09 2944847\">09 2944847<\/a><br><p><a href=\"https:\/\/www.google.com\/maps\/search\/?api=1&query=Google&query_place_id=ChIJa3KOGnkAkkYRNij_vs2mkIs\">Katso sijainti kartalla <span>&#8599;<\/span><\/a><\/p><\/p><p><\/p><\/div><div class=\"info-page-location\"><h3>PlusTerveys Hammasl\u00e4\u00e4k\u00e4ri Terhi Koskinen<\/h3><p>Myll\u00e4rintie 6, 01800 Klaukkala<\/p><p><a href=\"tel:09 8799051\">09 8799051<\/a><br><p><a href=\"https:\/\/www.google.com\/maps\/search\/?api=1&query=Google&query_place_id=ChIJtwi7pRv7jUYRmIRQRODum3U\">Katso sijainti kartalla <span>&#8599;<\/span><\/a><\/p><\/p><p><\/p><\/div><div class=\"info-page-location\"><h3>PlusTerveys Uudenmaan Hammaspalvelu Klaukkala<\/h3><p>Leps\u00e4m\u00e4ntie 1, 01800 Klaukkala<\/p><p><a href=\"tel:020 741 1420\">020 741 1420<\/a><br><p><a href=\"https:\/\/www.google.com\/maps\/search\/?api=1&query=Google&query_place_id=ChIJ5diVZRn7jUYRxqMUINXPlpc\">Katso sijainti kartalla <span>&#8599;<\/span><\/a><\/p><\/p><p><\/p><\/div><div class=\"info-page-location\"><h3>PlusTerveys Kuopion Hymyhammas<\/h3><p>Tulliportinkatu 26, 70100 Kuopio<\/p><p><a href=\"tel:017 2617022\">017 2617022<\/a><br><p><a href=\"https:\/\/www.google.com\/maps\/search\/?api=1&query=Google&query_place_id=ChIJHRQ7PoqwhEYRBD_yq9t77oU\">Katso sijainti kartalla <span>&#8599;<\/span><\/a><\/p><\/p><p><\/p><\/div><div class=\"info-page-location\"><h3>PlusTerveys Hammasl\u00e4\u00e4k\u00e4riasema Dentor<\/h3><p>Torikatu 3, 15110 Lahti<\/p><p><a href=\"tel:03 875130\">03 875130<\/a><br><p><a href=\"https:\/\/www.google.com\/maps\/search\/?api=1&query=Google&query_place_id=ChIJp-ynwFMojkYR8doSwXNlMUY\">Katso sijainti kartalla <span>&#8599;<\/span><\/a><\/p><\/p><p><\/p><\/div><div class=\"info-page-location\"><h3>PlusTerveys Hammasl\u00e4\u00e4k\u00e4riasema Vihre\u00e4 Omena<\/h3><p>Mariankatu 19 B 31, 15110 Lahti<\/p><p><a href=\"tel:03 7341143\">03 7341143<\/a><br><p><a href=\"https:\/\/www.google.com\/maps\/search\/?api=1&query=Google&query_place_id=ChIJgST3w1MojkYRM_ag5d1OAPA\">Katso sijainti kartalla <span>&#8599;<\/span><\/a><\/p><\/p><p><\/p><\/div><div class=\"info-page-location\"><h3>PlusTerveys Laitilan Hammas<\/h3><p>Vihtorinkatu 1, 23800 Laitila<\/p><p><a href=\"tel:02 854567\">02 854567<\/a><br><p><a href=\"https:\/\/www.google.com\/maps\/search\/?api=1&query=Google&query_place_id=ChIJT6UIZjbDi0YR-HEZ6eFiNg4\">Katso sijainti kartalla <span>&#8599;<\/span><\/a><\/p><\/p><p><\/p><\/div><div class=\"info-page-location\"><h3>PlusTerveys Helmen Hammasl\u00e4\u00e4k\u00e4rit<\/h3><p>Laurinkatu 32, 08100 Lohja<\/p><p><a href=\"tel:019 321456\">019 321456<\/a><br><p><a href=\"https:\/\/www.google.com\/maps\/search\/?api=1&query=Google&query_place_id=ChIJERt1m3q_jUYRhwEwta9AiMQ\">Katso sijainti kartalla <span>&#8599;<\/span><\/a><\/p><\/p><p><\/p><\/div><div class=\"info-page-location\"><h3>PlusTerveys Lohjanhammas<\/h3><p>Kauppakatu 13, 08100 Lohja<\/p><p><a href=\"tel:019 321232\">019 321232<\/a><br><p><a href=\"https:\/\/www.google.com\/maps\/search\/?api=1&query=Google&query_place_id=ChIJdYBku3u_jUYRTcwYfqE4zoU\">Katso sijainti kartalla <span>&#8599;<\/span><\/a><\/p><\/p><p><\/p><\/div><div class=\"info-page-location\"><h3>PlusTerveys Hallitustorin Hammasl\u00e4\u00e4k\u00e4riasema<\/h3><p>Porrassalmenkatu 13, 50100 Mikkeli<\/p><p><a href=\"tel:015 367060\">015 367060<\/a><br><p><a href=\"https:\/\/www.google.com\/maps\/search\/?api=1&query=Google&query_place_id=ChIJxT49inWhmkYRmTpvDrlJQ1A\">Katso sijainti kartalla <span>&#8599;<\/span><\/a><\/p><\/p><p><\/p><\/div><div class=\"info-page-location\"><h3>PlusTerveys Maaherrankatu 7 Mikkeli<\/h3><p>Maaherrankatu 7, 50100 Mikkeli<\/p><p><a href=\"tel:015 163490\">015 163490<\/a><br><p><a href=\"https:\/\/www.google.com\/maps\/search\/?api=1&query=Google&query_place_id=ChIJaQH7inWhmkYRmaiQj6lkRS8\">Katso sijainti kartalla <span>&#8599;<\/span><\/a><\/p><\/p><p><\/p><\/div><div class=\"info-page-location\"><h3>PlusTerveys M\u00e4nts\u00e4l\u00e4n Hymyhammas<\/h3><p>Keskuskatu 11 B, 04600 M\u00e4nts\u00e4l\u00e4<\/p><p><a href=\"tel:019 6871288\">019 6871288<\/a><br><p><a href=\"https:\/\/www.google.com\/maps\/search\/?api=1&query=Google&query_place_id=ChIJdcEYv2gdjkYR3dcFq9GpgD4\">Katso sijainti kartalla <span>&#8599;<\/span><\/a><\/p><\/p><p><\/p><\/div><div class=\"info-page-location\"><h3>PlusTerveys Naantali<\/h3><p>Tuulensuunkatu 8, 21100 Naantali<\/p><p><a href=\"tel:02 4353450\">02 4353450<\/a><br><p><a href=\"https:\/\/www.google.com\/maps\/search\/?api=1&query=Google&query_place_id=ChIJgU2KRsSIi0YRUpP-K0Lpn-8\">Katso sijainti kartalla <span>&#8599;<\/span><\/a><\/p><\/p><p><\/p><\/div><div class=\"info-page-location\"><h3>PlusTerveys Uudenmaan Hammaspalvelu Nurmij\u00e4rvi<\/h3><p>Keskustie 5, 01900 Nurmij\u00e4rvi<\/p><p><a href=\"tel:020 7411420\">020 7411420<\/a><br><p><a href=\"https:\/\/www.google.com\/maps\/search\/?api=1&query=Google&query_place_id=ChIJywkhmSf9jUYROm-oCtBlWOA\">Katso sijainti kartalla <span>&#8599;<\/span><\/a><\/p><\/p><p><\/p><\/div><div class=\"info-page-location\"><h3>PlusTerveys Pakkahuoneenkatu<\/h3><p>Pakkahuoneenkatu 10, 90100 Oulu<\/p><p><a href=\"tel:040 7200105 HammasFissura\">040 7200105 HammasFissura<\/a><br><p><a href=\"https:\/\/www.google.com\/maps\/search\/?api=1&query=Google&query_place_id=ChIJhZZUsa8ygEYRNb_y6Xkasu8\">Katso sijainti kartalla <span>&#8599;<\/span><\/a><\/p><\/p><p><\/p><\/div><div class=\"info-page-location\"><h3>PlusTerveys Tandklinik Hammasklinikka Mats Moisio<\/h3><p>Runeberginkatu 11, 68600 Pietarsaari<\/p><p><a href=\"tel:06 7245226\">06 7245226<\/a><br><p><a href=\"https:\/\/www.google.com\/maps\/search\/?api=1&query=Google&query_place_id=ChIJCRQo3xpoh0YRwHZJq8mru50\">Katso sijainti kartalla <span>&#8599;<\/span><\/a><\/p><\/p><p><\/p><\/div><div class=\"info-page-location\"><h3>PlusTerveys Raahen Hammasl\u00e4\u00e4k\u00e4rikeskus<\/h3><p>Kirkkokatu 45, 92100 Raahe<\/p><p><a href=\"tel:08 2238848\">08 2238848<\/a><br><p><a href=\"https:\/\/www.google.com\/maps\/search\/?api=1&query=Google&query_place_id=ChIJz-KBKFxZgEYRFlkLkh1mrGE\">Katso sijainti kartalla <span>&#8599;<\/span><\/a><\/p><\/p><p><\/p><\/div><div class=\"info-page-location\"><h3>PlusTerveys Hammasasema Status<\/h3><p>H\u00e4meenkatu 10, 11100 Riihim\u00e4ki<\/p><p><a href=\"tel:019 333181\">019 333181<\/a><br><p><a href=\"https:\/\/www.google.com\/maps\/search\/?api=1&query=Google&query_place_id=ChIJ55IlMYwSjkYRktRMAAyYbi0\">Katso sijainti kartalla <span>&#8599;<\/span><\/a><\/p><\/p><p><\/p><\/div><div class=\"info-page-location\"><h3>PlusTerveys Riihim\u00e4en Hammaspalvelu<\/h3><p>Temppelikatu 10, 11100 Riihim\u00e4ki<\/p><p><a href=\"tel:019 779080\">019 779080<\/a><br><p><a href=\"https:\/\/www.google.com\/maps\/search\/?api=1&query=Google&query_place_id=ChIJ6byBwY0SjkYRGGlNwJKF_Nw\">Katso sijainti kartalla <span>&#8599;<\/span><\/a><\/p><\/p><p><\/p><\/div><div class=\"info-page-location\"><h3>PlusTerveys Koskikatu Rovaniemi<\/h3><p>Koskikatu 18, 96200 Rovaniemi<\/p><p><a href=\"tel:016 313950\">016 313950<\/a><br><p><a href=\"https:\/\/www.google.com\/maps\/search\/?api=1&query=Google&query_place_id=ChIJIRb5svNLK0QRxAQF6BqRCpA\">Katso sijainti kartalla <span>&#8599;<\/span><\/a><\/p><\/p><p><\/p><\/div><div class=\"info-page-location\"><h3><\/h3><p><\/p><p><\/p><\/div><div class=\"info-page-location\"><h3>PlusTerveys Hammasasema Valo<\/h3><p>H\u00e4meenkatu 17, 33200 Tampere<\/p><p><a href=\"tel:03 2227275\/03 223 1666\/03 2234841\">03 2227275\/03 223 1666\/03 2234841<\/a><br><p><a href=\"https:\/\/www.google.com\/maps\/search\/?api=1&query=Google&query_place_id=ChIJ__9vIKzYjkYRxNU2R5pHidI\">Katso sijainti kartalla <span>&#8599;<\/span><\/a><\/p><\/p><p><\/p><\/div><div class=\"info-page-location\"><h3>Tampere H\u00e4meensuu<\/h3><p>H\u00e4meenkatu 18, 33200 Tampere<\/p><p><p><a href=\"https:\/\/www.google.com\/maps\/search\/?api=1&query=Google&query_place_id=ChIJ5bcxEKzYjkYRjxGazy4de3s\">Katso sijainti kartalla <span>&#8599;<\/span><\/a><\/p><\/p><p><\/p><\/div><div class=\"info-page-location\"><h3>Tampere Koskensuu<\/h3><p>Keskustori 5 A, 33100 Tampere<\/p><p><p><a href=\"https:\/\/www.google.com\/maps\/search\/?api=1&query=Google&query_place_id=ChIJc7FmEqzYjkYRWXXLtip8DYQ\">Katso sijainti kartalla <span>&#8599;<\/span><\/a><\/p><\/p><p><\/p><\/div><div class=\"info-page-location\"><h3>PlusTerveys Tesomaj\u00e4rvenkatu<\/h3><p>Tesomaj\u00e4rvenkatu 10, 33310 Tampere<\/p><p><a href=\"tel:03 3441320\">03 3441320<\/a><br><p><a href=\"https:\/\/www.google.com\/maps\/search\/?api=1&query=Google&query_place_id=ChIJIVqcmT3YjkYRcnu_9MhmWoc\">Katso sijainti kartalla <span>&#8599;<\/span><\/a><\/p><\/p><p><\/p><\/div><div class=\"info-page-location\"><h3>PlusTerveys Nastahammas Brahenkatu<\/h3><p>Brahenkatu 13, 20100 Turku<\/p><p><a href=\"tel:02 2119100\">02 2119100<\/a><br><p><a href=\"https:\/\/www.google.com\/maps\/search\/?api=1&query=Google&query_place_id=ChIJubzYh_l2jEYR6o9CTL1h3ks\">Katso sijainti kartalla <span>&#8599;<\/span><\/a><\/p><\/p><p><\/p><\/div><div class=\"info-page-location\"><h3>PlusTerveys Hyryl\u00e4n Hammas<\/h3><p>Nahkurintie 2A, 04300 Hyryl\u00e4<\/p><p><a href=\"tel:09 2755655\">09 2755655<\/a><br><p><a href=\"https:\/\/www.google.com\/maps\/search\/?api=1&query=Google&query_place_id=ChIJlzxAsBD_jUYRy7oFnS-vaYs\">Katso sijainti kartalla <span>&#8599;<\/span><\/a><\/p><\/p><p><\/p><\/div><div class=\"info-page-location\"><h3>PlusTerveys AAA Hammasl\u00e4\u00e4k\u00e4rit<\/h3><p>Hovioikeudenpuistikko 20, 65100 Vaasa<\/p><p><a href=\"tel:06 3120300\">06 3120300<\/a><br><p><a href=\"https:\/\/www.google.com\/maps\/search\/?api=1&query=Google&query_place_id=ChIJCYIuMiXOhUMRhO-awnYWlTQ\">Katso sijainti kartalla <span>&#8599;<\/span><\/a><\/p><\/p><p><\/p><\/div><div class=\"info-page-location\"><h3>PlusTerveys Is\u00e4nt\u00e4tie<\/h3><p>Is\u00e4nt\u00e4tie 1, 62800 Vimpeli<\/p><p><a href=\"tel:06 5652099\">06 5652099<\/a><br><p><a href=\"https:\/\/www.google.com\/maps\/search\/?api=1&query=Google&query_place_id=ChIJJcu2gBP3hkYR_X1cY37gaMc\">Katso sijainti kartalla <span>&#8599;<\/span><\/a><\/p><\/p><p><\/p><\/div><div class=\"info-page-location\"><h3>PlusTerveys Mellantie 4 Ylitornio<\/h3><p>Mellantie 4, 95600 Ylitornio<\/p><p><a href=\"tel:016 572800\">016 572800<\/a><br><p><a href=\"https:\/\/www.google.com\/maps\/search\/?api=1&query=Google&query_place_id=ChIJCYcgoIsB1UURnN75_Qie3I0\">Katso sijainti kartalla <span>&#8599;<\/span><\/a><\/p><\/p><p><\/p><\/div><\/div>\t\t\t<\/div>\n\n\t\t\t<div class=\"wp-block-column\">\n\t\t\t\t<figure class=\"wp-block-image size-large\"><img loading=\"lazy\" decoding=\"async\" width=\"768\" height=\"512\" src=\"https:\/\/marketplace.epassi.fi\/plusterveys\/wp-content\/uploads\/sites\/198\/2021\/12\/MicrosoftTeams-image-768x512.jpg\" class=\"attachment-medium_large size-medium_large\" alt=\"\" \/><\/figure>\n\t\t\t<\/div>\n\t\t<\/div>\n\t<\/div>\n\t\n","protected":false},"excerpt":{"rendered":"","protected":false},"author":2,"featured_media":0,"parent":0,"menu_order":0,"comment_status":"closed","ping_status":"closed","template":"","meta":{"_acf_changed":false,"_kad_post_transparent":"","_kad_post_title":"","_kad_post_layout":"","_kad_post_sidebar_id":"","_kad_post_content_style":"","_kad_post_vertical_padding":"","_kad_post_feature":"","_kad_post_feature_position":"","_kad_post_header":false,"_kad_post_footer":false,"_kad_post_classname":"","footnotes":""},"class_list":["post-22","page","type-page","status-publish","hentry"],"acf":[],"_links":{"self":[{"href":"https:\/\/marketplace.epassi.fi\/plusterveys\/wp-json\/wp\/v2\/pages\/22","targetHints":{"allow":["GET"]}}],"collection":[{"href":"https:\/\/marketplace.epassi.fi\/plusterveys\/wp-json\/wp\/v2\/pages"}],"about":[{"href":"https:\/\/marketplace.epassi.fi\/plusterveys\/wp-json\/wp\/v2\/types\/page"}],"author":[{"embeddable":true,"href":"https:\/\/marketplace.epassi.fi\/plusterveys\/wp-json\/wp\/v2\/users\/2"}],"replies":[{"embeddable":true,"href":"https:\/\/marketplace.epassi.fi\/plusterveys\/wp-json\/wp\/v2\/comments?post=22"}],"version-history":[{"count":10,"href":"https:\/\/marketplace.epassi.fi\/plusterveys\/wp-json\/wp\/v2\/pages\/22\/revisions"}],"predecessor-version":[{"id":264,"href":"https:\/\/marketplace.epassi.fi\/plusterveys\/wp-json\/wp\/v2\/pages\/22\/revisions\/264"}],"wp:attachment":[{"href":"https:\/\/marketplace.epassi.fi\/plusterveys\/wp-json\/wp\/v2\/media?parent=22"}],"curies":[{"name":"wp","href":"https:\/\/api.w.org\/{rel}","templated":true}]}}