{"id":361,"date":"2023-03-02T16:38:41","date_gmt":"2023-03-02T14:38:41","guid":{"rendered":"https:\/\/marketplace.epassi.fi\/power-recover\/?post_type=product&#038;p=361"},"modified":"2024-09-01T00:06:21","modified_gmt":"2024-08-31T21:06:21","slug":"3-kk-kuntoilu-ja-lihashuolto-ohjelma-hierontavasaran-kayttajille","status":"publish","type":"product","link":"https:\/\/marketplace.epassi.fi\/power-recover\/kauppa\/liikuntaedut\/liikunta-muut\/3-kk-kuntoilu-ja-lihashuolto-ohjelma-hierontavasaran-kayttajille\/","title":{"rendered":"3 kk kuntoilu ja lihashuolto-ohjelma hierontavasaran k\u00e4ytt\u00e4jille"},"content":{"rendered":"<p>Ota 4 viikon startti parempaan lihasten palautumiseen ja kehon yleisvointiin. Joonatan Suvisen ja muiden ammattiurheilijoiden kehitt\u00e4m\u00e4t kuntoilu ja lihashuolto-ohjelmat tukevat lihasten palautumista liikunnallisen el\u00e4m\u00e4n ohella. Tee kehostasi niin hyvin voiva, ett\u00e4 voit joka p\u00e4iv\u00e4 ylitt\u00e4\u00e4 omat tavoitteesi.<\/p>\n<p>Suomen parhaiden ammattiurheilijoiden kanssa kehitetty lihashierontalaite tukee lihasten nopeaa palautumista, jotta voit ottaa jokaisesta p\u00e4iv\u00e4st\u00e4 kaiken irti. 4 viikon starttiohjelmalla saat koko kehon treenivideot ja palautusohjelmat k\u00e4ytt\u00f6\u00f6si. Palautus ohjelmat sis\u00e4lt\u00e4\u00e4 hierontavasaralla teht\u00e4v\u00e4t hieronta opastukset ja lihashuolto-ohjelman.<\/p>\n<p><span style=\"font-weight: 400;\">Joonatan Suvisen tekem\u00e4t kaikille sopivat treeni ja palautumisohjelmilla saat kehostasi hyvinvoivan ja helpomman startin kes\u00e4kunnon kasvatukseen.\u00a0<\/span><\/p>\n<p>&nbsp;<\/p>\n<p><span style=\"font-weight: 400;\">3 kuukauden startti ohjelma 59e sis\u00e4lt\u00e4\u00e4.\u00a0 Saatavilla my\u00f6s 29e 4 viikon ohjelma.\u00a0<\/span><\/p>\n<p><span style=\"font-weight: 400;\">-Ammatti personal traineri Joonatan Suvisen treeni ja palautumis ohjelman.<\/span><\/p>\n<p>-Treeni ja vinkki videoita my\u00f6s muilta ammattiurheilijoilta<\/p>\n<p><span style=\"font-weight: 400;\">-Video opastuksen koko kehon huoltoon hierontalaitteella.\u00a0<\/span><\/p>\n<p><span style=\"font-weight: 400;\">-Video treeni\u00e4 ja palautumista varten.\u00a0\u00a0<\/span><\/p>\n<p><span style=\"font-weight: 400;\">-Henkil\u00f6kohtaisen tuen et\u00e4n\u00e4 palautumiseen ja laitteen k\u00e4ytt\u00f6\u00f6n.\u00a0<\/span><\/p>\n<p>-Henkil\u00f6kohtaisia etuja liikunta ja hierontav\u00e4lineisiin.<\/p>\n<p>&nbsp;<\/p>\n<p>Jos sinulla ei viel\u00e4 ole omaa hierontavasaraa voit kysy\u00e4 sellaista lainaan aspasta tai ostaa omasi verkkokaupasta. Huomioithan ett\u00e4 ePassilla ei voi maksaa hierontavasaraa.\u00a0 info@power-recover.fi<\/p>\n<p>Lis\u00e4\u00e4 tietoa<\/p>\n<p>https:\/\/www.power-recover.fi\/?locale=fi<\/p>\n<p>Toimitus aika 2-3 arkip\u00e4iv\u00e4\u00e4.<\/p>\n<p>K\u00e4y sivuillamme tutustumassa ja lukemassa k\u00e4ytt\u00f6kokemuksista.<\/p>\n<p>https:\/\/www.power-recover.fi\/?locale=fi<\/p>\n<p>&nbsp;<\/p>\n<p>&nbsp;<\/p>\n","protected":false},"excerpt":{"rendered":"<p>Ota 4 viikon startti parempaan lihasten palautumiseen ja kehon yleisvointiin. Joonatan Suvisen ja muiden ammattiurheilijoiden kehitt\u00e4m\u00e4t kuntoilu ja lihashuolto-ohjelmat tukevat lihasten palautumista liikunnallisen el\u00e4m\u00e4n ohella. Tee kehostasi niin hyvin voiva, ett\u00e4 voit joka p\u00e4iv\u00e4 ylitt\u00e4\u00e4 omat tavoitteesi. Suomen parhaiden ammattiurheilijoiden kanssa kehitetty lihashierontalaite tukee lihasten nopeaa palautumista, jotta voit ottaa jokaisesta p\u00e4iv\u00e4st\u00e4 kaiken irti. 4&#8230;<\/p>\n","protected":false},"featured_media":334,"comment_status":"open","ping_status":"closed","template":"","meta":{"_acf_changed":false,"_kad_post_transparent":"default","_kad_post_title":"","_kad_post_layout":"default","_kad_post_sidebar_id":"","_kad_post_content_style":"default","_kad_post_vertical_padding":"default","_kad_post_feature":"","_kad_post_feature_position":"","_kad_post_header":false,"_kad_post_footer":false,"_kad_post_classname":""},"product_brand":[],"product_cat":[29,19,28],"product_tag":[],"class_list":{"0":"post-361","1":"product","2":"type-product","3":"status-publish","4":"has-post-thumbnail","6":"product_cat-liikunta-muut","7":"product_cat-liikuntaedut","8":"product_cat-verkkotreenit","10":"first","11":"instock","12":"taxable","13":"shipping-taxable","14":"purchasable","15":"product-type-simple","16":"entry","17":"content-bg","18":"loop-entry"},"acf":[],"_links":{"self":[{"href":"https:\/\/marketplace.epassi.fi\/power-recover\/wp-json\/wp\/v2\/product\/361","targetHints":{"allow":["GET"]}}],"collection":[{"href":"https:\/\/marketplace.epassi.fi\/power-recover\/wp-json\/wp\/v2\/product"}],"about":[{"href":"https:\/\/marketplace.epassi.fi\/power-recover\/wp-json\/wp\/v2\/types\/product"}],"replies":[{"embeddable":true,"href":"https:\/\/marketplace.epassi.fi\/power-recover\/wp-json\/wp\/v2\/comments?post=361"}],"wp:featuredmedia":[{"embeddable":true,"href":"https:\/\/marketplace.epassi.fi\/power-recover\/wp-json\/wp\/v2\/media\/334"}],"wp:attachment":[{"href":"https:\/\/marketplace.epassi.fi\/power-recover\/wp-json\/wp\/v2\/media?parent=361"}],"wp:term":[{"taxonomy":"product_brand","embeddable":true,"href":"https:\/\/marketplace.epassi.fi\/power-recover\/wp-json\/wp\/v2\/product_brand?post=361"},{"taxonomy":"product_cat","embeddable":true,"href":"https:\/\/marketplace.epassi.fi\/power-recover\/wp-json\/wp\/v2\/product_cat?post=361"},{"taxonomy":"product_tag","embeddable":true,"href":"https:\/\/marketplace.epassi.fi\/power-recover\/wp-json\/wp\/v2\/product_tag?post=361"}],"curies":[{"name":"wp","href":"https:\/\/api.w.org\/{rel}","templated":true}]}}