{"id":274,"date":"2021-10-16T11:14:50","date_gmt":"2021-10-16T11:14:50","guid":{"rendered":"https:\/\/marketplace.epassi.fi\/powercenter\/?post_type=product&#038;p=274"},"modified":"2026-01-01T05:01:48","modified_gmt":"2026-01-01T03:01:48","slug":"kuntosali-ja-ryhmaliikunta-12-kk-laskutussopimus-ilman-sitoutumista-7490-e","status":"publish","type":"product","link":"https:\/\/marketplace.epassi.fi\/powercenter\/kauppa\/liikuntaedut\/kuntosali\/kuntosali-ja-ryhmaliikunta-12-kk-laskutussopimus-ilman-sitoutumista-7490-e\/","title":{"rendered":"Kuntosalij\u00e4senyys ilman sitoutumista (toistuva korttiveloitus)"},"content":{"rendered":"<p>Jatkuva kuntosalij\u00e4senyys ilman sitoutumista. Koko p\u00e4iv\u00e4n kuntosalikortti klo 04.30-24.00.<br \/>\nOstos on voimassa 12 kk (365 pv) ostohetkest\u00e4. Kuntosalij\u00e4senyys on k\u00e4ytett\u00e4viss\u00e4 Power Center sovelluksella.<\/p>\n<p><b>Olen tutustunut Power Center Oy:n verkkokaupan ehtoihin sek\u00e4 asiakassopimusehtoihin ja suorittamalla maksun hyv\u00e4ksyn ne.<\/b><\/p>\n<p>Hinnastomme l\u00f6yd\u00e4t t\u00e4\u00e4lt\u00e4: <a href=\"https:\/\/powercenter.fi\/hinnat\/\">https:\/\/powercenter.fi\/hinnat\/<\/a><br \/>\n<b>Sopimusehdot ja s\u00e4\u00e4nn\u00f6t l\u00f6yd\u00e4t t\u00e4\u00e4lt\u00e4: <\/b>https:\/\/powercenter.fi\/sopimusehdot-ja-saannot\/<\/p>\n","protected":false},"excerpt":{"rendered":"<p>Jatkuva kuntosalij\u00e4senyys ilman sitoutumista. Koko p\u00e4iv\u00e4n kuntosalikortti klo 04.30-24.00. Ostos on voimassa 12 kk (365 pv) ostohetkest\u00e4. Kuntosalij\u00e4senyys on k\u00e4ytett\u00e4viss\u00e4 Power Center sovelluksella. Olen tutustunut Power Center Oy:n verkkokaupan ehtoihin sek\u00e4 asiakassopimusehtoihin ja suorittamalla maksun hyv\u00e4ksyn ne. Hinnastomme l\u00f6yd\u00e4t t\u00e4\u00e4lt\u00e4: https:\/\/powercenter.fi\/hinnat\/ Sopimusehdot ja s\u00e4\u00e4nn\u00f6t l\u00f6yd\u00e4t t\u00e4\u00e4lt\u00e4: https:\/\/powercenter.fi\/sopimusehdot-ja-saannot\/<\/p>\n","protected":false},"featured_media":336,"comment_status":"open","ping_status":"closed","template":"","meta":{"_acf_changed":false,"_kad_post_transparent":"default","_kad_post_title":"","_kad_post_layout":"default","_kad_post_sidebar_id":"","_kad_post_content_style":"default","_kad_post_vertical_padding":"default","_kad_post_feature":"","_kad_post_feature_position":"","_kad_post_header":false,"_kad_post_footer":false,"_kad_post_classname":""},"product_brand":[],"product_cat":[23,19],"product_tag":[],"class_list":{"0":"post-274","1":"product","2":"type-product","3":"status-publish","4":"has-post-thumbnail","6":"product_cat-kuntosali","7":"product_cat-liikuntaedut","9":"first","10":"instock","11":"taxable","12":"shipping-taxable","13":"purchasable","14":"product-type-simple","15":"entry","16":"content-bg","17":"loop-entry"},"acf":[],"_links":{"self":[{"href":"https:\/\/marketplace.epassi.fi\/powercenter\/wp-json\/wp\/v2\/product\/274","targetHints":{"allow":["GET"]}}],"collection":[{"href":"https:\/\/marketplace.epassi.fi\/powercenter\/wp-json\/wp\/v2\/product"}],"about":[{"href":"https:\/\/marketplace.epassi.fi\/powercenter\/wp-json\/wp\/v2\/types\/product"}],"replies":[{"embeddable":true,"href":"https:\/\/marketplace.epassi.fi\/powercenter\/wp-json\/wp\/v2\/comments?post=274"}],"wp:featuredmedia":[{"embeddable":true,"href":"https:\/\/marketplace.epassi.fi\/powercenter\/wp-json\/wp\/v2\/media\/336"}],"wp:attachment":[{"href":"https:\/\/marketplace.epassi.fi\/powercenter\/wp-json\/wp\/v2\/media?parent=274"}],"wp:term":[{"taxonomy":"product_brand","embeddable":true,"href":"https:\/\/marketplace.epassi.fi\/powercenter\/wp-json\/wp\/v2\/product_brand?post=274"},{"taxonomy":"product_cat","embeddable":true,"href":"https:\/\/marketplace.epassi.fi\/powercenter\/wp-json\/wp\/v2\/product_cat?post=274"},{"taxonomy":"product_tag","embeddable":true,"href":"https:\/\/marketplace.epassi.fi\/powercenter\/wp-json\/wp\/v2\/product_tag?post=274"}],"curies":[{"name":"wp","href":"https:\/\/api.w.org\/{rel}","templated":true}]}}